{"id":77,"date":"2021-05-27T10:39:58","date_gmt":"2021-05-27T08:39:58","guid":{"rendered":"http:\/\/fzb.mt-it-consulting.de\/?page_id=77"},"modified":"2022-12-15T13:20:14","modified_gmt":"2022-12-15T12:20:14","slug":"pkw-lkw-trailer-service","status":"publish","type":"page","link":"https:\/\/fzb.mt-it-consulting.de\/index.php\/pkw-lkw-trailer-service\/","title":{"rendered":"PKW-LKW-Trailer-Service"},"content":{"rendered":"\n<div class=\"wp-block-columns is-layout-flex wp-container-core-columns-is-layout-9d6595d7 wp-block-columns-is-layout-flex\">\n<div class=\"wp-block-column is-layout-flow wp-block-column-is-layout-flow\">\n<figure class=\"wp-block-image size-large\"><img loading=\"lazy\" decoding=\"async\" width=\"1024\" height=\"768\" src=\"http:\/\/fzb.mt-it-consulting.de\/wp-content\/uploads\/2022\/09\/PKW-und-Anhaegerreparatur-1024x768.jpg\" alt=\"\" class=\"wp-image-604\" srcset=\"https:\/\/fzb.mt-it-consulting.de\/wp-content\/uploads\/2022\/09\/PKW-und-Anhaegerreparatur-1024x768.jpg?v=1664369459 1024w, https:\/\/fzb.mt-it-consulting.de\/wp-content\/uploads\/2022\/09\/PKW-und-Anhaegerreparatur-300x225.jpg?v=1664369459 300w, https:\/\/fzb.mt-it-consulting.de\/wp-content\/uploads\/2022\/09\/PKW-und-Anhaegerreparatur-768x576.jpg?v=1664369459 768w, https:\/\/fzb.mt-it-consulting.de\/wp-content\/uploads\/2022\/09\/PKW-und-Anhaegerreparatur.jpg?v=1664369459 1080w\" sizes=\"auto, (max-width: 1024px) 100vw, 1024px\" \/><figcaption class=\"wp-element-caption\">PKW und Anh\u00e4ngerkupplungs Reparatur<\/figcaption><\/figure>\n<\/div>\n\n\n\n<div class=\"wp-block-column is-layout-flow wp-block-column-is-layout-flow\">\n<figure class=\"wp-block-image size-full\"><img loading=\"lazy\" decoding=\"async\" width=\"1024\" height=\"768\" src=\"http:\/\/fzb.mt-it-consulting.de\/wp-content\/uploads\/2022\/11\/Achsschenkelreparatur.jpg\" alt=\"\" class=\"wp-image-1562\" srcset=\"https:\/\/fzb.mt-it-consulting.de\/wp-content\/uploads\/2022\/11\/Achsschenkelreparatur.jpg?v=1669034177 1024w, https:\/\/fzb.mt-it-consulting.de\/wp-content\/uploads\/2022\/11\/Achsschenkelreparatur-300x225.jpg?v=1669034177 300w, https:\/\/fzb.mt-it-consulting.de\/wp-content\/uploads\/2022\/11\/Achsschenkelreparatur-768x576.jpg?v=1669034177 768w\" sizes=\"auto, (max-width: 1024px) 100vw, 1024px\" \/><figcaption class=\"wp-element-caption\">Achsreparatur<\/figcaption><\/figure>\n<\/div>\n\n\n\n<div class=\"wp-block-column is-layout-flow wp-block-column-is-layout-flow\">\n<figure class=\"wp-block-image size-full\"><img loading=\"lazy\" decoding=\"async\" width=\"1024\" height=\"768\" src=\"http:\/\/fzb.mt-it-consulting.de\/wp-content\/uploads\/2022\/10\/PKW-LKW-Trailer-Service-Kupplungsreparatur.jpg\" alt=\"\" class=\"wp-image-1391\" srcset=\"https:\/\/fzb.mt-it-consulting.de\/wp-content\/uploads\/2022\/10\/PKW-LKW-Trailer-Service-Kupplungsreparatur.jpg?v=1666075842 1024w, https:\/\/fzb.mt-it-consulting.de\/wp-content\/uploads\/2022\/10\/PKW-LKW-Trailer-Service-Kupplungsreparatur-300x225.jpg?v=1666075842 300w, https:\/\/fzb.mt-it-consulting.de\/wp-content\/uploads\/2022\/10\/PKW-LKW-Trailer-Service-Kupplungsreparatur-768x576.jpg?v=1666075842 768w\" sizes=\"auto, (max-width: 1024px) 100vw, 1024px\" \/><figcaption class=\"wp-element-caption\">Kupplungsreparatur<\/figcaption><\/figure>\n<\/div>\n<\/div>\n\n\n\n<div class=\"wp-block-columns is-layout-flex wp-container-core-columns-is-layout-9d6595d7 wp-block-columns-is-layout-flex\">\n<div class=\"wp-block-column is-layout-flow wp-block-column-is-layout-flow\">\n<figure class=\"wp-block-image size-full\"><img loading=\"lazy\" decoding=\"async\" width=\"1024\" height=\"768\" src=\"http:\/\/fzb.mt-it-consulting.de\/wp-content\/uploads\/2022\/11\/Wellpappe.jpg\" alt=\"\" class=\"wp-image-1566\" srcset=\"https:\/\/fzb.mt-it-consulting.de\/wp-content\/uploads\/2022\/11\/Wellpappe.jpg?v=1669034292 1024w, https:\/\/fzb.mt-it-consulting.de\/wp-content\/uploads\/2022\/11\/Wellpappe-300x225.jpg?v=1669034292 300w, https:\/\/fzb.mt-it-consulting.de\/wp-content\/uploads\/2022\/11\/Wellpappe-768x576.jpg?v=1669034292 768w\" sizes=\"auto, (max-width: 1024px) 100vw, 1024px\" \/><figcaption class=\"wp-element-caption\">Reparatur Sattelauflieger<\/figcaption><\/figure>\n<\/div>\n\n\n\n<div class=\"wp-block-column is-layout-flow wp-block-column-is-layout-flow\">\n<figure class=\"wp-block-image size-full\"><img loading=\"lazy\" decoding=\"async\" width=\"1024\" height=\"768\" src=\"http:\/\/fzb.mt-it-consulting.de\/wp-content\/uploads\/2022\/11\/Aufbaureparatur.jpg\" alt=\"\" class=\"wp-image-1564\" srcset=\"https:\/\/fzb.mt-it-consulting.de\/wp-content\/uploads\/2022\/11\/Aufbaureparatur.jpg?v=1669034212 1024w, https:\/\/fzb.mt-it-consulting.de\/wp-content\/uploads\/2022\/11\/Aufbaureparatur-300x225.jpg?v=1669034212 300w, https:\/\/fzb.mt-it-consulting.de\/wp-content\/uploads\/2022\/11\/Aufbaureparatur-768x576.jpg?v=1669034212 768w\" sizes=\"auto, (max-width: 1024px) 100vw, 1024px\" \/><figcaption class=\"wp-element-caption\">Aufbaureparatur<\/figcaption><\/figure>\n<\/div>\n\n\n\n<div class=\"wp-block-column is-layout-flow wp-block-column-is-layout-flow\"><\/div>\n<\/div>\n\n\n\n<p class=\"has-white-color has-text-color has-background\" style=\"background-color:#00387b\">Wir sind eine freie Kfz-Werkstatt, die der Kfz-Innung f\u00fcr Unterfranken angeh\u00f6rt und reparieren&nbsp;<strong>Fahrzeuge s\u00e4mtlicher Hersteller.<\/strong> <br>Hierf\u00fcr verwenden wir nicht nur&nbsp;<strong>Qualit\u00e4ts-Ersatzteile sondern auch OE-Qualit\u00e4t.<\/strong><br>Kompetenz, Zuverl\u00e4ssigkeit und Qualit\u00e4tsarbeit sind f\u00fcr uns genauso selbstverst\u00e4ndlich wie pers\u00f6nliche Beratung und individuelle L\u00f6sungen.   <br><br>Unser Service rund um Ihr Fahrzeug:                      <br>Reparatur an allen Fahrzeugbaugruppen<br>Wartungsdienst\/Inspektion aller Fabrikate<br>Fehlerdiagnose<br>Reifenservice<br>Klimaservice<br>Autoglasservice Unfallinstandsetzung<br>gesetzliche Pr\u00fcfungen (T\u00dcV\/AU)   <br><br>Service rund um den Anh\u00e4nger<br>Anh\u00e4ngerreparaturen, T\u00dcV-Abnahme  <br>Anh\u00e4ngerverkauf, Neu- und Umbau<br>Anh\u00e4ngerkupplungen<br>Unfallinstandsetzung<br>sowie Reparaturen aller Art<br><br>Unser Dienstleistungsspektrum beinhaltet einen kompletten Service rund um Ihr Fahrzeug. F\u00fcr T\u00e4tigkeiten, die in unserem Hause nicht durchgef\u00fchrt werden k\u00f6nnen, arbeiten wir mit kompetenten Partnern zusammen. Wir k\u00fcmmern uns um die Abwicklung und Sie erhalten einen umfangreichen Service mit nur einem Ansprechpartner.<\/p>\n","protected":false},"excerpt":{"rendered":"<p>Wir sind eine freie Kfz-Werkstatt, die der Kfz-Innung f\u00fcr Unterfranken angeh\u00f6rt und reparieren&nbsp;Fahrzeuge s\u00e4mtlicher Hersteller. Hierf\u00fcr verwenden wir nicht nur&nbsp;Qualit\u00e4ts-Ersatzteile sondern auch OE-Qualit\u00e4t.Kompetenz, Zuverl\u00e4ssigkeit und Qualit\u00e4tsarbeit sind f\u00fcr uns genauso selbstverst\u00e4ndlich wie pers\u00f6nliche Beratung und individuelle L\u00f6sungen. Unser Service rund um Ihr Fahrzeug: Reparatur an allen FahrzeugbaugruppenWartungsdienst\/Inspektion aller FabrikateFehlerdiagnoseReifenserviceKlimaserviceAutoglasservice Unfallinstandsetzunggesetzliche Pr\u00fcfungen (T\u00dcV\/AU) Service rund um &#8230; <a title=\"PKW-LKW-Trailer-Service\" class=\"read-more\" href=\"https:\/\/fzb.mt-it-consulting.de\/index.php\/pkw-lkw-trailer-service\/\" aria-label=\"Mehr zu PKW-LKW-Trailer-Service\">Read more<\/a><\/p>\n","protected":false},"author":1,"featured_media":0,"parent":0,"menu_order":0,"comment_status":"closed","ping_status":"closed","template":"","meta":{"generate_page_header":"","footnotes":""},"class_list":["post-77","page","type-page","status-publish"],"_links":{"self":[{"href":"https:\/\/fzb.mt-it-consulting.de\/index.php\/wp-json\/wp\/v2\/pages\/77","targetHints":{"allow":["GET"]}}],"collection":[{"href":"https:\/\/fzb.mt-it-consulting.de\/index.php\/wp-json\/wp\/v2\/pages"}],"about":[{"href":"https:\/\/fzb.mt-it-consulting.de\/index.php\/wp-json\/wp\/v2\/types\/page"}],"author":[{"embeddable":true,"href":"https:\/\/fzb.mt-it-consulting.de\/index.php\/wp-json\/wp\/v2\/users\/1"}],"replies":[{"embeddable":true,"href":"https:\/\/fzb.mt-it-consulting.de\/index.php\/wp-json\/wp\/v2\/comments?post=77"}],"version-history":[{"count":20,"href":"https:\/\/fzb.mt-it-consulting.de\/index.php\/wp-json\/wp\/v2\/pages\/77\/revisions"}],"predecessor-version":[{"id":1690,"href":"https:\/\/fzb.mt-it-consulting.de\/index.php\/wp-json\/wp\/v2\/pages\/77\/revisions\/1690"}],"wp:attachment":[{"href":"https:\/\/fzb.mt-it-consulting.de\/index.php\/wp-json\/wp\/v2\/media?parent=77"}],"curies":[{"name":"wp","href":"https:\/\/api.w.org\/{rel}","templated":true}]}}