{"id":75,"date":"2021-05-27T10:26:44","date_gmt":"2021-05-27T08:26:44","guid":{"rendered":"http:\/\/fzb.mt-it-consulting.de\/?page_id=75"},"modified":"2026-03-27T09:36:49","modified_gmt":"2026-03-27T08:36:49","slug":"prueftermine","status":"publish","type":"page","link":"https:\/\/fzb.mt-it-consulting.de\/index.php\/prueftermine\/","title":{"rendered":"Pr\u00fcftermine"},"content":{"rendered":"\n<h1 class=\"wp-block-heading\">Pr\u00fcf-Termine und gesetzliche Pr\u00fcfungen<\/h1>\n\n\n\n<figure class=\"wp-block-image size-full\"><img loading=\"lazy\" decoding=\"async\" width=\"2560\" height=\"1808\" src=\"http:\/\/fzb.mt-it-consulting.de\/wp-content\/uploads\/2026\/03\/TUeV-GTUe-2026-04-scaled.jpg\" alt=\"\" class=\"wp-image-2143\" srcset=\"https:\/\/fzb.mt-it-consulting.de\/wp-content\/uploads\/2026\/03\/TUeV-GTUe-2026-04-scaled.jpg 2560w, https:\/\/fzb.mt-it-consulting.de\/wp-content\/uploads\/2026\/03\/TUeV-GTUe-2026-04-300x212.jpg 300w, https:\/\/fzb.mt-it-consulting.de\/wp-content\/uploads\/2026\/03\/TUeV-GTUe-2026-04-1024x723.jpg 1024w, https:\/\/fzb.mt-it-consulting.de\/wp-content\/uploads\/2026\/03\/TUeV-GTUe-2026-04-768x542.jpg 768w, https:\/\/fzb.mt-it-consulting.de\/wp-content\/uploads\/2026\/03\/TUeV-GTUe-2026-04-1536x1085.jpg 1536w, https:\/\/fzb.mt-it-consulting.de\/wp-content\/uploads\/2026\/03\/TUeV-GTUe-2026-04-2048x1446.jpg 2048w\" sizes=\"auto, (max-width: 2560px) 100vw, 2560px\" \/><\/figure>\n\n\n\n<div class=\"wp-block-columns is-layout-flex wp-container-core-columns-is-layout-9d6595d7 wp-block-columns-is-layout-flex\">\n<div class=\"wp-block-column is-layout-flow wp-block-column-is-layout-flow\"><\/div>\n<\/div>\n\n\n\n<div class=\"wp-block-columns is-layout-flex wp-container-core-columns-is-layout-9d6595d7 wp-block-columns-is-layout-flex\">\n<div class=\"wp-block-column is-layout-flow wp-block-column-is-layout-flow\" style=\"flex-basis:33.33%\">\n<h1 class=\"wp-block-heading\">Weitere Pr\u00fcfungen nach individueller Vereinbarung:<\/h1>\n\n\n\n<h1 class=\"wp-block-heading\"><br><\/h1>\n<\/div>\n\n\n\n<div class=\"wp-block-column is-layout-flow wp-block-column-is-layout-flow\" style=\"flex-basis:66.66%\">\n<h1 class=\"wp-block-heading\">Abgasuntersuchung<\/h1>\n\n\n\n<p>Wir bieten Ihnen die&nbsp;<strong>Durchf\u00fchrung der Abgasuntersuchung f\u00fcr alle PKW und LKW<\/strong>&nbsp;nach \u00a7 47a StVZO in Verbindung mit Anlage VIII und VIIIa.<\/p>\n\n\n\n<p>Abgasuntersuchungen f\u00fcr Kraftr\u00e4der werden im Rahmen der Hauptuntersuchung vom Pr\u00fcfer durchgef\u00fchrt.<\/p>\n\n\n\n<p>Seit Januar 2010 ist diese Pr\u00fcfung Bestandteil der Hauptuntersuchung. Eine AU-Plakette wird demnach nicht mehr angebracht. Durch die Untersuchung soll sichergestellt werden, dass die Abgaswerte der zugelassenen Kraftfahrzeuge \u00fcber den Nutzungszeitraum innerhalb der festgelegten Abgasnorm bleiben.<\/p>\n\n\n\n<h1 class=\"wp-block-heading\">Sicherheitspr\u00fcfung<\/h1>\n\n\n\n<p>Die Sicherheitspr\u00fcfung ersetzt die fr\u00fchere Zwischenuntersuchung bzw. Bremsensonderuntersuchung. Sie ist in Ihrem Umfang begrenzter aber in der Tiefe genauer als die gesetzliche Hauptuntersuchung.<\/p>\n\n\n\n<p>Die SP wird einmal im Jahr, halbj\u00e4hrlich versetzt zur Hauptuntersuchung durchgef\u00fchrt. Die Zulassung der Kfz-Innung f\u00fcr die Durchf\u00fchrung der Sicherheitspr\u00fcfung erhalten nur Fachbetriebe, die sich durch ihre Mitarbeiterausbildung und spezielle Werkstatteinrichtung daf\u00fcr qualifiziert haben.<\/p>\n\n\n\n<p>Wir pr\u00fcfen f\u00fcr Sie folgende Fahrzeugbaugruppen: <\/p>\n\n\n\n<ul class=\"wp-block-list\">\n<li>Fahrgestell, Fahrwerk, Verbindungseinrichtung<\/li>\n\n\n\n<li>Lenkung<\/li>\n\n\n\n<li>Reifen, R\u00e4der<\/li>\n\n\n\n<li>Auspuffanlage<\/li>\n\n\n\n<li>Bremsanlage<\/li>\n<\/ul>\n\n\n\n<p>Die SP-Pr\u00fcfung ist g\u00fcltig f\u00fcr:<\/p>\n\n\n\n<ul class=\"wp-block-list\">\n<li>Kraftfahrzeuge und selbstfahrende Arbeitsmaschinen \u00fcber 7,5 to zul. Gesamtgewicht<\/li>\n\n\n\n<li>Anh\u00e4nger \u00fcber 10 to zul. Gesamtgewicht<\/li>\n\n\n\n<li>Omnibusse mit mehr als 8 Fahrgastpl\u00e4tzen<\/li>\n<\/ul>\n\n\n\n<h1 class=\"wp-block-heading\">Tachopr\u00fcfung<\/h1>\n\n\n\n<p>Laut \u00a7 57 b StVZO m\u00fcssen Fahrtenschreiber (auch EG-Kontrollger\u00e4t genannt) sp\u00e4testens alle 2 Jahre gepr\u00fcft werden. Auch bei Austausch oder Reparatur des Tachos, \u00c4nderung des Kennzeichens sowie dem Austausch bestimmter Komponenten, die das Wegimpulssignal beeinflussen, muss der Tachograph gepr\u00fcft werden.<br><br>Wir sind berechtigt, diese Pr\u00fcfungen (digital und analog) durchzuf\u00fchren und die zugeh\u00f6rige Bescheinigung auszustellen. Die Tachopr\u00fcfung kann im Regelfall terminlich mit anderen Untersuchungen zusammengelegt werden.<\/p>\n\n\n\n<h1 class=\"wp-block-heading\">UVV Ladebordwand<\/h1>\n\n\n\n<p>Die j\u00e4hrliche UVV-Pr\u00fcfung nach BGR 500 h\u00e4lt Ihre Ladebordwand nicht nur in einem Top-Zustand, sondern spart gleichzeitig Zeit und Geld. Auf Wunsch bieten wir die UVV-Pr\u00fcfung sowie weitere Wartungsarbeiten an.<\/p>\n\n\n\n<p>Die Einhaltung der BGR 500 und die Durchf\u00fchrung der Wartungsar\u00adbeiten sind Voraussetzungen f\u00fcr die Anerkennung von Gew\u00e4hrleistungs\u00adantr\u00e4gen f\u00fcr das 2. Jahr der Gew\u00e4hrleistung Ihrer Ladebordwand.<\/p>\n\n\n\n<p>Sollte beim \u00dcberpr\u00fcfen der Ladebordwand festgestellt werden, dass gr\u00f6\u00dfere Reparaturen n\u00f6tig sind, werden wir diese nach vorheriger Absprache mit Ihnen durchf\u00fchren und separat berechnen (z.B. Tausch von Hydrau\u00adlikschl\u00e4uchen, Blinkleuchten etc.).<\/p>\n\n\n\n<p>Im Leistungsumfang enthalten sind<\/p>\n\n\n\n<ul class=\"wp-block-list\">\n<li>UVV-Pr\u00fcfung nach BGR 500<\/li>\n\n\n\n<li>Durchf\u00fchrung aller Wartungsarbeiten\n<ul class=\"wp-block-list\">\n<li>\u00d6lwechsel<\/li>\n\n\n\n<li>Abschmieren der Lagerstellen<\/li>\n\n\n\n<li>\u00dcberpr\u00fcfung des \u00d6lfilters und ggf. Erneuern<\/li>\n<\/ul>\n<\/li>\n<\/ul>\n\n\n\n<h1 class=\"wp-block-heading\">Gaspr\u00fcfung<\/h1>\n\n\n\n<p>Wir bieten Ihnen auch eine Gaspr\u00fcfung nach DIN DVGW G607<br>f\u00fcr Wohnwagen und Wohnmobile an. Ebenso f\u00fchren wir die Gaspr\u00fcfung f\u00fcr gewerblich genutzte Fahrzeuge durch.<\/p>\n\n\n\n<p>Diese Sachkunde berechtigt zur Wartung und Pr\u00fcfung von Fl\u00fcssiggasanlagen.<\/p>\n<\/div>\n<\/div>\n\n\n\n<p>Die gesetzlichen Pr\u00fcfungen wie SP, 57 b, UVV u. Gaspr\u00fcfung f. Womo, Wowa u. gewerblich genutzte Fahrzeuge f\u00fchren wir an allen Werktagen nach Terminvereinbarung aus.<\/p>\n","protected":false},"excerpt":{"rendered":"<p>Pr\u00fcf-Termine und gesetzliche Pr\u00fcfungen Weitere Pr\u00fcfungen nach individueller Vereinbarung: Abgasuntersuchung Wir bieten Ihnen die&nbsp;Durchf\u00fchrung der Abgasuntersuchung f\u00fcr alle PKW und LKW&nbsp;nach \u00a7 47a StVZO in Verbindung mit Anlage VIII und VIIIa. Abgasuntersuchungen f\u00fcr Kraftr\u00e4der werden im Rahmen der Hauptuntersuchung vom Pr\u00fcfer durchgef\u00fchrt. Seit Januar 2010 ist diese Pr\u00fcfung Bestandteil der Hauptuntersuchung. Eine AU-Plakette wird demnach &#8230; <a title=\"Pr\u00fcftermine\" class=\"read-more\" href=\"https:\/\/fzb.mt-it-consulting.de\/index.php\/prueftermine\/\" aria-label=\"Mehr zu Pr\u00fcftermine\">Read more<\/a><\/p>\n","protected":false},"author":1,"featured_media":0,"parent":0,"menu_order":0,"comment_status":"closed","ping_status":"closed","template":"","meta":{"generate_page_header":"","footnotes":""},"class_list":["post-75","page","type-page","status-publish"],"_links":{"self":[{"href":"https:\/\/fzb.mt-it-consulting.de\/index.php\/wp-json\/wp\/v2\/pages\/75","targetHints":{"allow":["GET"]}}],"collection":[{"href":"https:\/\/fzb.mt-it-consulting.de\/index.php\/wp-json\/wp\/v2\/pages"}],"about":[{"href":"https:\/\/fzb.mt-it-consulting.de\/index.php\/wp-json\/wp\/v2\/types\/page"}],"author":[{"embeddable":true,"href":"https:\/\/fzb.mt-it-consulting.de\/index.php\/wp-json\/wp\/v2\/users\/1"}],"replies":[{"embeddable":true,"href":"https:\/\/fzb.mt-it-consulting.de\/index.php\/wp-json\/wp\/v2\/comments?post=75"}],"version-history":[{"count":67,"href":"https:\/\/fzb.mt-it-consulting.de\/index.php\/wp-json\/wp\/v2\/pages\/75\/revisions"}],"predecessor-version":[{"id":2144,"href":"https:\/\/fzb.mt-it-consulting.de\/index.php\/wp-json\/wp\/v2\/pages\/75\/revisions\/2144"}],"wp:attachment":[{"href":"https:\/\/fzb.mt-it-consulting.de\/index.php\/wp-json\/wp\/v2\/media?parent=75"}],"curies":[{"name":"wp","href":"https:\/\/api.w.org\/{rel}","templated":true}]}}