{"id":721,"date":"2022-09-29T09:56:40","date_gmt":"2022-09-29T07:56:40","guid":{"rendered":"http:\/\/fzb.mt-it-consulting.de\/?page_id=721"},"modified":"2023-03-28T13:41:46","modified_gmt":"2023-03-28T11:41:46","slug":"winterdienst","status":"publish","type":"page","link":"https:\/\/fzb.mt-it-consulting.de\/index.php\/winterdienst\/","title":{"rendered":"Winterdienst"},"content":{"rendered":"\n<p class=\"has-text-align-left has-white-color has-text-color has-background\" style=\"background-color:#00387b\">Wir sind Vertriebsspartner der Firma Hilltip<br><a rel=\"noreferrer noopener\" href=\"https:\/\/www.hilltip.com\/de\/\" target=\"_blank\"><img loading=\"lazy\" decoding=\"async\" width=\"130\" height=\"58\" class=\"wp-image-511\" style=\"width: 130px;\" src=\"http:\/\/fzb.mt-it-consulting.de\/wp-content\/uploads\/2022\/09\/Hilltip_logo-small-1.png\" alt=\"\"><\/a><br>Hilltip ist der f\u00fchrende europ\u00e4ische Hersteller von An- und Aufbauger\u00e4ten in Kommunal-, und Winterdiensttechnik f\u00fcr Pickup, Leichte LKW, Kommunalfahrzeuge und Traktoren. Hilltip entwickelt Produkte f\u00fcr jede Jahreszeit und f\u00fcr alle Arten von Fahrzeugen und Maschinen. Deren Produkte werden in Finnland hergestellt und von Fachleuten f\u00fcr Schneebeseitigung mit hoher Qualit\u00e4tskompetenz und Know-how gebaut.<br><br>F\u00fcr eine individuelle Beratung sprechen Sie uns gerne an.<\/p>\n\n\n\n<div class=\"wp-block-columns is-layout-flex wp-container-core-columns-is-layout-9d6595d7 wp-block-columns-is-layout-flex\">\n<div class=\"wp-block-column is-layout-flow wp-block-column-is-layout-flow\">\n<figure class=\"wp-block-image size-large\"><img loading=\"lazy\" decoding=\"async\" width=\"1024\" height=\"768\" src=\"http:\/\/fzb.mt-it-consulting.de\/wp-content\/uploads\/2022\/10\/Aufbaustreuer-2-1024x768.jpg\" alt=\"\" class=\"wp-image-1191\" srcset=\"https:\/\/fzb.mt-it-consulting.de\/wp-content\/uploads\/2022\/10\/Aufbaustreuer-2-1024x768.jpg?v=1665138179 1024w, https:\/\/fzb.mt-it-consulting.de\/wp-content\/uploads\/2022\/10\/Aufbaustreuer-2-300x225.jpg?v=1665138179 300w, https:\/\/fzb.mt-it-consulting.de\/wp-content\/uploads\/2022\/10\/Aufbaustreuer-2-768x576.jpg?v=1665138179 768w, https:\/\/fzb.mt-it-consulting.de\/wp-content\/uploads\/2022\/10\/Aufbaustreuer-2-1536x1152.jpg?v=1665138179 1536w, https:\/\/fzb.mt-it-consulting.de\/wp-content\/uploads\/2022\/10\/Aufbaustreuer-2.jpg?v=1665138179 1600w\" sizes=\"auto, (max-width: 1024px) 100vw, 1024px\" \/><figcaption class=\"wp-element-caption\">Aufbaustreuer <\/figcaption><\/figure>\n<\/div>\n\n\n\n<div class=\"wp-block-column is-layout-flow wp-block-column-is-layout-flow\">\n<figure class=\"wp-block-image size-large\"><img loading=\"lazy\" decoding=\"async\" width=\"1024\" height=\"768\" src=\"http:\/\/fzb.mt-it-consulting.de\/wp-content\/uploads\/2022\/10\/Aufbausstreuer-3-1024x768.jpg\" alt=\"\" class=\"wp-image-1192\" srcset=\"https:\/\/fzb.mt-it-consulting.de\/wp-content\/uploads\/2022\/10\/Aufbausstreuer-3-1024x768.jpg?v=1665138180 1024w, https:\/\/fzb.mt-it-consulting.de\/wp-content\/uploads\/2022\/10\/Aufbausstreuer-3-300x225.jpg?v=1665138180 300w, https:\/\/fzb.mt-it-consulting.de\/wp-content\/uploads\/2022\/10\/Aufbausstreuer-3-768x576.jpg?v=1665138180 768w, https:\/\/fzb.mt-it-consulting.de\/wp-content\/uploads\/2022\/10\/Aufbausstreuer-3-1536x1152.jpg?v=1665138180 1536w, https:\/\/fzb.mt-it-consulting.de\/wp-content\/uploads\/2022\/10\/Aufbausstreuer-3.jpg?v=1665138180 1600w\" sizes=\"auto, (max-width: 1024px) 100vw, 1024px\" \/><figcaption class=\"wp-element-caption\">auf Fiat Doblo<\/figcaption><\/figure>\n<\/div>\n\n\n\n<div class=\"wp-block-column is-layout-flow wp-block-column-is-layout-flow\">\n<figure class=\"wp-block-image size-large\"><img loading=\"lazy\" decoding=\"async\" width=\"1024\" height=\"768\" src=\"http:\/\/fzb.mt-it-consulting.de\/wp-content\/uploads\/2022\/10\/Aufbaustreuer-5-1024x768.jpg\" alt=\"\" class=\"wp-image-1194\" srcset=\"https:\/\/fzb.mt-it-consulting.de\/wp-content\/uploads\/2022\/10\/Aufbaustreuer-5-1024x768.jpg?v=1665138183 1024w, https:\/\/fzb.mt-it-consulting.de\/wp-content\/uploads\/2022\/10\/Aufbaustreuer-5-300x225.jpg?v=1665138183 300w, https:\/\/fzb.mt-it-consulting.de\/wp-content\/uploads\/2022\/10\/Aufbaustreuer-5-768x576.jpg?v=1665138183 768w, https:\/\/fzb.mt-it-consulting.de\/wp-content\/uploads\/2022\/10\/Aufbaustreuer-5-1536x1152.jpg?v=1665138183 1536w, https:\/\/fzb.mt-it-consulting.de\/wp-content\/uploads\/2022\/10\/Aufbaustreuer-5.jpg?v=1665138183 1600w\" sizes=\"auto, (max-width: 1024px) 100vw, 1024px\" \/><figcaption class=\"wp-element-caption\">hochgeklappt<\/figcaption><\/figure>\n<\/div>\n<\/div>\n\n\n\n<div class=\"wp-block-columns is-layout-flex wp-container-core-columns-is-layout-9d6595d7 wp-block-columns-is-layout-flex\">\n<div class=\"wp-block-column is-layout-flow wp-block-column-is-layout-flow\">\n<figure class=\"wp-block-image size-large\"><img loading=\"lazy\" decoding=\"async\" width=\"1024\" height=\"768\" src=\"http:\/\/fzb.mt-it-consulting.de\/wp-content\/uploads\/2022\/10\/Aufbaustreuer-4-1024x768.jpg\" alt=\"\" class=\"wp-image-1193\" srcset=\"https:\/\/fzb.mt-it-consulting.de\/wp-content\/uploads\/2022\/10\/Aufbaustreuer-4-1024x768.jpg?v=1665138181 1024w, https:\/\/fzb.mt-it-consulting.de\/wp-content\/uploads\/2022\/10\/Aufbaustreuer-4-300x225.jpg?v=1665138181 300w, https:\/\/fzb.mt-it-consulting.de\/wp-content\/uploads\/2022\/10\/Aufbaustreuer-4-768x576.jpg?v=1665138181 768w, https:\/\/fzb.mt-it-consulting.de\/wp-content\/uploads\/2022\/10\/Aufbaustreuer-4-1536x1152.jpg?v=1665138181 1536w, https:\/\/fzb.mt-it-consulting.de\/wp-content\/uploads\/2022\/10\/Aufbaustreuer-4.jpg?v=1665138181 1600w\" sizes=\"auto, (max-width: 1024px) 100vw, 1024px\" \/><figcaption class=\"wp-element-caption\">fest verzurrt<\/figcaption><\/figure>\n<\/div>\n\n\n\n<div class=\"wp-block-column is-layout-flow wp-block-column-is-layout-flow\">\n<figure class=\"wp-block-image size-large\"><img loading=\"lazy\" decoding=\"async\" width=\"1024\" height=\"768\" src=\"http:\/\/fzb.mt-it-consulting.de\/wp-content\/uploads\/2022\/10\/Aufbaustreuer-1-1024x768.jpg\" alt=\"\" class=\"wp-image-1190\" srcset=\"https:\/\/fzb.mt-it-consulting.de\/wp-content\/uploads\/2022\/10\/Aufbaustreuer-1-1024x768.jpg?v=1665138177 1024w, https:\/\/fzb.mt-it-consulting.de\/wp-content\/uploads\/2022\/10\/Aufbaustreuer-1-300x225.jpg?v=1665138177 300w, https:\/\/fzb.mt-it-consulting.de\/wp-content\/uploads\/2022\/10\/Aufbaustreuer-1-768x576.jpg?v=1665138177 768w, https:\/\/fzb.mt-it-consulting.de\/wp-content\/uploads\/2022\/10\/Aufbaustreuer-1-1536x1152.jpg?v=1665138177 1536w, https:\/\/fzb.mt-it-consulting.de\/wp-content\/uploads\/2022\/10\/Aufbaustreuer-1.jpg?v=1665138177 1600w\" sizes=\"auto, (max-width: 1024px) 100vw, 1024px\" \/><figcaption class=\"wp-element-caption\">sitzt bombenfest<\/figcaption><\/figure>\n<\/div>\n\n\n\n<div class=\"wp-block-column is-layout-flow wp-block-column-is-layout-flow\">\n<figure class=\"wp-block-image size-large\"><img loading=\"lazy\" decoding=\"async\" width=\"1024\" height=\"768\" src=\"http:\/\/fzb.mt-it-consulting.de\/wp-content\/uploads\/2022\/10\/Aufbaustreuer-6-1024x768.jpg\" alt=\"\" class=\"wp-image-1195\" srcset=\"https:\/\/fzb.mt-it-consulting.de\/wp-content\/uploads\/2022\/10\/Aufbaustreuer-6-1024x768.jpg?v=1665138184 1024w, https:\/\/fzb.mt-it-consulting.de\/wp-content\/uploads\/2022\/10\/Aufbaustreuer-6-300x225.jpg?v=1665138184 300w, https:\/\/fzb.mt-it-consulting.de\/wp-content\/uploads\/2022\/10\/Aufbaustreuer-6-768x576.jpg?v=1665138184 768w, https:\/\/fzb.mt-it-consulting.de\/wp-content\/uploads\/2022\/10\/Aufbaustreuer-6-1536x1152.jpg?v=1665138184 1536w, https:\/\/fzb.mt-it-consulting.de\/wp-content\/uploads\/2022\/10\/Aufbaustreuer-6.jpg?v=1665138184 1600w\" sizes=\"auto, (max-width: 1024px) 100vw, 1024px\" \/><figcaption class=\"wp-element-caption\">Salzbeh\u00e4lter<\/figcaption><\/figure>\n<\/div>\n<\/div>\n\n\n\n<div class=\"wp-block-columns is-layout-flex wp-container-core-columns-is-layout-9d6595d7 wp-block-columns-is-layout-flex\">\n<div class=\"wp-block-column is-layout-flow wp-block-column-is-layout-flow\">\n<figure class=\"wp-block-image size-full\"><img loading=\"lazy\" decoding=\"async\" width=\"1024\" height=\"768\" src=\"http:\/\/fzb.mt-it-consulting.de\/wp-content\/uploads\/2022\/10\/Anbau-Schneepflug-2.jpg\" alt=\"\" class=\"wp-image-1202\" srcset=\"https:\/\/fzb.mt-it-consulting.de\/wp-content\/uploads\/2022\/10\/Anbau-Schneepflug-2.jpg?v=1665139569 1024w, https:\/\/fzb.mt-it-consulting.de\/wp-content\/uploads\/2022\/10\/Anbau-Schneepflug-2-300x225.jpg?v=1665139569 300w, https:\/\/fzb.mt-it-consulting.de\/wp-content\/uploads\/2022\/10\/Anbau-Schneepflug-2-768x576.jpg?v=1665139569 768w\" sizes=\"auto, (max-width: 1024px) 100vw, 1024px\" \/><figcaption class=\"wp-element-caption\">Schneepflug auf Hilux<\/figcaption><\/figure>\n<\/div>\n\n\n\n<div class=\"wp-block-column is-layout-flow wp-block-column-is-layout-flow\">\n<figure class=\"wp-block-image size-full\"><img loading=\"lazy\" decoding=\"async\" width=\"1024\" height=\"768\" src=\"http:\/\/fzb.mt-it-consulting.de\/wp-content\/uploads\/2022\/10\/Aufnahme-Schneepflug.jpg\" alt=\"\" class=\"wp-image-1206\" srcset=\"https:\/\/fzb.mt-it-consulting.de\/wp-content\/uploads\/2022\/10\/Aufnahme-Schneepflug.jpg?v=1665139574 1024w, https:\/\/fzb.mt-it-consulting.de\/wp-content\/uploads\/2022\/10\/Aufnahme-Schneepflug-300x225.jpg?v=1665139574 300w, https:\/\/fzb.mt-it-consulting.de\/wp-content\/uploads\/2022\/10\/Aufnahme-Schneepflug-768x576.jpg?v=1665139574 768w\" sizes=\"auto, (max-width: 1024px) 100vw, 1024px\" \/><figcaption class=\"wp-element-caption\">Aufnahme des Schneepflugs<\/figcaption><\/figure>\n<\/div>\n\n\n\n<div class=\"wp-block-column is-layout-flow wp-block-column-is-layout-flow\">\n<figure class=\"wp-block-image size-full\"><img loading=\"lazy\" decoding=\"async\" width=\"1024\" height=\"768\" src=\"http:\/\/fzb.mt-it-consulting.de\/wp-content\/uploads\/2022\/10\/Anbau-Schneepflug-geschuetzt.jpg\" alt=\"\" class=\"wp-image-1203\" srcset=\"https:\/\/fzb.mt-it-consulting.de\/wp-content\/uploads\/2022\/10\/Anbau-Schneepflug-geschuetzt.jpg?v=1665139570 1024w, https:\/\/fzb.mt-it-consulting.de\/wp-content\/uploads\/2022\/10\/Anbau-Schneepflug-geschuetzt-300x225.jpg?v=1665139570 300w, https:\/\/fzb.mt-it-consulting.de\/wp-content\/uploads\/2022\/10\/Anbau-Schneepflug-geschuetzt-768x576.jpg?v=1665139570 768w\" sizes=\"auto, (max-width: 1024px) 100vw, 1024px\" \/><figcaption class=\"wp-element-caption\">Abdeckung der Aufnahme<\/figcaption><\/figure>\n<\/div>\n<\/div>\n\n\n\n<div class=\"wp-block-columns is-layout-flex wp-container-core-columns-is-layout-9d6595d7 wp-block-columns-is-layout-flex\">\n<div class=\"wp-block-column is-layout-flow wp-block-column-is-layout-flow\">\n<figure class=\"wp-block-image size-full\"><img loading=\"lazy\" decoding=\"async\" width=\"1024\" height=\"768\" src=\"http:\/\/fzb.mt-it-consulting.de\/wp-content\/uploads\/2022\/10\/Schneepflug-abgenommen.jpg\" alt=\"\" class=\"wp-image-1209\" srcset=\"https:\/\/fzb.mt-it-consulting.de\/wp-content\/uploads\/2022\/10\/Schneepflug-abgenommen.jpg?v=1665139577 1024w, https:\/\/fzb.mt-it-consulting.de\/wp-content\/uploads\/2022\/10\/Schneepflug-abgenommen-300x225.jpg?v=1665139577 300w, https:\/\/fzb.mt-it-consulting.de\/wp-content\/uploads\/2022\/10\/Schneepflug-abgenommen-768x576.jpg?v=1665139577 768w\" sizes=\"auto, (max-width: 1024px) 100vw, 1024px\" \/><figcaption class=\"wp-element-caption\">Schneepflug abgenommen<\/figcaption><\/figure>\n<\/div>\n\n\n\n<div class=\"wp-block-column is-layout-flow wp-block-column-is-layout-flow\">\n<figure class=\"wp-block-image size-full\"><img loading=\"lazy\" decoding=\"async\" width=\"1024\" height=\"768\" src=\"http:\/\/fzb.mt-it-consulting.de\/wp-content\/uploads\/2022\/10\/Anbau-Schneepflug-2.jpg\" alt=\"\" class=\"wp-image-1202\" srcset=\"https:\/\/fzb.mt-it-consulting.de\/wp-content\/uploads\/2022\/10\/Anbau-Schneepflug-2.jpg?v=1665139569 1024w, https:\/\/fzb.mt-it-consulting.de\/wp-content\/uploads\/2022\/10\/Anbau-Schneepflug-2-300x225.jpg?v=1665139569 300w, https:\/\/fzb.mt-it-consulting.de\/wp-content\/uploads\/2022\/10\/Anbau-Schneepflug-2-768x576.jpg?v=1665139569 768w\" sizes=\"auto, (max-width: 1024px) 100vw, 1024px\" \/><figcaption class=\"wp-element-caption\">und wieder angebaut<\/figcaption><\/figure>\n<\/div>\n\n\n\n<div class=\"wp-block-column is-layout-flow wp-block-column-is-layout-flow\"><\/div>\n<\/div>\n\n\n\n<div class=\"wp-block-columns is-layout-flex wp-container-core-columns-is-layout-9d6595d7 wp-block-columns-is-layout-flex\">\n<div class=\"wp-block-column is-layout-flow wp-block-column-is-layout-flow\">\n<figure class=\"wp-block-image size-full\"><img loading=\"lazy\" decoding=\"async\" width=\"1024\" height=\"768\" src=\"http:\/\/fzb.mt-it-consulting.de\/wp-content\/uploads\/2022\/10\/Heck-Anbaustreuer-1.jpg\" alt=\"\" class=\"wp-image-1207\" srcset=\"https:\/\/fzb.mt-it-consulting.de\/wp-content\/uploads\/2022\/10\/Heck-Anbaustreuer-1.jpg?v=1665139575 1024w, https:\/\/fzb.mt-it-consulting.de\/wp-content\/uploads\/2022\/10\/Heck-Anbaustreuer-1-300x225.jpg?v=1665139575 300w, https:\/\/fzb.mt-it-consulting.de\/wp-content\/uploads\/2022\/10\/Heck-Anbaustreuer-1-768x576.jpg?v=1665139575 768w\" sizes=\"auto, (max-width: 1024px) 100vw, 1024px\" \/><figcaption class=\"wp-element-caption\">Heck Anbaustreuer<\/figcaption><\/figure>\n<\/div>\n\n\n\n<div class=\"wp-block-column is-layout-flow wp-block-column-is-layout-flow\">\n<figure class=\"wp-block-image size-full\"><img loading=\"lazy\" decoding=\"async\" width=\"1024\" height=\"768\" src=\"http:\/\/fzb.mt-it-consulting.de\/wp-content\/uploads\/2022\/10\/Aufnahme-Heck-Anbaustreuer-1.jpg\" alt=\"\" class=\"wp-image-1213\" srcset=\"https:\/\/fzb.mt-it-consulting.de\/wp-content\/uploads\/2022\/10\/Aufnahme-Heck-Anbaustreuer-1.jpg?v=1665139820 1024w, https:\/\/fzb.mt-it-consulting.de\/wp-content\/uploads\/2022\/10\/Aufnahme-Heck-Anbaustreuer-1-300x225.jpg?v=1665139820 300w, https:\/\/fzb.mt-it-consulting.de\/wp-content\/uploads\/2022\/10\/Aufnahme-Heck-Anbaustreuer-1-768x576.jpg?v=1665139820 768w\" sizes=\"auto, (max-width: 1024px) 100vw, 1024px\" \/><figcaption class=\"wp-element-caption\">Aufnahme Heck Anbeustreuer<\/figcaption><\/figure>\n<\/div>\n\n\n\n<div class=\"wp-block-column is-layout-flow wp-block-column-is-layout-flow\">\n<figure class=\"wp-block-image size-full\"><img loading=\"lazy\" decoding=\"async\" width=\"1024\" height=\"768\" src=\"http:\/\/fzb.mt-it-consulting.de\/wp-content\/uploads\/2022\/10\/Heck-Anbaustreuer-Stomversorgung.jpg\" alt=\"\" class=\"wp-image-1208\" srcset=\"https:\/\/fzb.mt-it-consulting.de\/wp-content\/uploads\/2022\/10\/Heck-Anbaustreuer-Stomversorgung.jpg?v=1665139576 1024w, https:\/\/fzb.mt-it-consulting.de\/wp-content\/uploads\/2022\/10\/Heck-Anbaustreuer-Stomversorgung-300x225.jpg?v=1665139576 300w, https:\/\/fzb.mt-it-consulting.de\/wp-content\/uploads\/2022\/10\/Heck-Anbaustreuer-Stomversorgung-768x576.jpg?v=1665139576 768w\" sizes=\"auto, (max-width: 1024px) 100vw, 1024px\" \/><figcaption class=\"wp-element-caption\">Versorgung<\/figcaption><\/figure>\n<\/div>\n<\/div>\n\n\n\n<div class=\"wp-block-columns is-layout-flex wp-container-core-columns-is-layout-9d6595d7 wp-block-columns-is-layout-flex\">\n<div class=\"wp-block-column is-layout-flow wp-block-column-is-layout-flow\">\n<figure class=\"wp-block-image size-full\"><img loading=\"lazy\" decoding=\"async\" width=\"768\" height=\"1024\" src=\"http:\/\/fzb.mt-it-consulting.de\/wp-content\/uploads\/2022\/10\/Aufnahme-Heck-Anbaustreuer-2.jpg\" alt=\"\" class=\"wp-image-1205\" srcset=\"https:\/\/fzb.mt-it-consulting.de\/wp-content\/uploads\/2022\/10\/Aufnahme-Heck-Anbaustreuer-2.jpg?v=1665139572 768w, https:\/\/fzb.mt-it-consulting.de\/wp-content\/uploads\/2022\/10\/Aufnahme-Heck-Anbaustreuer-2-225x300.jpg?v=1665139572 225w\" sizes=\"auto, (max-width: 768px) 100vw, 768px\" \/><figcaption class=\"wp-element-caption\">Detail Heck Anbaustreuer<\/figcaption><\/figure>\n<\/div>\n\n\n\n<div class=\"wp-block-column is-layout-flow wp-block-column-is-layout-flow\"><\/div>\n\n\n\n<div class=\"wp-block-column is-layout-flow wp-block-column-is-layout-flow\"><\/div>\n<\/div>\n","protected":false},"excerpt":{"rendered":"<p>Wir sind Vertriebsspartner der Firma HilltipHilltip ist der f\u00fchrende europ\u00e4ische Hersteller von An- und Aufbauger\u00e4ten in Kommunal-, und Winterdiensttechnik f\u00fcr Pickup, Leichte LKW, Kommunalfahrzeuge und Traktoren. Hilltip entwickelt Produkte f\u00fcr jede Jahreszeit und f\u00fcr alle Arten von Fahrzeugen und Maschinen. Deren Produkte werden in Finnland hergestellt und von Fachleuten f\u00fcr Schneebeseitigung mit hoher Qualit\u00e4tskompetenz und &#8230; <a title=\"Winterdienst\" class=\"read-more\" href=\"https:\/\/fzb.mt-it-consulting.de\/index.php\/winterdienst\/\" aria-label=\"Mehr zu Winterdienst\">Read more<\/a><\/p>\n","protected":false},"author":1,"featured_media":0,"parent":0,"menu_order":0,"comment_status":"closed","ping_status":"closed","template":"","meta":{"generate_page_header":"","footnotes":""},"class_list":["post-721","page","type-page","status-publish"],"_links":{"self":[{"href":"https:\/\/fzb.mt-it-consulting.de\/index.php\/wp-json\/wp\/v2\/pages\/721","targetHints":{"allow":["GET"]}}],"collection":[{"href":"https:\/\/fzb.mt-it-consulting.de\/index.php\/wp-json\/wp\/v2\/pages"}],"about":[{"href":"https:\/\/fzb.mt-it-consulting.de\/index.php\/wp-json\/wp\/v2\/types\/page"}],"author":[{"embeddable":true,"href":"https:\/\/fzb.mt-it-consulting.de\/index.php\/wp-json\/wp\/v2\/users\/1"}],"replies":[{"embeddable":true,"href":"https:\/\/fzb.mt-it-consulting.de\/index.php\/wp-json\/wp\/v2\/comments?post=721"}],"version-history":[{"count":17,"href":"https:\/\/fzb.mt-it-consulting.de\/index.php\/wp-json\/wp\/v2\/pages\/721\/revisions"}],"predecessor-version":[{"id":1731,"href":"https:\/\/fzb.mt-it-consulting.de\/index.php\/wp-json\/wp\/v2\/pages\/721\/revisions\/1731"}],"wp:attachment":[{"href":"https:\/\/fzb.mt-it-consulting.de\/index.php\/wp-json\/wp\/v2\/media?parent=721"}],"curies":[{"name":"wp","href":"https:\/\/api.w.org\/{rel}","templated":true}]}}