{"id":3,"date":"2021-02-02T19:46:40","date_gmt":"2021-02-02T18:46:40","guid":{"rendered":"http:\/\/fzb.mt-it-consulting.de\/?page_id=3"},"modified":"2021-08-06T15:14:23","modified_gmt":"2021-08-06T13:14:23","slug":"datenschutzerklaerung","status":"publish","type":"page","link":"https:\/\/fzb.mt-it-consulting.de\/index.php\/datenschutzerklaerung\/","title":{"rendered":"Datenschutz"},"content":{"rendered":"\n<h1 class=\"wp-block-heading\">Datenschutzerkl\u00e4rung<\/h1>\n\n\n\n<p>Nachstehend informieren wir Sie \u00fcber Art, Umfang und Zweck der Verarbeitung Ihrer personenbezogenen Daten bei der Nutzung unserer Webseite \u201ewww.fahrzeugbau-urban.de\u201c. Personenbezogene Daten sind alle Informationen, die sich auf eine identifizierte oder identifizierbare nat\u00fcrliche Person beziehen.\u00a0\u00a0<strong>\u00a0<\/strong><br><br><strong>1. Verantwortlicher und Datenschutzbeauftragter<\/strong>\u00a0Verantwortlicher im Sinne der EU-Datenschutzgrundverordnung (DSGVO) ist diejenige nat\u00fcrliche oder juristische Person, die allein oder gemeinsam mit anderen \u00fcber die Zwecke und Mittel der Verarbeitung von personenbezogenen Daten entscheidet. F\u00fcr die beim Besuch unserer Webseite verarbeiteten personenbezogenen Daten ist Verantwortlicher im Sinne der DSGVO:<br>Fahrzeugbau Urban GmbH &amp; Co. KG, Industriestr. 8, 63825 Sch\u00f6llkrippen, Telefon 06024-6359899, <br>E-Mail\u00a0<strong>info[a)fahrzeugbau-urban.de<\/strong>\u00a0(im Folgenden \u201ewir\u201c).\u00a0<br>Als Datenschutzbeauftragten haben wir bestellt: Karin Urban, Fahrzeugbau Urban GmbH &amp; Co. KG, Industriestr. 8, 63825 Sch\u00f6llkrippen, Deutschland, Tel.: 06024-6359899, E-Mail:\u00a0<strong>mail[a)fahrzeugbau-urban.de<\/strong>, <br>Website: www.fahrzeugbau-urban.de.\u00a0\u00a0<br><br><strong>2. Wenn Sie unsere Webseite besuchen<\/strong>\u00a0Wenn Sie unsere Webseite besuchen, erhebt unser Server die folgenden Informationen von Ihrem Endger\u00e4t: Browser-Typ und -Version, Betriebssystem, die zuvor besuchte Webseite (\u201eReferrer\u201c), IP-Adresse und Zeitpunkt des Seitenaufrufs.\u00a0Wir erheben und verarbeiten diese Daten, um den st\u00f6rungsfreien Betrieb unserer Webseite sicherzustellen und einen Missbrauch unserer Leistungen erkennen, abwehren und verfolgen zu k\u00f6nnen. Ferner nutzen wir die erhobenen Daten zu statistischen Zwecken, um etwa auszuwerten, mit welchen Endger\u00e4ten und Browsern unsere Plattform aufgerufen wird, um auf dieser Basis unser Angebot laufend an die Bed\u00fcrfnisse der Nutzer anzupassen und zu verbessern. Diese Datenverarbeitung erfolgt auf Grundlage von Artikel 6 Absatz 1 Buchstabe f DSGVO.\u00a0Alle oben genannten personenbezogenen Daten l\u00f6schen wir sp\u00e4testens zw\u00f6lf Monate nach ihrer Erhebung.\u00a0\u00a0<br><br><strong>3. Auftragsverarbeiter<\/strong>\u00a0Als technischen Dienstleister f\u00fcr den Betrieb unserer Webseite im Internet nehmen wir die Leistungen von UD Media GmbH, K\u00f6lner Stra\u00dfe 28, D-41812 Erkelenz als Auftragsverarbeiter gem\u00e4\u00df Artikel 28 DSGVO in Anspruch.\u00a0\u00a0<br><br><strong>4. Kontaktaufnahme<\/strong>\u00a0Wenn Sie das Kontaktformular unserer Webseite nutzen, verarbeiten wir die von Ihnen in die Formularfelder eingegebenen Daten, insbesondere Ihren Namen, Ihre E-Mail-Adresse und Ihre Nachricht, ggf. auch Ihre Telefonnummer.\u00a0Wenn Sie uns eine Nachricht per E-Mail schicken, speichern wir Ihre Nachricht mit den damit \u00fcbermittelten Absenderdaten (Name, E-Mail-Adresse und ggf. weitere von Ihrem E-Mail-Programm und den \u00fcbermittelnden Servern hinzugef\u00fcgte Informationen). F\u00fcr den Empfang, die Speicherung und den Versand von E-Mails nutzen wir einen E-Mail-Anbieter, der f\u00fcr uns als Auftragsverarbeiter im Einklang mit Artikel 28 DSGVO t\u00e4tig wird.\u00a0Rechtsgrundlage f\u00fcr diese Datenverarbeitung ist unser berechtigtes Interesse, Ihre Nachricht zu beantworten und auch auf eventuelle Folgefragen von Ihnen reagieren zu k\u00f6nnen (Artikel 6 Absatz 1 Buchstabe f DSGVO). Wir l\u00f6schen die mit Ihrer Nachricht erhobenen Daten sp\u00e4testens zw\u00f6lf Monate nach der letzten mit Ihnen gef\u00fchrten Kommunikation zu Ihrem Anliegen, vorbehaltlich der Reglung im folgenden Absatz.\u00a0Wenn Sie uns eine rechtlich relevante Erkl\u00e4rung zu einem mit uns bestehenden Vertragsverh\u00e4ltnis \u00fcbermitteln, ist Rechtsgrundlage f\u00fcr die Verarbeitung, unabh\u00e4ngig vom \u00dcbermittlungsweg, auch Artikel 6 Absatz 1 Buchstabe b DSGVO. In einem solchen Fall l\u00f6schen wir die mit Ihrer Erkl\u00e4rung zusammenh\u00e4ngenden Daten, sobald alle wechselseitigen Anspr\u00fcche aus dem Vertragsverh\u00e4ltnis endg\u00fcltig erledigt und die handels- und steuerrechtlichen Aufbewahrungsfristen abgelaufen sind.\u00a0\u00a0<br><br><strong>5. Newsletter<\/strong>\u00a0Wenn Sie unseren Newsletter abonniert haben, werden wir Sie per E-Mail \u00fcber Neuigkeiten aus unserem Hause auf dem Laufenden halten (Direktwerbung von und f\u00fcr uns). Sie werden dabei nicht mehr als einen Newsletter in der Woche erhalten. Sie k\u00f6nnen der Nutzung Ihrer E-Mail-Adresse zu Werbezwecken jederzeit formlos widersprechen, ohne dass hierf\u00fcr andere als die \u00dcbermittlungskosten nach den Basistarifen entstehen.\u00a0Diese Datenverarbeitung erfolgt auf Grundlage Ihrer Einwilligung gem\u00e4\u00df Artikel 6 Absatz 1 Buchstabe a DSGVO. Sobald Sie die Einwilligung zur Nutzung Ihrer E-Mail-Adresse zu Werbezwecken widerrufen, l\u00f6schen wir Ihre E-Mail-Adresse aus unserem Newsletter-Verteiler.\u00a0\u00a0<br><br><strong>6. Nutzung von Cookies<\/strong>\u00a0Wenn Sie unsere Webseite besuchen, legen wir ein \u201eCookie\u201c auf Ihrem Endger\u00e4t ab. Dabei handelt es sich um eine kleine Textdatei, mit der wir Ihr Endger\u00e4t wiedererkennen k\u00f6nnen, wenn Sie unsere Seite zu sp\u00e4terer Gelegenheit wieder besuchen. Mit Hilfe des Cookies k\u00f6nnen wir auch bestimmte Nutzerverhalten analysieren, z.B., welche Teile unserer Webseite Sie nutzen, wie lange Sie auf unserer Seite bleiben und wann und wie oft Sie auf unsere Seite zur\u00fcckkehren. Wir l\u00f6schen ein abgelegtes Cookie sp\u00e4testens zw\u00f6lf Monate nach Ihrem letzten Besuch unserer Seite.\u00a0Diese Datenverarbeitung erfolgt auf Grundlage von Artikel 6 Absatz 1 Buchstabe f DSGVO zu dem Zweck, unsere Internetpr\u00e4senz noch besser auf die Interessen unserer Besucher und auf die von ihnen verwendete Technik (Endger\u00e4t- und Browser-Typen) auszurichten, und um die Funktionen unserer Seite und die Effizienz von eventuellen Werbema\u00dfnahmen zu analysieren und zu optimieren.\u00a0Sie k\u00f6nnen das Anlegen von Cookies verhindern, indem Sie zu die Cookie-Einstellungen Ihres Internetbrowsers gehen und dort f\u00fcr unsere Seite oder f\u00fcr alle Webseiten dem Anlegen von Cookies widersprechen. Dort k\u00f6nnen Sie auch bereits abgelegte Cookies wieder l\u00f6schen.\u00a0\u00a0<br><br><strong>7. Ihre Rechte<\/strong>\u00a0Bez\u00fcglich der personenbezogenen Daten, die wir \u00fcber Sie verarbeiten, stehen Ihnen die folgenden Rechte zu:\u00a0<\/p>\n\n\n\n<ul class=\"wp-block-list\"><li>Sie haben das Recht, von uns eine Best\u00e4tigung dar\u00fcber zu verlangen, ob wir Sie betreffende personenbezogene Daten verarbeiten. Ist dies der Fall, so teilen wir Ihnen die \u00fcber Sie gespeicherten personenbezogenen Daten und die weiteren Informationen gem\u00e4\u00df Artikel 15 Abs. 1 u. 2 DSGVO mit.<\/li><li>Sie haben das Recht, Sie betreffende unrichtige personenbezogene Daten unverz\u00fcglich berichtigen zu lassen. Unter Ber\u00fccksichtigung der Zwecke der Verarbeitung haben Sie auch das Recht, die Vervollst\u00e4ndigung unvollst\u00e4ndiger personenbezogener Daten \u2013 auch mittels einer erg\u00e4nzenden Erkl\u00e4rung \u2013 zu verlangen.<\/li><li>Sie k\u00f6nnen von uns die unverz\u00fcgliche L\u00f6schung der Sie betreffenden personenbezogenen Daten unter den Voraussetzungen von Artikel 17 Absatz 1 DSGVO verlangen, soweit deren Verarbeitung nicht gem\u00e4\u00df Artikel 17 Absatz 3 DSGVO erforderlich ist.<\/li><li>Sie k\u00f6nnen von uns die Einschr\u00e4nkung der Verarbeitung Ihrer Daten verlangen, wenn eine der Voraussetzungen von Artikel 18 Absatz 1 DSGVO vorliegt. Sie k\u00f6nnen die Einschr\u00e4nkung insbesondere anstelle einer L\u00f6schung verlangen.<\/li><li>Wir werden jede Berichtigung oder L\u00f6schung Ihrer personenbezogenen Daten und eine Einschr\u00e4nkung der Verarbeitung allen Empf\u00e4ngern mitteilen, denen wir Sie betreffende personenbezogene Daten offengelegt haben, es sei denn, dies erweist sich als unm\u00f6glich oder ist mit einem unverh\u00e4ltnism\u00e4\u00dfigen Aufwand verbunden. Wir werden Sie zudem \u00fcber diese Empf\u00e4nger unterrichten, wenn Sie dies verlangen.<\/li><li>Sie haben das Recht, die personenbezogenen Daten, die Sie uns bereitgestellt haben, in einem strukturierten, g\u00e4ngigen und maschinenlesbaren Format zu erhalten, und k\u00f6nnen verlangen, dass wir diese Daten einem anderen Verantwortlichen ohne Behinderung \u00fcbermitteln, soweit dies technisch m\u00f6glich ist.<\/li><li>Soweit eine Datenverarbeitung auf Ihrer Einwilligung beruht, haben Sie das Recht, Ihre Einwilligung jederzeit zu widerrufen. Durch den Widerruf der Einwilligung wird die Rechtm\u00e4\u00dfigkeit der Datenverarbeitung, die bis zu Ihrem Widerruf erfolgt ist, nicht ber\u00fchrt.<\/li><\/ul>\n\n\n\n<p>WIDERSPRUCHSRECHT: AUS GR\u00dcNDEN, DIE SICH AUS IHRER BESONDEREN SITUATION ERGEBEN, K\u00d6NNEN SIE JEDERZEIT DER VERARBEITUNG DER SIE BETREFFENDEN PERSONENBEZOGENEN DATEN WIDERSPRECHEN; dieses Widerspruchsrecht besteht in Bezug auf diejenige Datenverarbeitung, die auf Grundlage von Artikel 6 Absatz 1 Buchstabe f DSGVO zur Wahrung berechtigter Interessen unsererseits oder eines Dritten erfolgt, sofern nicht Ihre Interessen oder Grundrechte und Grundfreiheiten, die den Schutz personenbezogener Daten erfordern, \u00fcberwiegen. Wenn Sie Ihr Widerspruchsrecht aus\u00fcben, werden wir die betreffenden Daten nicht mehr verarbeiten, es sei denn, dass wir zwingende schutzw\u00fcrdige Gr\u00fcnde f\u00fcr die Verarbeitung nachweisen k\u00f6nnen, die die Interessen, Rechte und Freiheiten von Ihnen \u00fcberwiegen, oder dass die Verarbeitung der Geltendmachung, Aus\u00fcbung oder Verteidigung von Rechtsanspr\u00fcchen dient.&nbsp;F\u00dcR DEN FALL, DASS WIR PERSONENBEZOGENE DATEN F\u00dcR DIE DIREKTWERBUNG (Z.B. NEWSLETTER) VERARBEITEN, K\u00d6NNEN SIE JEDERZEIT WIDERSPRUCH GEGEN DIE VERARBEITUNG DER SIE BETREFFENDEN PERSONENBEZOGENEN DATEN ZUM ZWECKE DERARTIGER WERBUNG EINLEGEN MIT DER FOLGE, DASS WIR IHRE DATEN F\u00dcR DIESE ZWECKE NICHT MEHR VERARBEITEN WERDEN.&nbsp;Wenn Sie der Ansicht sind, dass die Verarbeitung Ihrer personenbezogenen Daten gegen die DSGVO verst\u00f6\u00dft, k\u00f6nnen Sie Beschwerde einlegen bei einer Aufsichtsbeh\u00f6rde, insbesondere in dem Mitgliedstaat Ihres Aufenthaltsorts, Ihres Arbeitsplatzes oder des Orts des mutma\u00dflichen Versto\u00dfes. Das schlie\u00dft anderweitige beh\u00f6rdliche oder gerichtliche Rechtsbehelfe nicht aus.<\/p>\n","protected":false},"excerpt":{"rendered":"<p>Datenschutzerkl\u00e4rung Nachstehend informieren wir Sie \u00fcber Art, Umfang und Zweck der Verarbeitung Ihrer personenbezogenen Daten bei der Nutzung unserer Webseite \u201ewww.fahrzeugbau-urban.de\u201c. Personenbezogene Daten sind alle Informationen, die sich auf eine identifizierte oder identifizierbare nat\u00fcrliche Person beziehen.\u00a0\u00a0\u00a0 1. Verantwortlicher und Datenschutzbeauftragter\u00a0Verantwortlicher im Sinne der EU-Datenschutzgrundverordnung (DSGVO) ist diejenige nat\u00fcrliche oder juristische Person, die allein oder gemeinsam &#8230; <a title=\"Datenschutz\" class=\"read-more\" href=\"https:\/\/fzb.mt-it-consulting.de\/index.php\/datenschutzerklaerung\/\" aria-label=\"Mehr zu Datenschutz\">Read more<\/a><\/p>\n","protected":false},"author":1,"featured_media":0,"parent":0,"menu_order":0,"comment_status":"closed","ping_status":"open","template":"","meta":{"generate_page_header":"","footnotes":""},"class_list":["post-3","page","type-page","status-publish"],"_links":{"self":[{"href":"https:\/\/fzb.mt-it-consulting.de\/index.php\/wp-json\/wp\/v2\/pages\/3","targetHints":{"allow":["GET"]}}],"collection":[{"href":"https:\/\/fzb.mt-it-consulting.de\/index.php\/wp-json\/wp\/v2\/pages"}],"about":[{"href":"https:\/\/fzb.mt-it-consulting.de\/index.php\/wp-json\/wp\/v2\/types\/page"}],"author":[{"embeddable":true,"href":"https:\/\/fzb.mt-it-consulting.de\/index.php\/wp-json\/wp\/v2\/users\/1"}],"replies":[{"embeddable":true,"href":"https:\/\/fzb.mt-it-consulting.de\/index.php\/wp-json\/wp\/v2\/comments?post=3"}],"version-history":[{"count":4,"href":"https:\/\/fzb.mt-it-consulting.de\/index.php\/wp-json\/wp\/v2\/pages\/3\/revisions"}],"predecessor-version":[{"id":206,"href":"https:\/\/fzb.mt-it-consulting.de\/index.php\/wp-json\/wp\/v2\/pages\/3\/revisions\/206"}],"wp:attachment":[{"href":"https:\/\/fzb.mt-it-consulting.de\/index.php\/wp-json\/wp\/v2\/media?parent=3"}],"curies":[{"name":"wp","href":"https:\/\/api.w.org\/{rel}","templated":true}]}}