{"id":27,"date":"2021-05-27T09:23:50","date_gmt":"2021-05-27T07:23:50","guid":{"rendered":"http:\/\/fzb.mt-it-consulting.de\/?page_id=27"},"modified":"2022-10-14T12:44:52","modified_gmt":"2022-10-14T10:44:52","slug":"impressum","status":"publish","type":"page","link":"https:\/\/fzb.mt-it-consulting.de\/index.php\/impressum\/","title":{"rendered":"Impressum"},"content":{"rendered":"\n<h2 class=\"wp-block-heading\">Angaben gem\u00e4\u00df \u00a7 5 TMG:<\/h2>\n\n\n\n<p>Fahrzeugbau Urban GmbH &amp; Co. KG<br>Industriestr. 8<\/p>\n\n\n\n<p>63825 Sch\u00f6llkrippen<\/p>\n\n\n\n<h2 class=\"wp-block-heading\">Vertreten durch:<\/h2>\n\n\n\n<p>Fahrzeugbau Urban Verwaltungs GmbH, vertreten durch den GF Daniel Urban<\/p>\n\n\n\n<p>Verantwortlicher&nbsp;im Sinne von \u00a7 18 Abs. 2 MStV<\/p>\n\n\n\n<h2 class=\"wp-block-heading\">Kontakt:<\/h2>\n\n\n\n<figure class=\"wp-block-table\"><table><tbody><tr><td>Telefon:<\/td><td>+49 (0)6024 6359899<\/td><\/tr><tr><td>Telefax:<\/td><td>+49 (0)6024 635469<\/td><\/tr><tr><td>E-Mail:<\/td><td>info(a)fahrzeugbau-urban.de<\/td><\/tr><\/tbody><\/table><\/figure>\n\n\n\n<h2 class=\"wp-block-heading\">Registereintrag:<\/h2>\n\n\n\n<p>Eintragung im Handelsregister. Registergericht: Aschaffenburg Registernummer: HRA 5745<\/p>\n\n\n\n<h2 class=\"wp-block-heading\">Umsatzsteuer-ID:<\/h2>\n\n\n\n<p>Umsatzsteuer-Identifikationsnummer gem\u00e4\u00df \u00a727 a Umsatzsteuergesetz:<br>DE 311 057 486<\/p>\n\n\n\n<h2 class=\"wp-block-heading\">Verbraucherinformation gem. Art. 14 Abs. 1 der Verordnung (EU) Nr. 524\/2013:<\/h2>\n\n\n\n<p>Die Europ\u00e4ische Kommission stellt eine Plattform zur Online-Streitbeilegung (OS) bereit:&nbsp;<a href=\"http:\/\/ec.europa.eu\/consumers\">http:\/\/ec.europa.eu\/consumers<\/a>&nbsp;. Unsere E-Mail-Adresse finden Sie oben im Impressum.<\/p>\n\n\n\n<p>Hinweis gem. \u00a7 36 Verbraucherstreitbeilegungsgesetz (VSBG): Wir sind nicht bereit oder verpflichtet, an Streitbeilegungsverfahren vor einer Verbraucherschlichtungsstelle teilzunehmen.<\/p>\n\n\n\n<p>Als Meisterbetrieb der Kfz-Innung bieten wir alternativ die Teilnahme an einem Verfahren vor einer branchenspezifischen Kfz-Schiedsstelle an. Die f\u00fcr uns zust\u00e4ndige Kfz-Schiedsstelle erreichen Sie unter:<\/p>\n\n\n\n<h2 class=\"wp-block-heading\">Schiedsstelle:<\/h2>\n\n\n\n<p>der Innung des Kraftfahrzeuggewerbes Unterfranken,<\/p>\n\n\n\n<p>Universalschlichtungsstelle des Bundes am Zentrum f\u00fcr Schlichtung e. V.,&nbsp;&nbsp;&nbsp;&nbsp;&nbsp;&nbsp;&nbsp;&nbsp;&nbsp;&nbsp;&nbsp;&nbsp; Stra\u00dfburger Str. 8, 77694 Kehl am Rhein,<\/p>\n\n\n\n<p>Tel. 07851-7957940, Fax 07851-7957941,&nbsp;<a href=\"mailto:mail@verbraucher-schlichter.de\">mail@verbraucher-schlichter.de<\/a>, www.verbraucher-schlichter.de<\/p>\n\n\n\n<p><a href=\"http:\/\/www.netlutions.de\/\" target=\"_blank\" rel=\"noreferrer noopener\"><\/a><\/p>\n\n\n\n<h2 class=\"wp-block-heading\">Haftungsausschluss:<\/h2>\n\n\n\n<p><strong>Haftung f\u00fcr Inhalte<\/strong><\/p>\n\n\n\n<p>Als Diensteanbieter sind wir gem\u00e4\u00df \u00a7 7 Abs.1 TMG f\u00fcr eigene Inhalte auf diesen Seiten nach den allgemeinen Gesetzen verantwortlich. Nach \u00a7\u00a7 8 bis 10 TMG sind wir als Diensteanbieter jedoch nicht verpflichtet, \u00fcbermittelte oder gespeicherte fremde Informationen zu \u00fcberwachen oder nach Umst\u00e4nden zu forschen, die auf eine rechtswidrige T\u00e4tigkeit hinweisen.<\/p>\n\n\n\n<p>Verpflichtungen zur Entfernung oder Sperrung der Nutzung von Informationen nach den allgemeinen Gesetzen bleiben hiervon unber\u00fchrt. Eine diesbez\u00fcgliche Haftung ist jedoch erst ab dem Zeitpunkt der Kenntnis einer konkreten Rechtsverletzung m\u00f6glich. Bei Bekanntwerden von entsprechenden Rechtsverletzungen werden wir diese Inhalte umgehend entfernen.<\/p>\n\n\n\n<p><strong>Haftung f\u00fcr Links<\/strong><\/p>\n\n\n\n<p>Unser Angebot enth\u00e4lt Links zu externen Webseiten Dritter, auf deren Inhalte wir keinen Einfluss haben. Deshalb k\u00f6nnen wir f\u00fcr diese fremden Inhalte auch keine Gew\u00e4hr \u00fcbernehmen. F\u00fcr die Inhalte der verlinkten Seiten ist stets der jeweilige Anbieter oder Betreiber der Seiten verantwortlich. Die verlinkten Seiten wurden zum Zeitpunkt der Verlinkung auf m\u00f6gliche Rechtsverst\u00f6\u00dfe \u00fcberpr\u00fcft. Rechtswidrige Inhalte waren zum Zeitpunkt der Verlinkung nicht erkennbar.<\/p>\n\n\n\n<p>Eine permanente inhaltliche Kontrolle der verlinkten Seiten ist jedoch ohne konkrete Anhaltspunkte einer Rechtsverletzung nicht zumutbar. Bei Bekanntwerden von Rechtsverletzungen werden wir derartige Links umgehend entfernen.<\/p>\n\n\n\n<p><strong>Urheberrecht<\/strong><\/p>\n\n\n\n<p>Die durch die Seitenbetreiber erstellten Inhalte und Werke auf diesen Seiten unterliegen dem deutschen Urheberrecht. Die Vervielf\u00e4ltigung, Bearbeitung, Verbreitung und jede Art der Verwertung au\u00dferhalb der Grenzen des Urheberrechtes bed\u00fcrfen der schriftlichen Zustimmung des jeweiligen Autors bzw. Erstellers. Downloads und Kopien dieser Seite sind nur f\u00fcr den privaten, nicht kommerziellen Gebrauch gestattet.<\/p>\n\n\n\n<p>Soweit die Inhalte auf dieser Seite nicht vom Betreiber erstellt wurden, werden die Urheberrechte Dritter beachtet. Insbesondere werden Inhalte Dritter als solche gekennzeichnet. Sollten Sie trotzdem auf eine Urheberrechtsverletzung aufmerksam werden, bitten wir um einen entsprechenden Hinweis. Bei Bekanntwerden von Rechtsverletzungen werden wir derartige Inhalte umgehend entfernen.<\/p>\n\n\n\n<p><em>Quelle:&nbsp;<a href=\"http:\/\/www.e-recht24.de\/muster-disclaimer.html\" target=\"_blank\" rel=\"noreferrer noopener\">eRecht24<\/a><\/em><\/p>\n\n\n\n<p><strong>Datenschutz<\/strong><\/p>\n\n\n\n<p>Die Betreiber dieser Seiten nehmen den Schutz Ihrer pers\u00f6nlichen Daten sehr ernst. Wir behandeln Ihre personenbezogenen Daten vertraulich und&nbsp;entsprechend der gesetzlichen Datenschutzvorschriften sowie dieser Datenschutzerkl\u00e4rung.<\/p>\n\n\n\n<p>Die Nutzung unserer Website ist in der Regel ohne Angabe personenbezogener Daten m\u00f6glich. Soweit auf unseren Seiten personenbezogene Daten (beispielsweise Name, Anschrift oder E-Mail-Adressen) erhoben werden, erfolgt dies, soweit m\u00f6glich, stets auf freiwilliger Basis. Diese Daten werden ohne Ihre ausdr\u00fcckliche Zustimmung nicht an Dritte weitergegeben.<\/p>\n\n\n\n<p>Wir weisen darauf hin, dass die Daten\u00fcbertragung im Internet (z.B. bei der Kommunikation per E-Mail) Sicherheitsl\u00fccken aufweisen kann. Ein l\u00fcckenloser Schutz der Daten vor dem Zugriff durch Dritte ist nicht m\u00f6glich.<\/p>\n\n\n\n<p><strong>Auskunft, L\u00f6schung, Sperrung<\/strong><\/p>\n\n\n\n<p>Sie haben jederzeit das Recht auf unentgeltliche Auskunft \u00fcber Ihre gespeicherten personenbezogenen Daten, deren Herkunft und Empf\u00e4nger und den Zweck der Datenverarbeitung sowie ein Recht auf Berichtigung, Sperrung oder L\u00f6schung dieser Daten. Hierzu sowie zu weiteren Fragen zum Thema personenbezogene Daten k\u00f6nnen Sie sich jederzeit unter der im Impressum angegebenen Adresse an uns wenden.<\/p>\n\n\n\n<p><strong>Kontaktformular<\/strong><\/p>\n\n\n\n<p>Wenn Sie uns per Kontaktformular Anfragen zukommen lassen, werden Ihre Angaben aus dem Anfrageformular inklusive der von Ihnen dort angegebenen Kontaktdaten zwecks Bearbeitung der Anfrage und f\u00fcr den Fall von Anschlussfragen bei uns gespeichert. Diese Daten geben wir nicht ohne Ihre Einwilligung weiter.<\/p>\n\n\n\n<p>\u00a0<br>Bildnachweise:<br>Die Bilder und Grafiken, die auf dieser Website verwendet werden, wurden selbst fotografiert und bearbeitet, oder von Kunden \/ Partnern zur Verf\u00fcgung gestellt.<\/p>\n","protected":false},"excerpt":{"rendered":"<p>Angaben gem\u00e4\u00df \u00a7 5 TMG: Fahrzeugbau Urban GmbH &amp; Co. KGIndustriestr. 8 63825 Sch\u00f6llkrippen Vertreten durch: Fahrzeugbau Urban Verwaltungs GmbH, vertreten durch den GF Daniel Urban Verantwortlicher&nbsp;im Sinne von \u00a7 18 Abs. 2 MStV Kontakt: Telefon: +49 (0)6024 6359899 Telefax: +49 (0)6024 635469 E-Mail: info(a)fahrzeugbau-urban.de Registereintrag: Eintragung im Handelsregister. Registergericht: Aschaffenburg Registernummer: HRA 5745 Umsatzsteuer-ID: &#8230; <a title=\"Impressum\" class=\"read-more\" href=\"https:\/\/fzb.mt-it-consulting.de\/index.php\/impressum\/\" aria-label=\"Mehr zu Impressum\">Read more<\/a><\/p>\n","protected":false},"author":1,"featured_media":0,"parent":0,"menu_order":0,"comment_status":"closed","ping_status":"closed","template":"","meta":{"generate_page_header":"","footnotes":""},"class_list":["post-27","page","type-page","status-publish"],"_links":{"self":[{"href":"https:\/\/fzb.mt-it-consulting.de\/index.php\/wp-json\/wp\/v2\/pages\/27","targetHints":{"allow":["GET"]}}],"collection":[{"href":"https:\/\/fzb.mt-it-consulting.de\/index.php\/wp-json\/wp\/v2\/pages"}],"about":[{"href":"https:\/\/fzb.mt-it-consulting.de\/index.php\/wp-json\/wp\/v2\/types\/page"}],"author":[{"embeddable":true,"href":"https:\/\/fzb.mt-it-consulting.de\/index.php\/wp-json\/wp\/v2\/users\/1"}],"replies":[{"embeddable":true,"href":"https:\/\/fzb.mt-it-consulting.de\/index.php\/wp-json\/wp\/v2\/comments?post=27"}],"version-history":[{"count":3,"href":"https:\/\/fzb.mt-it-consulting.de\/index.php\/wp-json\/wp\/v2\/pages\/27\/revisions"}],"predecessor-version":[{"id":1375,"href":"https:\/\/fzb.mt-it-consulting.de\/index.php\/wp-json\/wp\/v2\/pages\/27\/revisions\/1375"}],"wp:attachment":[{"href":"https:\/\/fzb.mt-it-consulting.de\/index.php\/wp-json\/wp\/v2\/media?parent=27"}],"curies":[{"name":"wp","href":"https:\/\/api.w.org\/{rel}","templated":true}]}}