{"id":23,"date":"2021-05-27T09:22:44","date_gmt":"2021-05-27T07:22:44","guid":{"rendered":"http:\/\/fzb.mt-it-consulting.de\/?page_id=23"},"modified":"2022-10-14T09:25:39","modified_gmt":"2022-10-14T07:25:39","slug":"saugfahrzeuge","status":"publish","type":"page","link":"https:\/\/fzb.mt-it-consulting.de\/index.php\/saugfahrzeuge\/","title":{"rendered":"Saugfahrzeuge"},"content":{"rendered":"\n<h3 class=\"has-white-color has-text-color has-background wp-block-heading\" style=\"background-color:#00387b\"><a href=\"https:\/\/www.rsp-germany.com\/de\/\" target=\"_blank\" rel=\"noreferrer noopener\"><img loading=\"lazy\" decoding=\"async\" width=\"75\" height=\"83\" class=\"wp-image-401\" style=\"width: 75px;\" src=\"http:\/\/fzb.mt-it-consulting.de\/wp-content\/uploads\/2022\/09\/RSP-Logo.jpg\" alt=\"\" srcset=\"https:\/\/fzb.mt-it-consulting.de\/wp-content\/uploads\/2022\/09\/RSP-Logo.jpg 449w, https:\/\/fzb.mt-it-consulting.de\/wp-content\/uploads\/2022\/09\/RSP-Logo-273x300.jpg 273w\" sizes=\"auto, (max-width: 75px) 100vw, 75px\" \/><\/a>  Seit 2018 sind wir qualifizierter Servicepartner der Firma RSP GmbH. <\/h3>\n\n\n\n<div class=\"wp-block-columns is-layout-flex wp-container-core-columns-is-layout-9d6595d7 wp-block-columns-is-layout-flex\">\n<div class=\"wp-block-column is-layout-flow wp-block-column-is-layout-flow\">\n<h2 class=\"has-text-align-center wp-block-heading\"><a href=\"http:\/\/fzb.mt-it-consulting.de\/index.php\/rsp-servicepartner\/\">RSP-Servicepartner<\/a><\/h2>\n\n\n<div id=\"metaslider-id-406\" style=\"width: 100%;\" class=\"ml-slider-3-109-0 metaslider metaslider-flex metaslider-406 ml-slider has-dots-nav ms-theme-default\" role=\"region\" aria-label=\"Saugfahrzeuge RSP Servicepartner\" data-height=\"300\" data-width=\"700\">\n    <div id=\"metaslider_container_406\">\n        <div id=\"metaslider_406\">\n            <ul class='slides'>\n                <li style=\"display: block; width: 100%;\" class=\"slide-410 ms-image \" aria-roledescription=\"slide\" data-date=\"2022-09-23 14:16:49\" data-filename=\"RSP-Saugbagger-2022-03-700x300.jpg\" data-slide-type=\"image\"><img loading=\"lazy\" decoding=\"async\" src=\"https:\/\/fzb.mt-it-consulting.de\/wp-content\/uploads\/2022\/09\/RSP-Saugbagger-2022-03-700x300.jpg\" height=\"300\" width=\"700\" alt=\"\" class=\"slider-406 slide-410 msDefaultImage\" title=\"RSP Saugbagger 2022-03\" \/><\/li>\n                <li style=\"display: none; width: 100%;\" class=\"slide-411 ms-image \" aria-roledescription=\"slide\" data-date=\"2022-09-23 14:16:49\" data-filename=\"RSP-Saugbagger-2022-02-700x300.jpg\" data-slide-type=\"image\"><img loading=\"lazy\" decoding=\"async\" src=\"https:\/\/fzb.mt-it-consulting.de\/wp-content\/uploads\/2022\/09\/RSP-Saugbagger-2022-02-700x300.jpg\" height=\"300\" width=\"700\" alt=\"\" class=\"slider-406 slide-411 msDefaultImage\" title=\"RSP Saugbagger 2022-02\" \/><\/li>\n                <li style=\"display: none; width: 100%;\" class=\"slide-412 ms-image \" aria-roledescription=\"slide\" data-date=\"2022-09-23 14:16:50\" data-filename=\"RSP-Saugbagger-2022-01-700x300.jpg\" data-slide-type=\"image\"><img loading=\"lazy\" decoding=\"async\" src=\"https:\/\/fzb.mt-it-consulting.de\/wp-content\/uploads\/2022\/09\/RSP-Saugbagger-2022-01-700x300.jpg\" height=\"300\" width=\"700\" alt=\"\" class=\"slider-406 slide-412 msDefaultImage\" title=\"RSP Saugbagger 2022-01\" \/><\/li>\n            <\/ul>\n        <\/div>\n        \n    <\/div>\n<\/div>\n<\/div>\n\n\n\n<div class=\"wp-block-column is-layout-flow wp-block-column-is-layout-flow\">\n<h2 class=\"has-text-align-center wp-block-heading\"><a href=\"http:\/\/fzb.mt-it-consulting.de\/index.php\/reparatur-service\/\">Reparatur-Service<\/a><\/h2>\n\n\n<div id=\"metaslider-id-434\" style=\"max-width: 400px; margin: 0 auto;\" class=\"ml-slider-3-109-0 metaslider metaslider-flex metaslider-434 ml-slider has-dots-nav ms-theme-default\" role=\"region\" aria-label=\"Reparatur-Service\" data-height=\"180\" data-width=\"400\">\n    <div id=\"metaslider_container_434\">\n        <div id=\"metaslider_434\">\n            <ul class='slides'>\n                <li style=\"display: block; width: 100%;\" class=\"slide-1306 ms-image \" aria-roledescription=\"slide\" data-date=\"2022-10-12 11:16:33\" data-filename=\"Saugbagger-Instandsetzung-scaled.jpg\" data-slide-type=\"image\"><img loading=\"lazy\" decoding=\"async\" width=\"2560\" height=\"1920\" src=\"https:\/\/fzb.mt-it-consulting.de\/wp-content\/uploads\/2022\/10\/Saugbagger-Instandsetzung-scaled.jpg?v=1665143168\" class=\"slider-434 slide-1306 msDefaultImage\" alt=\"\" rel=\"\" title=\"Saugbagger-Instandsetzung\" srcset=\"https:\/\/fzb.mt-it-consulting.de\/wp-content\/uploads\/2022\/10\/Saugbagger-Instandsetzung-scaled.jpg?v=1665143168 2560w, https:\/\/fzb.mt-it-consulting.de\/wp-content\/uploads\/2022\/10\/Saugbagger-Instandsetzung-300x225.jpg?v=1665143168 300w, https:\/\/fzb.mt-it-consulting.de\/wp-content\/uploads\/2022\/10\/Saugbagger-Instandsetzung-1024x768.jpg?v=1665143168 1024w, https:\/\/fzb.mt-it-consulting.de\/wp-content\/uploads\/2022\/10\/Saugbagger-Instandsetzung-768x576.jpg?v=1665143168 768w, https:\/\/fzb.mt-it-consulting.de\/wp-content\/uploads\/2022\/10\/Saugbagger-Instandsetzung-1536x1152.jpg?v=1665143168 1536w, https:\/\/fzb.mt-it-consulting.de\/wp-content\/uploads\/2022\/10\/Saugbagger-Instandsetzung-2048x1536.jpg?v=1665143168 2048w\" sizes=\"auto, (max-width: 2560px) 100vw, 2560px\" \/><\/li>\n                <li style=\"display: none; width: 100%;\" class=\"slide-1307 ms-image \" aria-roledescription=\"slide\" data-date=\"2022-10-12 11:16:44\" data-filename=\"Maschinenhaus-erneuern-scaled.jpg\" data-slide-type=\"image\"><img loading=\"lazy\" decoding=\"async\" width=\"2560\" height=\"1920\" src=\"https:\/\/fzb.mt-it-consulting.de\/wp-content\/uploads\/2022\/10\/Maschinenhaus-erneuern-scaled.jpg?v=1665143107\" class=\"slider-434 slide-1307 msDefaultImage\" alt=\"\" rel=\"\" title=\"Maschinenhaus-erneuern\" srcset=\"https:\/\/fzb.mt-it-consulting.de\/wp-content\/uploads\/2022\/10\/Maschinenhaus-erneuern-scaled.jpg?v=1665143107 2560w, https:\/\/fzb.mt-it-consulting.de\/wp-content\/uploads\/2022\/10\/Maschinenhaus-erneuern-300x225.jpg?v=1665143107 300w, https:\/\/fzb.mt-it-consulting.de\/wp-content\/uploads\/2022\/10\/Maschinenhaus-erneuern-1024x768.jpg?v=1665143107 1024w, https:\/\/fzb.mt-it-consulting.de\/wp-content\/uploads\/2022\/10\/Maschinenhaus-erneuern-768x576.jpg?v=1665143107 768w, https:\/\/fzb.mt-it-consulting.de\/wp-content\/uploads\/2022\/10\/Maschinenhaus-erneuern-1536x1152.jpg?v=1665143107 1536w, https:\/\/fzb.mt-it-consulting.de\/wp-content\/uploads\/2022\/10\/Maschinenhaus-erneuern-2048x1536.jpg?v=1665143107 2048w\" sizes=\"auto, (max-width: 2560px) 100vw, 2560px\" \/><\/li>\n                <li style=\"display: none; width: 100%;\" class=\"slide-1308 ms-image \" aria-roledescription=\"slide\" data-date=\"2022-10-12 11:16:50\" data-filename=\"Maschinengehaeuse-instandsetzen-2-scaled.jpg\" data-slide-type=\"image\"><img loading=\"lazy\" decoding=\"async\" width=\"2560\" height=\"1920\" src=\"https:\/\/fzb.mt-it-consulting.de\/wp-content\/uploads\/2022\/10\/Maschinengehaeuse-instandsetzen-2-scaled.jpg?v=1665142948\" class=\"slider-434 slide-1308 msDefaultImage\" alt=\"\" rel=\"\" title=\"Maschinengeh\u00e4use instandsetzen-2\" srcset=\"https:\/\/fzb.mt-it-consulting.de\/wp-content\/uploads\/2022\/10\/Maschinengehaeuse-instandsetzen-2-scaled.jpg?v=1665142948 2560w, https:\/\/fzb.mt-it-consulting.de\/wp-content\/uploads\/2022\/10\/Maschinengehaeuse-instandsetzen-2-300x225.jpg?v=1665142948 300w, https:\/\/fzb.mt-it-consulting.de\/wp-content\/uploads\/2022\/10\/Maschinengehaeuse-instandsetzen-2-1024x768.jpg?v=1665142948 1024w, https:\/\/fzb.mt-it-consulting.de\/wp-content\/uploads\/2022\/10\/Maschinengehaeuse-instandsetzen-2-768x576.jpg?v=1665142948 768w, https:\/\/fzb.mt-it-consulting.de\/wp-content\/uploads\/2022\/10\/Maschinengehaeuse-instandsetzen-2-1536x1152.jpg?v=1665142948 1536w, https:\/\/fzb.mt-it-consulting.de\/wp-content\/uploads\/2022\/10\/Maschinengehaeuse-instandsetzen-2-2048x1536.jpg?v=1665142948 2048w\" sizes=\"auto, (max-width: 2560px) 100vw, 2560px\" \/><\/li>\n            <\/ul>\n        <\/div>\n        \n    <\/div>\n<\/div>\n<\/div>\n<\/div>\n\n\n\n<div class=\"wp-block-columns is-layout-flex wp-container-core-columns-is-layout-9d6595d7 wp-block-columns-is-layout-flex\">\n<div class=\"wp-block-column is-layout-flow wp-block-column-is-layout-flow\">\n<h2 class=\"wp-block-heading\"><a href=\"http:\/\/fzb.mt-it-consulting.de\/index.php\/saugfahrzeuge\/werkstattersatz-luftfoerderanlage\/\">Werkstattersatz Luftf\u00f6rderanlage<\/a><\/h2>\n\n\n\n<figure class=\"wp-block-image size-large\"><a href=\"http:\/\/fzb.mt-it-consulting.de\/index.php\/saugfahrzeuge\/werkstattersatz-luftfoerderanlage\/\"><img loading=\"lazy\" decoding=\"async\" width=\"1024\" height=\"768\" src=\"http:\/\/fzb.mt-it-consulting.de\/wp-content\/uploads\/2022\/09\/Werkstattersatz-Luftfoerderanlage-2-1024x768.jpg\" alt=\"\" class=\"wp-image-449\" srcset=\"https:\/\/fzb.mt-it-consulting.de\/wp-content\/uploads\/2022\/09\/Werkstattersatz-Luftfoerderanlage-2-1024x768.jpg?v=1664371135 1024w, https:\/\/fzb.mt-it-consulting.de\/wp-content\/uploads\/2022\/09\/Werkstattersatz-Luftfoerderanlage-2-300x225.jpg?v=1664371135 300w, https:\/\/fzb.mt-it-consulting.de\/wp-content\/uploads\/2022\/09\/Werkstattersatz-Luftfoerderanlage-2-768x576.jpg?v=1664371135 768w, https:\/\/fzb.mt-it-consulting.de\/wp-content\/uploads\/2022\/09\/Werkstattersatz-Luftfoerderanlage-2-1536x1152.jpg?v=1664371135 1536w, https:\/\/fzb.mt-it-consulting.de\/wp-content\/uploads\/2022\/09\/Werkstattersatz-Luftfoerderanlage-2.jpg?v=1664371135 1600w\" sizes=\"auto, (max-width: 1024px) 100vw, 1024px\" \/><\/a><\/figure>\n\n\n\n<p><\/p>\n<\/div>\n\n\n\n<div class=\"wp-block-column is-layout-flow wp-block-column-is-layout-flow\">\n<h2 class=\"wp-block-heading\"><a href=\"http:\/\/fzb.mt-it-consulting.de\/index.php\/zubehoer-luftfoerdertechnik\/\">Zubeh\u00f6r Luftf\u00f6rdertechnik<\/a><\/h2>\n\n\n\n<figure class=\"wp-block-image size-full\"><a href=\"http:\/\/fzb.mt-it-consulting.de\/index.php\/zubehoer-luftfoerdertechnik\/\"><img loading=\"lazy\" decoding=\"async\" width=\"1024\" height=\"768\" src=\"http:\/\/fzb.mt-it-consulting.de\/wp-content\/uploads\/2022\/09\/Zubehoer-Saugfahrzeuge.jpg\" alt=\"\" class=\"wp-image-927\" srcset=\"https:\/\/fzb.mt-it-consulting.de\/wp-content\/uploads\/2022\/09\/Zubehoer-Saugfahrzeuge.jpg?v=1664464592 1024w, https:\/\/fzb.mt-it-consulting.de\/wp-content\/uploads\/2022\/09\/Zubehoer-Saugfahrzeuge-300x225.jpg?v=1664464592 300w, https:\/\/fzb.mt-it-consulting.de\/wp-content\/uploads\/2022\/09\/Zubehoer-Saugfahrzeuge-768x576.jpg?v=1664464592 768w\" sizes=\"auto, (max-width: 1024px) 100vw, 1024px\" \/><\/a><\/figure>\n<\/div>\n<\/div>\n\n\n\n<div class=\"wp-block-group has-white-color has-text-color has-background\" style=\"background-color:#00387b\"><div class=\"wp-block-group__inner-container is-layout-flow wp-block-group-is-layout-flow\">\n<p><strong>NEU:<\/strong>&nbsp;<strong>Sauger-Reparatur-Service f\u00fcr mobile Trockensauger<\/strong><\/p>\n\n\n\n<p>&#8211;&nbsp;&nbsp;&nbsp;&nbsp;&nbsp; Reparaturen an Trockensaugfahrzeugen aller Aufbauhersteller <br>&#8211;&nbsp;&nbsp;&nbsp;&nbsp;&nbsp; Herstellung von Verschlei\u00dfteilen f\u00fcr Saug- u. Blasleitungen <br>&#8211;&nbsp;&nbsp;&nbsp;&nbsp;&nbsp; Sonderumbauten f\u00fcr spezifische Eins\u00e4tze <br>&#8211;&nbsp;&nbsp;&nbsp;&nbsp;&nbsp; Wartungsdienst\/Inspektion aller Fabrikate (auch Fahrgestell) <br>&#8211;&nbsp;&nbsp;&nbsp;&nbsp;&nbsp; Reparatur f\u00fcr Zusatzger\u00e4te (Hammerm\u00fchle, Backenbrecher u. \u00e4.) <br>&#8211;&nbsp;&nbsp;&nbsp;&nbsp;&nbsp; Zubeh\u00f6r f\u00fcr Saug- u. Blasarbeiten <br>&#8211;&nbsp;&nbsp;&nbsp;&nbsp;&nbsp; Service-Notdienst <br>&#8211;&nbsp;&nbsp;&nbsp;&nbsp;&nbsp; gesetzl. Pr\u00fcfungen (HU\/AU) <br>&#8211;&nbsp;&nbsp;&nbsp;&nbsp;&nbsp; Sicherheitspr\u00fcfungen (SP) <br>&#8211;&nbsp;&nbsp;&nbsp;&nbsp;&nbsp; Tachopr\u00fcfung nach \u00a7 57 b <br>&#8211;&nbsp;&nbsp;&nbsp;&nbsp;&nbsp; Vermietung unseres Bigbag-Saugschrankes<\/p>\n<\/div><\/div>\n","protected":false},"excerpt":{"rendered":"<p>Seit 2018 sind wir qualifizierter Servicepartner der Firma RSP GmbH. RSP-Servicepartner Reparatur-Service Werkstattersatz Luftf\u00f6rderanlage Zubeh\u00f6r Luftf\u00f6rdertechnik NEU:&nbsp;Sauger-Reparatur-Service f\u00fcr mobile Trockensauger &#8211;&nbsp;&nbsp;&nbsp;&nbsp;&nbsp; Reparaturen an Trockensaugfahrzeugen aller Aufbauhersteller &#8211;&nbsp;&nbsp;&nbsp;&nbsp;&nbsp; Herstellung von Verschlei\u00dfteilen f\u00fcr Saug- u. Blasleitungen &#8211;&nbsp;&nbsp;&nbsp;&nbsp;&nbsp; Sonderumbauten f\u00fcr spezifische Eins\u00e4tze &#8211;&nbsp;&nbsp;&nbsp;&nbsp;&nbsp; Wartungsdienst\/Inspektion aller Fabrikate (auch Fahrgestell) &#8211;&nbsp;&nbsp;&nbsp;&nbsp;&nbsp; Reparatur f\u00fcr Zusatzger\u00e4te (Hammerm\u00fchle, Backenbrecher u. \u00e4.) &#8211;&nbsp;&nbsp;&nbsp;&nbsp;&nbsp; Zubeh\u00f6r &#8230; <a title=\"Saugfahrzeuge\" class=\"read-more\" href=\"https:\/\/fzb.mt-it-consulting.de\/index.php\/saugfahrzeuge\/\" aria-label=\"Mehr zu Saugfahrzeuge\">Read more<\/a><\/p>\n","protected":false},"author":1,"featured_media":0,"parent":0,"menu_order":0,"comment_status":"closed","ping_status":"closed","template":"","meta":{"generate_page_header":"","footnotes":""},"class_list":["post-23","page","type-page","status-publish"],"_links":{"self":[{"href":"https:\/\/fzb.mt-it-consulting.de\/index.php\/wp-json\/wp\/v2\/pages\/23","targetHints":{"allow":["GET"]}}],"collection":[{"href":"https:\/\/fzb.mt-it-consulting.de\/index.php\/wp-json\/wp\/v2\/pages"}],"about":[{"href":"https:\/\/fzb.mt-it-consulting.de\/index.php\/wp-json\/wp\/v2\/types\/page"}],"author":[{"embeddable":true,"href":"https:\/\/fzb.mt-it-consulting.de\/index.php\/wp-json\/wp\/v2\/users\/1"}],"replies":[{"embeddable":true,"href":"https:\/\/fzb.mt-it-consulting.de\/index.php\/wp-json\/wp\/v2\/comments?post=23"}],"version-history":[{"count":34,"href":"https:\/\/fzb.mt-it-consulting.de\/index.php\/wp-json\/wp\/v2\/pages\/23\/revisions"}],"predecessor-version":[{"id":1323,"href":"https:\/\/fzb.mt-it-consulting.de\/index.php\/wp-json\/wp\/v2\/pages\/23\/revisions\/1323"}],"wp:attachment":[{"href":"https:\/\/fzb.mt-it-consulting.de\/index.php\/wp-json\/wp\/v2\/media?parent=23"}],"curies":[{"name":"wp","href":"https:\/\/api.w.org\/{rel}","templated":true}]}}