{"id":21,"date":"2021-05-27T09:22:22","date_gmt":"2021-05-27T07:22:22","guid":{"rendered":"http:\/\/fzb.mt-it-consulting.de\/?page_id=21"},"modified":"2022-10-05T13:41:28","modified_gmt":"2022-10-05T11:41:28","slug":"reparatur-und-service","status":"publish","type":"page","link":"https:\/\/fzb.mt-it-consulting.de\/index.php\/reparatur-und-service\/","title":{"rendered":"Reparatur und Service"},"content":{"rendered":"\n<p class=\"has-white-color has-text-color has-background\" style=\"background-color:#00387b\">Unser Dienstleistungsspektrum beinhaltet einen kompletten Service rund um Ihr Fahrzeug. <br>F\u00fcr T\u00e4tigkeiten, die in unserem Hause nicht durchgef\u00fchrt werden k\u00f6nnen, arbeiten wir mit kompetenten Partnern zusammen. Wir k\u00fcmmern uns um die Abwicklung und Sie erhalten einen umfangreichen Service mit nur einem Ansprechpartner.<\/p>\n\n\n\n<div class=\"wp-block-columns is-layout-flex wp-container-core-columns-is-layout-9d6595d7 wp-block-columns-is-layout-flex\">\n<div class=\"wp-block-column is-layout-flow wp-block-column-is-layout-flow\">\n<h2 class=\"has-text-align-center wp-block-heading\"><a href=\"http:\/\/fzb.mt-it-consulting.de\/index.php\/pkw-lkw-trailer-service\/\">PKW-LKW-TRAILER Service<\/a><\/h2>\n\n\n\n<figure class=\"wp-block-image size-full\"><a href=\"http:\/\/fzb.mt-it-consulting.de\/index.php\/pkw-lkw-trailer-service\/\"><img loading=\"lazy\" decoding=\"async\" width=\"1024\" height=\"768\" src=\"http:\/\/fzb.mt-it-consulting.de\/wp-content\/uploads\/2022\/09\/Service-PKW-LKW-Trailer.jpg\" alt=\"\" class=\"wp-image-925\" srcset=\"https:\/\/fzb.mt-it-consulting.de\/wp-content\/uploads\/2022\/09\/Service-PKW-LKW-Trailer.jpg?v=1664464377 1024w, https:\/\/fzb.mt-it-consulting.de\/wp-content\/uploads\/2022\/09\/Service-PKW-LKW-Trailer-300x225.jpg?v=1664464377 300w, https:\/\/fzb.mt-it-consulting.de\/wp-content\/uploads\/2022\/09\/Service-PKW-LKW-Trailer-768x576.jpg?v=1664464377 768w\" sizes=\"auto, (max-width: 1024px) 100vw, 1024px\" \/><\/a><\/figure>\n<\/div>\n\n\n\n<div class=\"wp-block-column is-layout-flow wp-block-column-is-layout-flow\">\n<h2 class=\"has-text-align-center wp-block-heading\"><a href=\"http:\/\/fzb.mt-it-consulting.de\/index.php\/nachruestungen\/\">Nachr\u00fcstungen<\/a><br><\/h2>\n\n\n\n<figure class=\"wp-block-image size-large\"><a href=\"http:\/\/fzb.mt-it-consulting.de\/index.php\/nachruestungen\/\"><img loading=\"lazy\" decoding=\"async\" width=\"1024\" height=\"768\" src=\"http:\/\/fzb.mt-it-consulting.de\/wp-content\/uploads\/2022\/09\/Nachruesstungen_Kugelkopfkupplungsanbau-1024x768.jpg\" alt=\"\" class=\"wp-image-612\" srcset=\"https:\/\/fzb.mt-it-consulting.de\/wp-content\/uploads\/2022\/09\/Nachruesstungen_Kugelkopfkupplungsanbau-1024x768.jpg?v=1664369927 1024w, https:\/\/fzb.mt-it-consulting.de\/wp-content\/uploads\/2022\/09\/Nachruesstungen_Kugelkopfkupplungsanbau-300x225.jpg?v=1664369927 300w, https:\/\/fzb.mt-it-consulting.de\/wp-content\/uploads\/2022\/09\/Nachruesstungen_Kugelkopfkupplungsanbau-768x576.jpg?v=1664369927 768w, https:\/\/fzb.mt-it-consulting.de\/wp-content\/uploads\/2022\/09\/Nachruesstungen_Kugelkopfkupplungsanbau.jpg?v=1664369927 1080w\" sizes=\"auto, (max-width: 1024px) 100vw, 1024px\" \/><\/a><\/figure>\n<\/div>\n\n\n\n<div class=\"wp-block-column is-layout-flow wp-block-column-is-layout-flow\">\n<h2 class=\"has-text-align-center wp-block-heading\"><a href=\"http:\/\/fzb.mt-it-consulting.de\/index.php\/hol-bring-service\/\">Hol-Bring-Service<\/a><\/h2>\n\n\n\n<figure class=\"wp-block-image size-large\"><a href=\"http:\/\/fzb.mt-it-consulting.de\/index.php\/hol-bring-service\/\"><img loading=\"lazy\" decoding=\"async\" width=\"1024\" height=\"768\" src=\"http:\/\/fzb.mt-it-consulting.de\/wp-content\/uploads\/2022\/09\/Werkstattersatzwagen_2022-10-1-1024x768.jpg\" alt=\"\" class=\"wp-image-600\" srcset=\"https:\/\/fzb.mt-it-consulting.de\/wp-content\/uploads\/2022\/09\/Werkstattersatzwagen_2022-10-1-1024x768.jpg?v=1664369240 1024w, https:\/\/fzb.mt-it-consulting.de\/wp-content\/uploads\/2022\/09\/Werkstattersatzwagen_2022-10-1-300x225.jpg?v=1664369240 300w, https:\/\/fzb.mt-it-consulting.de\/wp-content\/uploads\/2022\/09\/Werkstattersatzwagen_2022-10-1-768x576.jpg?v=1664369240 768w, https:\/\/fzb.mt-it-consulting.de\/wp-content\/uploads\/2022\/09\/Werkstattersatzwagen_2022-10-1.jpg?v=1664369240 1080w\" sizes=\"auto, (max-width: 1024px) 100vw, 1024px\" \/><\/a><\/figure>\n<\/div>\n<\/div>\n","protected":false},"excerpt":{"rendered":"<p>Unser Dienstleistungsspektrum beinhaltet einen kompletten Service rund um Ihr Fahrzeug. F\u00fcr T\u00e4tigkeiten, die in unserem Hause nicht durchgef\u00fchrt werden k\u00f6nnen, arbeiten wir mit kompetenten Partnern zusammen. Wir k\u00fcmmern uns um die Abwicklung und Sie erhalten einen umfangreichen Service mit nur einem Ansprechpartner. PKW-LKW-TRAILER Service Nachr\u00fcstungen Hol-Bring-Service<\/p>\n","protected":false},"author":1,"featured_media":0,"parent":0,"menu_order":0,"comment_status":"closed","ping_status":"closed","template":"","meta":{"generate_page_header":"","footnotes":""},"class_list":["post-21","page","type-page","status-publish"],"_links":{"self":[{"href":"https:\/\/fzb.mt-it-consulting.de\/index.php\/wp-json\/wp\/v2\/pages\/21","targetHints":{"allow":["GET"]}}],"collection":[{"href":"https:\/\/fzb.mt-it-consulting.de\/index.php\/wp-json\/wp\/v2\/pages"}],"about":[{"href":"https:\/\/fzb.mt-it-consulting.de\/index.php\/wp-json\/wp\/v2\/types\/page"}],"author":[{"embeddable":true,"href":"https:\/\/fzb.mt-it-consulting.de\/index.php\/wp-json\/wp\/v2\/users\/1"}],"replies":[{"embeddable":true,"href":"https:\/\/fzb.mt-it-consulting.de\/index.php\/wp-json\/wp\/v2\/comments?post=21"}],"version-history":[{"count":59,"href":"https:\/\/fzb.mt-it-consulting.de\/index.php\/wp-json\/wp\/v2\/pages\/21\/revisions"}],"predecessor-version":[{"id":942,"href":"https:\/\/fzb.mt-it-consulting.de\/index.php\/wp-json\/wp\/v2\/pages\/21\/revisions\/942"}],"wp:attachment":[{"href":"https:\/\/fzb.mt-it-consulting.de\/index.php\/wp-json\/wp\/v2\/media?parent=21"}],"curies":[{"name":"wp","href":"https:\/\/api.w.org\/{rel}","templated":true}]}}