{"id":2,"date":"2021-02-02T19:46:40","date_gmt":"2021-02-02T18:46:40","guid":{"rendered":"http:\/\/fzb.mt-it-consulting.de\/?page_id=2"},"modified":"2026-02-23T13:06:31","modified_gmt":"2026-02-23T12:06:31","slug":"beispiel-seite","status":"publish","type":"page","link":"https:\/\/fzb.mt-it-consulting.de\/","title":{"rendered":"Start"},"content":{"rendered":"\n<p class=\"has-text-align-center\"><strong>unsere \u00d6ffnungszeiten:<\/strong><\/p>\n\n\n\n<p class=\"has-text-align-center\"><strong>Reparatur: Mo. &#8211; Fr. 8:00 &#8211; 12:00 Uhr und 13:00 &#8211; 16:00 Uhr<br>Waschpark: Mo. &#8211; Sa. 8:30 &#8211; 18:00 Uhr<\/strong><\/p>\n\n\n\n<p class=\"has-text-align-center\"><\/p>\n\n\n\n<p class=\"has-white-color has-text-color has-background\" style=\"background-color:#00387b\">Wir freuen uns \u00fcber Ihren Besuch auf unseren Internetseiten.<br><br>Sie suchen einen kompetenten und zuverl\u00e4ssigen Ansprechpartner f\u00fcr Ihr Fahrzeug?<br><br>Dann sind Sie bei uns genau richtig! <br>Wir sind eine freie Kfz-Werkstatt, die der Kfz-Innung f\u00fcr Unterfranken angeh\u00f6rt und reparieren&nbsp;<strong>Fahrzeuge s\u00e4mtlicher Hersteller.<\/strong><br><br>Mit unserem&nbsp;<strong>kompletten Rundum-Service f\u00fcr alle Marken<\/strong>&nbsp;bieten wir Ihnen <strong>Meisterqualit\u00e4t <\/strong>.<br><br>Auch&nbsp;<strong>Sonderw\u00fcnsche&nbsp;<\/strong>werden durch unser qualifiziertes Personal gerne f\u00fcr Sie ausgef\u00fchrt.<\/p>\n\n\n<div id=\"metaslider-id-118\" style=\"max-width: 350px; margin: 0 auto;\" class=\"ml-slider-3-109-0 metaslider metaslider-flex metaslider-118 ml-slider has-dots-nav ms-theme-default\" role=\"region\" aria-label=\"Slides Startseite\" data-height=\"150\" data-width=\"350\">\n    <div id=\"metaslider_container_118\">\n        <div id=\"metaslider_118\">\n            <ul class='slides'>\n                <li style=\"display: block; width: 100%;\" class=\"slide-901 ms-image \" aria-roledescription=\"slide\" data-date=\"2022-09-29 15:50:27\" data-filename=\"Maschinentransporter-Auffahrrampe.jpg\" data-slide-type=\"image\"><img loading=\"lazy\" decoding=\"async\" width=\"1024\" height=\"768\" src=\"https:\/\/fzb.mt-it-consulting.de\/wp-content\/uploads\/2022\/09\/Maschinentransporter-Auffahrrampe.jpg?v=1664459333\" class=\"slider-118 slide-901 msDefaultImage\" alt=\"\" rel=\"\" title=\"Maschinentransporter-Auffahrrampe\" srcset=\"https:\/\/fzb.mt-it-consulting.de\/wp-content\/uploads\/2022\/09\/Maschinentransporter-Auffahrrampe.jpg?v=1664459333 1024w, https:\/\/fzb.mt-it-consulting.de\/wp-content\/uploads\/2022\/09\/Maschinentransporter-Auffahrrampe-300x225.jpg?v=1664459333 300w, https:\/\/fzb.mt-it-consulting.de\/wp-content\/uploads\/2022\/09\/Maschinentransporter-Auffahrrampe-768x576.jpg?v=1664459333 768w\" sizes=\"auto, (max-width: 1024px) 100vw, 1024px\" \/><\/li>\n                <li style=\"display: none; width: 100%;\" class=\"slide-904 ms-image \" aria-roledescription=\"slide\" data-date=\"2022-09-29 15:51:06\" data-filename=\"Werksfeuerwehr-Rexroth-3.jpg\" data-slide-type=\"image\"><img loading=\"lazy\" decoding=\"async\" width=\"1024\" height=\"768\" src=\"https:\/\/fzb.mt-it-consulting.de\/wp-content\/uploads\/2022\/09\/Werksfeuerwehr-Rexroth-3.jpg?v=1664459336\" class=\"slider-118 slide-904 msDefaultImage\" alt=\"\" rel=\"\" title=\"Werksfeuerwehr-Rexroth\" srcset=\"https:\/\/fzb.mt-it-consulting.de\/wp-content\/uploads\/2022\/09\/Werksfeuerwehr-Rexroth-3.jpg?v=1664459336 1024w, https:\/\/fzb.mt-it-consulting.de\/wp-content\/uploads\/2022\/09\/Werksfeuerwehr-Rexroth-3-300x225.jpg?v=1664459336 300w, https:\/\/fzb.mt-it-consulting.de\/wp-content\/uploads\/2022\/09\/Werksfeuerwehr-Rexroth-3-768x576.jpg?v=1664459336 768w\" sizes=\"auto, (max-width: 1024px) 100vw, 1024px\" \/><\/li>\n                <li style=\"display: none; width: 100%;\" class=\"slide-903 ms-image \" aria-roledescription=\"slide\" data-date=\"2022-09-29 15:50:48\" data-filename=\"RSP-Saugbagger.jpg\" data-slide-type=\"image\"><img loading=\"lazy\" decoding=\"async\" width=\"1080\" height=\"720\" src=\"https:\/\/fzb.mt-it-consulting.de\/wp-content\/uploads\/2022\/09\/RSP-Saugbagger.jpg?v=1664459335\" class=\"slider-118 slide-903 msDefaultImage\" alt=\"\" rel=\"\" title=\"RSP Saugbagger\" srcset=\"https:\/\/fzb.mt-it-consulting.de\/wp-content\/uploads\/2022\/09\/RSP-Saugbagger.jpg?v=1664459335 1080w, https:\/\/fzb.mt-it-consulting.de\/wp-content\/uploads\/2022\/09\/RSP-Saugbagger-300x200.jpg?v=1664459335 300w, https:\/\/fzb.mt-it-consulting.de\/wp-content\/uploads\/2022\/09\/RSP-Saugbagger-1024x683.jpg?v=1664459335 1024w, https:\/\/fzb.mt-it-consulting.de\/wp-content\/uploads\/2022\/09\/RSP-Saugbagger-768x512.jpg?v=1664459335 768w\" sizes=\"auto, (max-width: 1080px) 100vw, 1080px\" \/><\/li>\n                <li style=\"display: none; width: 100%;\" class=\"slide-899 ms-image \" aria-roledescription=\"slide\" data-date=\"2022-09-29 15:49:46\" data-filename=\"Fahrzeugtransportanhaenger-.jpg\" data-slide-type=\"image\"><img loading=\"lazy\" decoding=\"async\" width=\"1024\" height=\"768\" src=\"https:\/\/fzb.mt-it-consulting.de\/wp-content\/uploads\/2022\/09\/Fahrzeugtransportanhaenger-.jpg?v=1664459339\" class=\"slider-118 slide-899 msDefaultImage\" alt=\"\" rel=\"\" title=\"Fahrzeugtransportanh\u00e4nger\" srcset=\"https:\/\/fzb.mt-it-consulting.de\/wp-content\/uploads\/2022\/09\/Fahrzeugtransportanhaenger-.jpg?v=1664459339 1024w, https:\/\/fzb.mt-it-consulting.de\/wp-content\/uploads\/2022\/09\/Fahrzeugtransportanhaenger--300x225.jpg?v=1664459339 300w, https:\/\/fzb.mt-it-consulting.de\/wp-content\/uploads\/2022\/09\/Fahrzeugtransportanhaenger--768x576.jpg?v=1664459339 768w\" sizes=\"auto, (max-width: 1024px) 100vw, 1024px\" \/><\/li>\n                <li style=\"display: none; width: 100%;\" class=\"slide-900 ms-image \" aria-roledescription=\"slide\" data-date=\"2022-09-29 15:50:04\" data-filename=\"Kuehlkofferanhaenger-WM-Meyer.jpg\" data-slide-type=\"image\"><img loading=\"lazy\" decoding=\"async\" width=\"2460\" height=\"2152\" src=\"https:\/\/fzb.mt-it-consulting.de\/wp-content\/uploads\/2022\/09\/Kuehlkofferanhaenger-WM-Meyer.jpg?v=1664459332\" class=\"slider-118 slide-900 msDefaultImage\" alt=\"\" rel=\"\" title=\"K\u00fchlkofferanh\u00e4nger WM-Meyer\" srcset=\"https:\/\/fzb.mt-it-consulting.de\/wp-content\/uploads\/2022\/09\/Kuehlkofferanhaenger-WM-Meyer.jpg?v=1664459332 2460w, https:\/\/fzb.mt-it-consulting.de\/wp-content\/uploads\/2022\/09\/Kuehlkofferanhaenger-WM-Meyer-300x262.jpg?v=1664459332 300w, https:\/\/fzb.mt-it-consulting.de\/wp-content\/uploads\/2022\/09\/Kuehlkofferanhaenger-WM-Meyer-1024x896.jpg?v=1664459332 1024w, https:\/\/fzb.mt-it-consulting.de\/wp-content\/uploads\/2022\/09\/Kuehlkofferanhaenger-WM-Meyer-768x672.jpg?v=1664459332 768w, https:\/\/fzb.mt-it-consulting.de\/wp-content\/uploads\/2022\/09\/Kuehlkofferanhaenger-WM-Meyer-1536x1344.jpg?v=1664459332 1536w, https:\/\/fzb.mt-it-consulting.de\/wp-content\/uploads\/2022\/09\/Kuehlkofferanhaenger-WM-Meyer-2048x1792.jpg?v=1664459332 2048w\" sizes=\"auto, (max-width: 2460px) 100vw, 2460px\" \/><\/li>\n                <li style=\"display: none; width: 100%;\" class=\"slide-902 ms-image \" aria-roledescription=\"slide\" data-date=\"2022-09-29 15:50:37\" data-filename=\"Materialanhaenger-DLRG.jpg\" data-slide-type=\"image\"><img loading=\"lazy\" decoding=\"async\" width=\"1024\" height=\"768\" src=\"https:\/\/fzb.mt-it-consulting.de\/wp-content\/uploads\/2022\/09\/Materialanhaenger-DLRG.jpg?v=1664459334\" class=\"slider-118 slide-902 msDefaultImage\" alt=\"\" rel=\"\" title=\"Materialanh\u00e4nger DLRG\" srcset=\"https:\/\/fzb.mt-it-consulting.de\/wp-content\/uploads\/2022\/09\/Materialanhaenger-DLRG.jpg?v=1664459334 1024w, https:\/\/fzb.mt-it-consulting.de\/wp-content\/uploads\/2022\/09\/Materialanhaenger-DLRG-300x225.jpg?v=1664459334 300w, https:\/\/fzb.mt-it-consulting.de\/wp-content\/uploads\/2022\/09\/Materialanhaenger-DLRG-768x576.jpg?v=1664459334 768w\" sizes=\"auto, (max-width: 1024px) 100vw, 1024px\" \/><\/li>\n                <li style=\"display: none; width: 100%;\" class=\"slide-905 ms-image \" aria-roledescription=\"slide\" data-date=\"2022-09-29 15:51:27\" data-filename=\"Werkstattersatz-Luftfoerderanlage-2-1.jpg\" data-slide-type=\"image\"><img loading=\"lazy\" decoding=\"async\" width=\"1600\" height=\"1200\" src=\"https:\/\/fzb.mt-it-consulting.de\/wp-content\/uploads\/2022\/09\/Werkstattersatz-Luftfoerderanlage-2-1.jpg?v=1664459338\" class=\"slider-118 slide-905 msDefaultImage\" alt=\"\" rel=\"\" title=\"Werkstattersatz Luftf\u00f6rderanlage (2)\" srcset=\"https:\/\/fzb.mt-it-consulting.de\/wp-content\/uploads\/2022\/09\/Werkstattersatz-Luftfoerderanlage-2-1.jpg?v=1664459338 1600w, https:\/\/fzb.mt-it-consulting.de\/wp-content\/uploads\/2022\/09\/Werkstattersatz-Luftfoerderanlage-2-1-300x225.jpg?v=1664459338 300w, https:\/\/fzb.mt-it-consulting.de\/wp-content\/uploads\/2022\/09\/Werkstattersatz-Luftfoerderanlage-2-1-1024x768.jpg?v=1664459338 1024w, https:\/\/fzb.mt-it-consulting.de\/wp-content\/uploads\/2022\/09\/Werkstattersatz-Luftfoerderanlage-2-1-768x576.jpg?v=1664459338 768w, https:\/\/fzb.mt-it-consulting.de\/wp-content\/uploads\/2022\/09\/Werkstattersatz-Luftfoerderanlage-2-1-1536x1152.jpg?v=1664459338 1536w\" sizes=\"auto, (max-width: 1600px) 100vw, 1600px\" \/><\/li>\n            <\/ul>\n        <\/div>\n        \n    <\/div>\n<\/div>\n\n\n\n<div class=\"wp-block-columns is-layout-flex wp-container-core-columns-is-layout-9d6595d7 wp-block-columns-is-layout-flex\">\n<div class=\"wp-block-column is-layout-flow wp-block-column-is-layout-flow\">\n<h2 class=\"wp-block-heading has-text-align-center\"><a href=\"http:\/\/fzb.mt-it-consulting.de\/index.php\/reparatur-und-service\/\">Reparatur und Service<\/a><\/h2>\n\n\n<div class=\"wp-block-image\">\n<figure class=\"alignleft size-full\"><a href=\"http:\/\/fzb.mt-it-consulting.de\/index.php\/reparatur-und-service\/\"><img loading=\"lazy\" decoding=\"async\" width=\"1024\" height=\"768\" src=\"http:\/\/fzb.mt-it-consulting.de\/wp-content\/uploads\/2022\/10\/Reparatur-und-Service.jpg\" alt=\"\" class=\"wp-image-1411\" srcset=\"https:\/\/fzb.mt-it-consulting.de\/wp-content\/uploads\/2022\/10\/Reparatur-und-Service.jpg?v=1666079266 1024w, https:\/\/fzb.mt-it-consulting.de\/wp-content\/uploads\/2022\/10\/Reparatur-und-Service-300x225.jpg?v=1666079266 300w, https:\/\/fzb.mt-it-consulting.de\/wp-content\/uploads\/2022\/10\/Reparatur-und-Service-768x576.jpg?v=1666079266 768w\" sizes=\"auto, (max-width: 1024px) 100vw, 1024px\" \/><\/a><\/figure>\n<\/div><\/div>\n\n\n\n<div class=\"wp-block-column is-layout-flow wp-block-column-is-layout-flow\">\n<h2 class=\"wp-block-heading has-text-align-center\"><a href=\"http:\/\/fzb.mt-it-consulting.de\/index.php\/saugfahrzeuge\/\">Saugfahrzeuge<\/a> <\/h2>\n\n\n\n<figure class=\"wp-block-image size-full\"><a href=\"http:\/\/fzb.mt-it-consulting.de\/index.php\/saugfahrzeuge\/\"><img loading=\"lazy\" decoding=\"async\" width=\"1024\" height=\"768\" src=\"http:\/\/fzb.mt-it-consulting.de\/wp-content\/uploads\/2022\/09\/RSP-Saugbagger-start.jpg\" alt=\"\" class=\"wp-image-916\" srcset=\"https:\/\/fzb.mt-it-consulting.de\/wp-content\/uploads\/2022\/09\/RSP-Saugbagger-start.jpg?v=1664462185 1024w, https:\/\/fzb.mt-it-consulting.de\/wp-content\/uploads\/2022\/09\/RSP-Saugbagger-start-300x225.jpg?v=1664462185 300w, https:\/\/fzb.mt-it-consulting.de\/wp-content\/uploads\/2022\/09\/RSP-Saugbagger-start-768x576.jpg?v=1664462185 768w\" sizes=\"auto, (max-width: 1024px) 100vw, 1024px\" \/><\/a><\/figure>\n<\/div>\n\n\n\n<div class=\"wp-block-column is-layout-flow wp-block-column-is-layout-flow\">\n<h2 class=\"wp-block-heading has-text-align-center\"><a href=\"http:\/\/fzb.mt-it-consulting.de\/index.php\/fahrzeugbau\/\">Fahrzeugbau<\/a><\/h2>\n\n\n\n<figure class=\"wp-block-image size-full\"><a href=\"http:\/\/fzb.mt-it-consulting.de\/index.php\/fahrzeugbau\/\"><img loading=\"lazy\" decoding=\"async\" width=\"1024\" height=\"768\" src=\"http:\/\/fzb.mt-it-consulting.de\/wp-content\/uploads\/2022\/09\/Werksfeuerwehr-Rexroth-3.jpg\" alt=\"\" class=\"wp-image-896\" srcset=\"https:\/\/fzb.mt-it-consulting.de\/wp-content\/uploads\/2022\/09\/Werksfeuerwehr-Rexroth-3.jpg?v=1664459336 1024w, https:\/\/fzb.mt-it-consulting.de\/wp-content\/uploads\/2022\/09\/Werksfeuerwehr-Rexroth-3-300x225.jpg?v=1664459336 300w, https:\/\/fzb.mt-it-consulting.de\/wp-content\/uploads\/2022\/09\/Werksfeuerwehr-Rexroth-3-768x576.jpg?v=1664459336 768w\" sizes=\"auto, (max-width: 1024px) 100vw, 1024px\" \/><\/a><\/figure>\n\n\n\n<p><\/p>\n<\/div>\n<\/div>\n\n\n\n<div class=\"wp-block-columns is-layout-flex wp-container-core-columns-is-layout-9d6595d7 wp-block-columns-is-layout-flex\">\n<div class=\"wp-block-column is-layout-flow wp-block-column-is-layout-flow\">\n<h2 class=\"wp-block-heading has-text-align-center\"><a href=\"http:\/\/fzb.mt-it-consulting.de\/index.php\/anhaengervertrieb\/\">Anh\u00e4ngervertrieb<\/a><\/h2>\n\n\n<div class=\"wp-block-image\">\n<figure class=\"alignleft size-full\"><a href=\"http:\/\/fzb.mt-it-consulting.de\/index.php\/anhaengervertrieb\/\"><img loading=\"lazy\" decoding=\"async\" width=\"1024\" height=\"768\" src=\"http:\/\/fzb.mt-it-consulting.de\/wp-content\/uploads\/2022\/10\/Barthau-Anhaenger.jpg\" alt=\"\" class=\"wp-image-1378\" srcset=\"https:\/\/fzb.mt-it-consulting.de\/wp-content\/uploads\/2022\/10\/Barthau-Anhaenger.jpg?v=1666074741 1024w, https:\/\/fzb.mt-it-consulting.de\/wp-content\/uploads\/2022\/10\/Barthau-Anhaenger-300x225.jpg?v=1666074741 300w, https:\/\/fzb.mt-it-consulting.de\/wp-content\/uploads\/2022\/10\/Barthau-Anhaenger-768x576.jpg?v=1666074741 768w\" sizes=\"auto, (max-width: 1024px) 100vw, 1024px\" \/><\/a><\/figure>\n<\/div><\/div>\n\n\n\n<div class=\"wp-block-column is-layout-flow wp-block-column-is-layout-flow\">\n<h2 class=\"wp-block-heading has-text-align-center\"><a href=\"http:\/\/fzb.mt-it-consulting.de\/index.php\/karriere\/\">Wir suchen Dich<\/a> <\/h2>\n\n\n\n<figure class=\"wp-block-image size-full\"><a href=\"http:\/\/fzb.mt-it-consulting.de\/index.php\/karriere\/\"><img loading=\"lazy\" decoding=\"async\" width=\"1024\" height=\"768\" src=\"http:\/\/fzb.mt-it-consulting.de\/wp-content\/uploads\/2022\/10\/Stellenausschreibung-2022-10.jpg\" alt=\"\" class=\"wp-image-1388\" srcset=\"https:\/\/fzb.mt-it-consulting.de\/wp-content\/uploads\/2022\/10\/Stellenausschreibung-2022-10.jpg 1024w, https:\/\/fzb.mt-it-consulting.de\/wp-content\/uploads\/2022\/10\/Stellenausschreibung-2022-10-300x225.jpg 300w, https:\/\/fzb.mt-it-consulting.de\/wp-content\/uploads\/2022\/10\/Stellenausschreibung-2022-10-768x576.jpg 768w\" sizes=\"auto, (max-width: 1024px) 100vw, 1024px\" \/><\/a><\/figure>\n<\/div>\n\n\n\n<div class=\"wp-block-column is-layout-flow wp-block-column-is-layout-flow\">\n<h2 class=\"wp-block-heading has-text-align-center\"><a href=\"http:\/\/fzb.mt-it-consulting.de\/index.php\/prueftermine\/\">Pr\u00fcftermine<\/a><\/h2>\n\n\n\n<figure class=\"wp-block-image size-full\"><a href=\"http:\/\/fzb.mt-it-consulting.de\/index.php\/prueftermine\/\"><img loading=\"lazy\" decoding=\"async\" width=\"1024\" height=\"768\" src=\"http:\/\/fzb.mt-it-consulting.de\/wp-content\/uploads\/2022\/10\/tuev-sued-fahnen.jpg\" alt=\"\" class=\"wp-image-1420\" srcset=\"https:\/\/fzb.mt-it-consulting.de\/wp-content\/uploads\/2022\/10\/tuev-sued-fahnen.jpg?v=1666092570 1024w, https:\/\/fzb.mt-it-consulting.de\/wp-content\/uploads\/2022\/10\/tuev-sued-fahnen-300x225.jpg?v=1666092570 300w, https:\/\/fzb.mt-it-consulting.de\/wp-content\/uploads\/2022\/10\/tuev-sued-fahnen-768x576.jpg?v=1666092570 768w\" sizes=\"auto, (max-width: 1024px) 100vw, 1024px\" \/><\/a><\/figure>\n\n\n\n<p><\/p>\n<\/div>\n<\/div>\n\n\n\n<div class=\"wp-block-columns is-layout-flex wp-container-core-columns-is-layout-9d6595d7 wp-block-columns-is-layout-flex\">\n<div class=\"wp-block-column is-layout-flow wp-block-column-is-layout-flow\">\n<h2 class=\"wp-block-heading has-text-align-center\"><a href=\"http:\/\/fzb.mt-it-consulting.de\/index.php\/referenzen\/\">Referenzen<\/a><\/h2>\n\n\n\n<figure class=\"wp-block-image size-full\"><a href=\"http:\/\/fzb.mt-it-consulting.de\/index.php\/referenzen\/\"><img loading=\"lazy\" decoding=\"async\" width=\"1024\" height=\"768\" src=\"http:\/\/fzb.mt-it-consulting.de\/wp-content\/uploads\/2022\/09\/Referenzen.jpg\" alt=\"\" class=\"wp-image-920\" srcset=\"https:\/\/fzb.mt-it-consulting.de\/wp-content\/uploads\/2022\/09\/Referenzen.jpg?v=1664463837 1024w, https:\/\/fzb.mt-it-consulting.de\/wp-content\/uploads\/2022\/09\/Referenzen-300x225.jpg?v=1664463837 300w, https:\/\/fzb.mt-it-consulting.de\/wp-content\/uploads\/2022\/09\/Referenzen-768x576.jpg?v=1664463837 768w\" sizes=\"auto, (max-width: 1024px) 100vw, 1024px\" \/><\/a><\/figure>\n<\/div>\n\n\n\n<div class=\"wp-block-column is-layout-flow wp-block-column-is-layout-flow\">\n<h2 class=\"wp-block-heading has-text-align-center\"><a href=\"http:\/\/fzb.mt-it-consulting.de\/index.php\/partner\/\">Partner<\/a><\/h2>\n\n\n\n<figure class=\"wp-block-image size-full\"><a href=\"http:\/\/fzb.mt-it-consulting.de\/index.php\/partner\/\"><img loading=\"lazy\" decoding=\"async\" width=\"1024\" height=\"768\" src=\"http:\/\/fzb.mt-it-consulting.de\/wp-content\/uploads\/2022\/10\/Partner.jpg\" alt=\"\" class=\"wp-image-1506\" srcset=\"https:\/\/fzb.mt-it-consulting.de\/wp-content\/uploads\/2022\/10\/Partner.jpg?v=1666257606 1024w, https:\/\/fzb.mt-it-consulting.de\/wp-content\/uploads\/2022\/10\/Partner-300x225.jpg?v=1666257606 300w, https:\/\/fzb.mt-it-consulting.de\/wp-content\/uploads\/2022\/10\/Partner-768x576.jpg?v=1666257606 768w\" sizes=\"auto, (max-width: 1024px) 100vw, 1024px\" \/><\/a><\/figure>\n<\/div>\n\n\n\n<div class=\"wp-block-column is-layout-flow wp-block-column-is-layout-flow\">\n<p class=\"has-text-align-center\"><a href=\"http:\/\/fzb.mt-it-consulting.de\/index.php\/kontakt\/\">Kontakt<\/a><\/p>\n\n\n\n<figure class=\"wp-block-image size-large is-style-default\"><a href=\"http:\/\/fzb.mt-it-consulting.de\/index.php\/kontakt\/\"><img loading=\"lazy\" decoding=\"async\" width=\"1024\" height=\"498\" src=\"http:\/\/fzb.mt-it-consulting.de\/wp-content\/uploads\/2022\/10\/Kontakt-1024x498.png\" alt=\"\" class=\"wp-image-1558\" srcset=\"https:\/\/fzb.mt-it-consulting.de\/wp-content\/uploads\/2022\/10\/Kontakt-1024x498.png?v=1666609154 1024w, https:\/\/fzb.mt-it-consulting.de\/wp-content\/uploads\/2022\/10\/Kontakt-300x146.png?v=1666609154 300w, https:\/\/fzb.mt-it-consulting.de\/wp-content\/uploads\/2022\/10\/Kontakt-768x373.png?v=1666609154 768w, https:\/\/fzb.mt-it-consulting.de\/wp-content\/uploads\/2022\/10\/Kontakt.png?v=1666609154 1170w\" sizes=\"auto, (max-width: 1024px) 100vw, 1024px\" \/><\/a><\/figure>\n\n\n\n<p><\/p>\n<\/div>\n<\/div>\n\n\n\n<p><\/p>\n\n\n<div class=\"wp-block-image\">\n<figure class=\"aligncenter size-full is-resized\"><a href=\"https:\/\/www.autoservice.com\/bewertung-anmelden\/fahrzeugbau-urban-gmbh-co-kg?workshop=1b7ee464-c987-452d-84a7-36cbe4ab45af\" target=\"_blank\" rel=\"noreferrer noopener\"><img loading=\"lazy\" decoding=\"async\" width=\"650\" height=\"296\" src=\"http:\/\/fzb.mt-it-consulting.de\/wp-content\/uploads\/2025\/03\/Bewerten-Sie-uns-mit-QR-Code.jpg\" alt=\"\" class=\"wp-image-1943\" style=\"width:650px;height:auto\" srcset=\"https:\/\/fzb.mt-it-consulting.de\/wp-content\/uploads\/2025\/03\/Bewerten-Sie-uns-mit-QR-Code.jpg 650w, https:\/\/fzb.mt-it-consulting.de\/wp-content\/uploads\/2025\/03\/Bewerten-Sie-uns-mit-QR-Code-300x137.jpg 300w\" sizes=\"auto, (max-width: 650px) 100vw, 650px\" \/><\/a><\/figure>\n<\/div>","protected":false},"excerpt":{"rendered":"<p>unsere \u00d6ffnungszeiten: Reparatur: Mo. &#8211; Fr. 8:00 &#8211; 12:00 Uhr und 13:00 &#8211; 16:00 UhrWaschpark: Mo. &#8211; Sa. 8:30 &#8211; 18:00 Uhr Wir freuen uns \u00fcber Ihren Besuch auf unseren Internetseiten. Sie suchen einen kompetenten und zuverl\u00e4ssigen Ansprechpartner f\u00fcr Ihr Fahrzeug? Dann sind Sie bei uns genau richtig! Wir sind eine freie Kfz-Werkstatt, die der &#8230; <a title=\"Start\" class=\"read-more\" href=\"https:\/\/fzb.mt-it-consulting.de\/\" aria-label=\"Mehr zu Start\">Read more<\/a><\/p>\n","protected":false},"author":1,"featured_media":0,"parent":0,"menu_order":0,"comment_status":"closed","ping_status":"open","template":"","meta":{"generate_page_header":"","footnotes":""},"class_list":["post-2","page","type-page","status-publish"],"_links":{"self":[{"href":"https:\/\/fzb.mt-it-consulting.de\/index.php\/wp-json\/wp\/v2\/pages\/2","targetHints":{"allow":["GET"]}}],"collection":[{"href":"https:\/\/fzb.mt-it-consulting.de\/index.php\/wp-json\/wp\/v2\/pages"}],"about":[{"href":"https:\/\/fzb.mt-it-consulting.de\/index.php\/wp-json\/wp\/v2\/types\/page"}],"author":[{"embeddable":true,"href":"https:\/\/fzb.mt-it-consulting.de\/index.php\/wp-json\/wp\/v2\/users\/1"}],"replies":[{"embeddable":true,"href":"https:\/\/fzb.mt-it-consulting.de\/index.php\/wp-json\/wp\/v2\/comments?post=2"}],"version-history":[{"count":130,"href":"https:\/\/fzb.mt-it-consulting.de\/index.php\/wp-json\/wp\/v2\/pages\/2\/revisions"}],"predecessor-version":[{"id":2050,"href":"https:\/\/fzb.mt-it-consulting.de\/index.php\/wp-json\/wp\/v2\/pages\/2\/revisions\/2050"}],"wp:attachment":[{"href":"https:\/\/fzb.mt-it-consulting.de\/index.php\/wp-json\/wp\/v2\/media?parent=2"}],"curies":[{"name":"wp","href":"https:\/\/api.w.org\/{rel}","templated":true}]}}