{"id":174,"date":"2021-08-05T16:58:48","date_gmt":"2021-08-05T14:58:48","guid":{"rendered":"http:\/\/fzb.mt-it-consulting.de\/?page_id=174"},"modified":"2023-11-24T11:47:47","modified_gmt":"2023-11-24T10:47:47","slug":"einsatzfahrzeuge","status":"publish","type":"page","link":"https:\/\/fzb.mt-it-consulting.de\/index.php\/einsatzfahrzeuge\/","title":{"rendered":"Einsatzfahrzeuge"},"content":{"rendered":"\n<p class=\"has-white-color has-text-color has-background\" style=\"background-color:#00387b\">Wir sind ein regionaler Hersteller f\u00fcr Feuerwehrfahrzeuge, wie Mehrzweck-, Mannschaftstransport- und Logistikfahrzeuge. <br>Sie k\u00f6nnen Ihr Fahrzeug in unserem Hause individuell konfigurieren und nach Baugruppen sortiert zusammenstellen.<br>Sollten Sie spezielle Ausbau- und Ausstattungsw\u00fcnsche haben, werden wir Ihnen diese gerne im Rahmen der technischen M\u00f6glichkeiten realisieren.<br>Haben Sie an Ihrem gebrauchten Fahrzeug eine Reparatur oder Umbauarbeiten vorzunehmen, f\u00fchren wir diese Arbeiten auch gerne f\u00fcr Sie aus.<br>M\u00f6chten Sie gebrauchte Sondersignale oder Funkanlagen in Ihrem neuen Fahrzeug verbauen, so ist dies f\u00fcr uns auch kein Problem. Bei Neuanschaffungen solcher Bauteile sind wir an keinen Hersteller gebunden und k\u00f6nnen fast alle Fabrikate anbieten.<\/p>\n\n\n\n<div class=\"wp-block-columns is-layout-flex wp-container-core-columns-is-layout-9d6595d7 wp-block-columns-is-layout-flex\">\n<div class=\"wp-block-column is-layout-flow wp-block-column-is-layout-flow\"><div class=\"wp-block-image\">\n<figure class=\"aligncenter size-full\"><img loading=\"lazy\" decoding=\"async\" width=\"1024\" height=\"768\" src=\"http:\/\/fzb.mt-it-consulting.de\/wp-content\/uploads\/2023\/11\/Kinderfeuerwehr-Bild-Homepage-1.jpg\" alt=\"\" class=\"wp-image-1802\" srcset=\"https:\/\/fzb.mt-it-consulting.de\/wp-content\/uploads\/2023\/11\/Kinderfeuerwehr-Bild-Homepage-1.jpg?v=1700821152 1024w, https:\/\/fzb.mt-it-consulting.de\/wp-content\/uploads\/2023\/11\/Kinderfeuerwehr-Bild-Homepage-1-300x225.jpg?v=1700821152 300w, https:\/\/fzb.mt-it-consulting.de\/wp-content\/uploads\/2023\/11\/Kinderfeuerwehr-Bild-Homepage-1-768x576.jpg?v=1700821152 768w\" sizes=\"auto, (max-width: 1024px) 100vw, 1024px\" \/><figcaption class=\"wp-element-caption\">Rollwagen Kinderfeuerwehr<\/figcaption><\/figure>\n<\/div><\/div>\n\n\n\n<div class=\"wp-block-column is-layout-flow wp-block-column-is-layout-flow\"><div class=\"wp-block-image\">\n<figure class=\"aligncenter size-full\"><img loading=\"lazy\" decoding=\"async\" width=\"1024\" height=\"768\" src=\"http:\/\/fzb.mt-it-consulting.de\/wp-content\/uploads\/2023\/11\/FFW-Landkreis-Erkunder-Homepage-1.jpg\" alt=\"\" class=\"wp-image-1804\" srcset=\"https:\/\/fzb.mt-it-consulting.de\/wp-content\/uploads\/2023\/11\/FFW-Landkreis-Erkunder-Homepage-1.jpg?v=1700822212 1024w, https:\/\/fzb.mt-it-consulting.de\/wp-content\/uploads\/2023\/11\/FFW-Landkreis-Erkunder-Homepage-1-300x225.jpg?v=1700822212 300w, https:\/\/fzb.mt-it-consulting.de\/wp-content\/uploads\/2023\/11\/FFW-Landkreis-Erkunder-Homepage-1-768x576.jpg?v=1700822212 768w\" sizes=\"auto, (max-width: 1024px) 100vw, 1024px\" \/><figcaption class=\"wp-element-caption\">Erkundungsfahrzeug<\/figcaption><\/figure>\n<\/div><\/div>\n\n\n\n<div class=\"wp-block-column is-layout-flow wp-block-column-is-layout-flow\"><div class=\"wp-block-image\">\n<figure class=\"aligncenter size-full\"><img loading=\"lazy\" decoding=\"async\" width=\"1024\" height=\"768\" src=\"http:\/\/fzb.mt-it-consulting.de\/wp-content\/uploads\/2022\/09\/Werksfeuerwehr-Rexroth-3.jpg\" alt=\"\" class=\"wp-image-896\" srcset=\"https:\/\/fzb.mt-it-consulting.de\/wp-content\/uploads\/2022\/09\/Werksfeuerwehr-Rexroth-3.jpg?v=1664459336 1024w, https:\/\/fzb.mt-it-consulting.de\/wp-content\/uploads\/2022\/09\/Werksfeuerwehr-Rexroth-3-300x225.jpg?v=1664459336 300w, https:\/\/fzb.mt-it-consulting.de\/wp-content\/uploads\/2022\/09\/Werksfeuerwehr-Rexroth-3-768x576.jpg?v=1664459336 768w\" sizes=\"auto, (max-width: 1024px) 100vw, 1024px\" \/><figcaption class=\"wp-element-caption\">Anh\u00e4nger Hochwasserschutz<\/figcaption><\/figure>\n<\/div><\/div>\n<\/div>\n\n\n\n<div class=\"wp-block-columns are-vertically-aligned-center is-layout-flex wp-container-core-columns-is-layout-9d6595d7 wp-block-columns-is-layout-flex\">\n<div class=\"wp-block-column is-vertically-aligned-center is-layout-flow wp-block-column-is-layout-flow\">\n<figure class=\"wp-block-image size-full\"><img loading=\"lazy\" decoding=\"async\" width=\"1024\" height=\"768\" src=\"http:\/\/fzb.mt-it-consulting.de\/wp-content\/uploads\/2022\/09\/Andruck-Hochdruckreiniger.jpg\" alt=\"\" class=\"wp-image-754\" srcset=\"https:\/\/fzb.mt-it-consulting.de\/wp-content\/uploads\/2022\/09\/Andruck-Hochdruckreiniger.jpg?v=1664441185 1024w, https:\/\/fzb.mt-it-consulting.de\/wp-content\/uploads\/2022\/09\/Andruck-Hochdruckreiniger-300x225.jpg?v=1664441185 300w, https:\/\/fzb.mt-it-consulting.de\/wp-content\/uploads\/2022\/09\/Andruck-Hochdruckreiniger-768x576.jpg?v=1664441185 768w\" sizes=\"auto, (max-width: 1024px) 100vw, 1024px\" \/><figcaption class=\"wp-element-caption\">Hochdruckreinigungs-Anh\u00e4nger<\/figcaption><\/figure>\n<\/div>\n\n\n\n<div class=\"wp-block-column is-vertically-aligned-center is-layout-flow wp-block-column-is-layout-flow\">\n<figure class=\"wp-block-image size-full\"><img loading=\"lazy\" decoding=\"async\" width=\"1024\" height=\"768\" src=\"http:\/\/fzb.mt-it-consulting.de\/wp-content\/uploads\/2022\/09\/Andruck-Hochdruckreiniger-2.jpg\" alt=\"\" class=\"wp-image-756\" srcset=\"https:\/\/fzb.mt-it-consulting.de\/wp-content\/uploads\/2022\/09\/Andruck-Hochdruckreiniger-2.jpg?v=1664441242 1024w, https:\/\/fzb.mt-it-consulting.de\/wp-content\/uploads\/2022\/09\/Andruck-Hochdruckreiniger-2-300x225.jpg?v=1664441242 300w, https:\/\/fzb.mt-it-consulting.de\/wp-content\/uploads\/2022\/09\/Andruck-Hochdruckreiniger-2-768x576.jpg?v=1664441242 768w\" sizes=\"auto, (max-width: 1024px) 100vw, 1024px\" \/><figcaption class=\"wp-element-caption\">Hochdruckreinigungs-Anh\u00e4nger<\/figcaption><\/figure>\n<\/div>\n\n\n\n<div class=\"wp-block-column is-vertically-aligned-center is-layout-flow wp-block-column-is-layout-flow\">\n<figure class=\"wp-block-image size-full\"><img loading=\"lazy\" decoding=\"async\" width=\"1024\" height=\"768\" src=\"http:\/\/fzb.mt-it-consulting.de\/wp-content\/uploads\/2022\/09\/Andruck-Hochdruckreiniger-3.jpg\" alt=\"\" class=\"wp-image-758\" srcset=\"https:\/\/fzb.mt-it-consulting.de\/wp-content\/uploads\/2022\/09\/Andruck-Hochdruckreiniger-3.jpg?v=1664441273 1024w, https:\/\/fzb.mt-it-consulting.de\/wp-content\/uploads\/2022\/09\/Andruck-Hochdruckreiniger-3-300x225.jpg?v=1664441273 300w, https:\/\/fzb.mt-it-consulting.de\/wp-content\/uploads\/2022\/09\/Andruck-Hochdruckreiniger-3-768x576.jpg?v=1664441273 768w\" sizes=\"auto, (max-width: 1024px) 100vw, 1024px\" \/><figcaption class=\"wp-element-caption\">Hochdruckreinigungs-Anh\u00e4nger<\/figcaption><\/figure>\n<\/div>\n<\/div>\n\n\n\n<div class=\"wp-block-columns is-layout-flex wp-container-core-columns-is-layout-9d6595d7 wp-block-columns-is-layout-flex\">\n<div class=\"wp-block-column is-layout-flow wp-block-column-is-layout-flow\">\n<figure class=\"wp-block-image size-full\"><img loading=\"lazy\" decoding=\"async\" width=\"1024\" height=\"683\" src=\"http:\/\/fzb.mt-it-consulting.de\/wp-content\/uploads\/2022\/09\/Einsatzfahrzeug-BRK-1.jpg\" alt=\"\" class=\"wp-image-760\" srcset=\"https:\/\/fzb.mt-it-consulting.de\/wp-content\/uploads\/2022\/09\/Einsatzfahrzeug-BRK-1.jpg?v=1664441349 1024w, https:\/\/fzb.mt-it-consulting.de\/wp-content\/uploads\/2022\/09\/Einsatzfahrzeug-BRK-1-300x200.jpg?v=1664441349 300w, https:\/\/fzb.mt-it-consulting.de\/wp-content\/uploads\/2022\/09\/Einsatzfahrzeug-BRK-1-768x512.jpg?v=1664441349 768w\" sizes=\"auto, (max-width: 1024px) 100vw, 1024px\" \/><figcaption class=\"wp-element-caption\">Mehrzweckfahrzeug BRK<\/figcaption><\/figure>\n<\/div>\n\n\n\n<div class=\"wp-block-column is-layout-flow wp-block-column-is-layout-flow\">\n<figure class=\"wp-block-image size-full\"><img loading=\"lazy\" decoding=\"async\" width=\"750\" height=\"500\" src=\"http:\/\/fzb.mt-it-consulting.de\/wp-content\/uploads\/2022\/09\/Einsatzfahrzeug-BRK-2.jpg\" alt=\"\" class=\"wp-image-762\" srcset=\"https:\/\/fzb.mt-it-consulting.de\/wp-content\/uploads\/2022\/09\/Einsatzfahrzeug-BRK-2.jpg?v=1664441389 750w, https:\/\/fzb.mt-it-consulting.de\/wp-content\/uploads\/2022\/09\/Einsatzfahrzeug-BRK-2-300x200.jpg?v=1664441389 300w\" sizes=\"auto, (max-width: 750px) 100vw, 750px\" \/><figcaption class=\"wp-element-caption\">Mehrzweckfahrzeug BRK<\/figcaption><\/figure>\n<\/div>\n\n\n\n<div class=\"wp-block-column is-layout-flow wp-block-column-is-layout-flow\">\n<figure class=\"wp-block-image size-full\"><img loading=\"lazy\" decoding=\"async\" width=\"1024\" height=\"680\" src=\"http:\/\/fzb.mt-it-consulting.de\/wp-content\/uploads\/2022\/09\/DLRG-2.jpg\" alt=\"\" class=\"wp-image-765\" srcset=\"https:\/\/fzb.mt-it-consulting.de\/wp-content\/uploads\/2022\/09\/DLRG-2.jpg?v=1664441467 1024w, https:\/\/fzb.mt-it-consulting.de\/wp-content\/uploads\/2022\/09\/DLRG-2-300x199.jpg?v=1664441467 300w, https:\/\/fzb.mt-it-consulting.de\/wp-content\/uploads\/2022\/09\/DLRG-2-768x510.jpg?v=1664441467 768w\" sizes=\"auto, (max-width: 1024px) 100vw, 1024px\" \/><figcaption class=\"wp-element-caption\">Taucher-Einsatzfahrzeug DLRG<\/figcaption><\/figure>\n<\/div>\n<\/div>\n\n\n\n<div class=\"wp-block-columns is-layout-flex wp-container-core-columns-is-layout-9d6595d7 wp-block-columns-is-layout-flex\">\n<div class=\"wp-block-column is-layout-flow wp-block-column-is-layout-flow\">\n<figure class=\"wp-block-image size-full\"><img loading=\"lazy\" decoding=\"async\" width=\"1024\" height=\"768\" src=\"http:\/\/fzb.mt-it-consulting.de\/wp-content\/uploads\/2022\/09\/DRK-Klein-Krotzenburg-1.jpg\" alt=\"\" class=\"wp-image-767\" srcset=\"https:\/\/fzb.mt-it-consulting.de\/wp-content\/uploads\/2022\/09\/DRK-Klein-Krotzenburg-1.jpg?v=1664441527 1024w, https:\/\/fzb.mt-it-consulting.de\/wp-content\/uploads\/2022\/09\/DRK-Klein-Krotzenburg-1-300x225.jpg?v=1664441527 300w, https:\/\/fzb.mt-it-consulting.de\/wp-content\/uploads\/2022\/09\/DRK-Klein-Krotzenburg-1-768x576.jpg?v=1664441527 768w\" sizes=\"auto, (max-width: 1024px) 100vw, 1024px\" \/><figcaption class=\"wp-element-caption\">Rauwers-Lichtbalken<\/figcaption><\/figure>\n<\/div>\n\n\n\n<div class=\"wp-block-column is-layout-flow wp-block-column-is-layout-flow\">\n<figure class=\"wp-block-image size-full\"><img loading=\"lazy\" decoding=\"async\" width=\"1024\" height=\"768\" src=\"http:\/\/fzb.mt-it-consulting.de\/wp-content\/uploads\/2022\/09\/DRK-Klein-Krotzenburg-2.jpg\" alt=\"\" class=\"wp-image-768\" srcset=\"https:\/\/fzb.mt-it-consulting.de\/wp-content\/uploads\/2022\/09\/DRK-Klein-Krotzenburg-2.jpg?v=1664441528 1024w, https:\/\/fzb.mt-it-consulting.de\/wp-content\/uploads\/2022\/09\/DRK-Klein-Krotzenburg-2-300x225.jpg?v=1664441528 300w, https:\/\/fzb.mt-it-consulting.de\/wp-content\/uploads\/2022\/09\/DRK-Klein-Krotzenburg-2-768x576.jpg?v=1664441528 768w\" sizes=\"auto, (max-width: 1024px) 100vw, 1024px\" \/><figcaption class=\"wp-element-caption\">Leuchtentr\u00e4gersystem<\/figcaption><\/figure>\n<\/div>\n\n\n\n<div class=\"wp-block-column is-layout-flow wp-block-column-is-layout-flow\">\n<figure class=\"wp-block-image size-full\"><img loading=\"lazy\" decoding=\"async\" width=\"1024\" height=\"768\" src=\"http:\/\/fzb.mt-it-consulting.de\/wp-content\/uploads\/2022\/10\/MB-Sprinter-Markise.jpg\" alt=\"\" class=\"wp-image-966\" srcset=\"https:\/\/fzb.mt-it-consulting.de\/wp-content\/uploads\/2022\/10\/MB-Sprinter-Markise.jpg?v=1664971284 1024w, https:\/\/fzb.mt-it-consulting.de\/wp-content\/uploads\/2022\/10\/MB-Sprinter-Markise-300x225.jpg?v=1664971284 300w, https:\/\/fzb.mt-it-consulting.de\/wp-content\/uploads\/2022\/10\/MB-Sprinter-Markise-768x576.jpg?v=1664971284 768w\" sizes=\"auto, (max-width: 1024px) 100vw, 1024px\" \/><figcaption class=\"wp-element-caption\">Markise MB Sprinter<\/figcaption><\/figure>\n<\/div>\n<\/div>\n\n\n\n<div class=\"wp-block-columns is-layout-flex wp-container-core-columns-is-layout-9d6595d7 wp-block-columns-is-layout-flex\">\n<div class=\"wp-block-column is-layout-flow wp-block-column-is-layout-flow\">\n<figure class=\"wp-block-image size-full\"><img loading=\"lazy\" decoding=\"async\" width=\"1024\" height=\"768\" src=\"http:\/\/fzb.mt-it-consulting.de\/wp-content\/uploads\/2022\/09\/FFW-Habichsthal.jpg\" alt=\"\" class=\"wp-image-771\" srcset=\"https:\/\/fzb.mt-it-consulting.de\/wp-content\/uploads\/2022\/09\/FFW-Habichsthal.jpg?v=1664441632 1024w, https:\/\/fzb.mt-it-consulting.de\/wp-content\/uploads\/2022\/09\/FFW-Habichsthal-300x225.jpg?v=1664441632 300w, https:\/\/fzb.mt-it-consulting.de\/wp-content\/uploads\/2022\/09\/FFW-Habichsthal-768x576.jpg?v=1664441632 768w\" sizes=\"auto, (max-width: 1024px) 100vw, 1024px\" \/><figcaption class=\"wp-element-caption\">MTW MB Vito<\/figcaption><\/figure>\n<\/div>\n\n\n\n<div class=\"wp-block-column is-layout-flow wp-block-column-is-layout-flow\">\n<figure class=\"wp-block-image size-full\"><img loading=\"lazy\" decoding=\"async\" width=\"1024\" height=\"768\" src=\"http:\/\/fzb.mt-it-consulting.de\/wp-content\/uploads\/2022\/09\/FFW-Bischbrunn.jpg\" alt=\"\" class=\"wp-image-770\" srcset=\"https:\/\/fzb.mt-it-consulting.de\/wp-content\/uploads\/2022\/09\/FFW-Bischbrunn.jpg?v=1664441600 1024w, https:\/\/fzb.mt-it-consulting.de\/wp-content\/uploads\/2022\/09\/FFW-Bischbrunn-300x225.jpg?v=1664441600 300w, https:\/\/fzb.mt-it-consulting.de\/wp-content\/uploads\/2022\/09\/FFW-Bischbrunn-768x576.jpg?v=1664441600 768w\" sizes=\"auto, (max-width: 1024px) 100vw, 1024px\" \/><figcaption class=\"wp-element-caption\">MTW Cirtoen\/Ducato<\/figcaption><\/figure>\n<\/div>\n\n\n\n<div class=\"wp-block-column is-layout-flow wp-block-column-is-layout-flow\">\n<figure class=\"wp-block-image size-full\"><img loading=\"lazy\" decoding=\"async\" width=\"1024\" height=\"768\" src=\"http:\/\/fzb.mt-it-consulting.de\/wp-content\/uploads\/2022\/09\/FFW-Johannesberg.jpg\" alt=\"\" class=\"wp-image-774\" srcset=\"https:\/\/fzb.mt-it-consulting.de\/wp-content\/uploads\/2022\/09\/FFW-Johannesberg.jpg?v=1664441662 1024w, https:\/\/fzb.mt-it-consulting.de\/wp-content\/uploads\/2022\/09\/FFW-Johannesberg-300x225.jpg?v=1664441662 300w, https:\/\/fzb.mt-it-consulting.de\/wp-content\/uploads\/2022\/09\/FFW-Johannesberg-768x576.jpg?v=1664441662 768w\" sizes=\"auto, (max-width: 1024px) 100vw, 1024px\" \/><figcaption class=\"wp-element-caption\">MZF VW Crafter<\/figcaption><\/figure>\n<\/div>\n<\/div>\n\n\n\n<div class=\"wp-block-columns is-layout-flex wp-container-core-columns-is-layout-9d6595d7 wp-block-columns-is-layout-flex\">\n<div class=\"wp-block-column is-layout-flow wp-block-column-is-layout-flow\">\n<figure class=\"wp-block-image size-full\"><img loading=\"lazy\" decoding=\"async\" width=\"1024\" height=\"768\" src=\"http:\/\/fzb.mt-it-consulting.de\/wp-content\/uploads\/2022\/09\/FFW-Mosbach-1.jpg\" alt=\"\" class=\"wp-image-777\" srcset=\"https:\/\/fzb.mt-it-consulting.de\/wp-content\/uploads\/2022\/09\/FFW-Mosbach-1.jpg?v=1664441809 1024w, https:\/\/fzb.mt-it-consulting.de\/wp-content\/uploads\/2022\/09\/FFW-Mosbach-1-300x225.jpg?v=1664441809 300w, https:\/\/fzb.mt-it-consulting.de\/wp-content\/uploads\/2022\/09\/FFW-Mosbach-1-768x576.jpg?v=1664441809 768w\" sizes=\"auto, (max-width: 1024px) 100vw, 1024px\" \/><figcaption class=\"wp-element-caption\">Trenngitter Ford Transit <\/figcaption><\/figure>\n<\/div>\n\n\n\n<div class=\"wp-block-column is-layout-flow wp-block-column-is-layout-flow\">\n<figure class=\"wp-block-image size-full\"><img loading=\"lazy\" decoding=\"async\" width=\"1024\" height=\"768\" src=\"http:\/\/fzb.mt-it-consulting.de\/wp-content\/uploads\/2022\/09\/FFW-Mosbach-2.jpg\" alt=\"\" class=\"wp-image-778\" srcset=\"https:\/\/fzb.mt-it-consulting.de\/wp-content\/uploads\/2022\/09\/FFW-Mosbach-2.jpg?v=1664441810 1024w, https:\/\/fzb.mt-it-consulting.de\/wp-content\/uploads\/2022\/09\/FFW-Mosbach-2-300x225.jpg?v=1664441810 300w, https:\/\/fzb.mt-it-consulting.de\/wp-content\/uploads\/2022\/09\/FFW-Mosbach-2-768x576.jpg?v=1664441810 768w\" sizes=\"auto, (max-width: 1024px) 100vw, 1024px\" \/><figcaption class=\"wp-element-caption\">MZF Ford Transit<\/figcaption><\/figure>\n<\/div>\n\n\n\n<div class=\"wp-block-column is-layout-flow wp-block-column-is-layout-flow\">\n<figure class=\"wp-block-image size-full\"><img loading=\"lazy\" decoding=\"async\" width=\"1024\" height=\"768\" src=\"http:\/\/fzb.mt-it-consulting.de\/wp-content\/uploads\/2022\/09\/MTW-Sprinter.jpg\" alt=\"\" class=\"wp-image-776\" srcset=\"https:\/\/fzb.mt-it-consulting.de\/wp-content\/uploads\/2022\/09\/MTW-Sprinter.jpg?v=1664441804 1024w, https:\/\/fzb.mt-it-consulting.de\/wp-content\/uploads\/2022\/09\/MTW-Sprinter-300x225.jpg?v=1664441804 300w, https:\/\/fzb.mt-it-consulting.de\/wp-content\/uploads\/2022\/09\/MTW-Sprinter-768x576.jpg?v=1664441804 768w\" sizes=\"auto, (max-width: 1024px) 100vw, 1024px\" \/><figcaption class=\"wp-element-caption\">MTW MB Sprinter<\/figcaption><\/figure>\n<\/div>\n<\/div>\n\n\n\n<div class=\"wp-block-columns is-layout-flex wp-container-core-columns-is-layout-9d6595d7 wp-block-columns-is-layout-flex\">\n<div class=\"wp-block-column is-layout-flow wp-block-column-is-layout-flow\">\n<figure class=\"wp-block-image size-full\"><img loading=\"lazy\" decoding=\"async\" width=\"1024\" height=\"768\" src=\"http:\/\/fzb.mt-it-consulting.de\/wp-content\/uploads\/2022\/09\/FFW-Hofstaedten-1.jpg\" alt=\"\" class=\"wp-image-780\" srcset=\"https:\/\/fzb.mt-it-consulting.de\/wp-content\/uploads\/2022\/09\/FFW-Hofstaedten-1.jpg?v=1664441897 1024w, https:\/\/fzb.mt-it-consulting.de\/wp-content\/uploads\/2022\/09\/FFW-Hofstaedten-1-300x225.jpg?v=1664441897 300w, https:\/\/fzb.mt-it-consulting.de\/wp-content\/uploads\/2022\/09\/FFW-Hofstaedten-1-768x576.jpg?v=1664441897 768w\" sizes=\"auto, (max-width: 1024px) 100vw, 1024px\" \/><figcaption class=\"wp-element-caption\">MZF MB Sprinter<\/figcaption><\/figure>\n<\/div>\n\n\n\n<div class=\"wp-block-column is-layout-flow wp-block-column-is-layout-flow\">\n<figure class=\"wp-block-image size-full\"><img loading=\"lazy\" decoding=\"async\" width=\"768\" height=\"1024\" src=\"http:\/\/fzb.mt-it-consulting.de\/wp-content\/uploads\/2022\/09\/FFW-Hofstaedten-2.jpg\" alt=\"\" class=\"wp-image-781\" srcset=\"https:\/\/fzb.mt-it-consulting.de\/wp-content\/uploads\/2022\/09\/FFW-Hofstaedten-2.jpg?v=1664441898 768w, https:\/\/fzb.mt-it-consulting.de\/wp-content\/uploads\/2022\/09\/FFW-Hofstaedten-2-225x300.jpg?v=1664441898 225w\" sizes=\"auto, (max-width: 768px) 100vw, 768px\" \/><figcaption class=\"wp-element-caption\">Laderaumausbau MB Sprinter<\/figcaption><\/figure>\n<\/div>\n\n\n\n<div class=\"wp-block-column is-layout-flow wp-block-column-is-layout-flow\">\n<figure class=\"wp-block-image size-full\"><img loading=\"lazy\" decoding=\"async\" width=\"1024\" height=\"768\" src=\"http:\/\/fzb.mt-it-consulting.de\/wp-content\/uploads\/2022\/09\/FFW-Schimborn.jpg\" alt=\"\" class=\"wp-image-782\" srcset=\"https:\/\/fzb.mt-it-consulting.de\/wp-content\/uploads\/2022\/09\/FFW-Schimborn.jpg?v=1664441899 1024w, https:\/\/fzb.mt-it-consulting.de\/wp-content\/uploads\/2022\/09\/FFW-Schimborn-300x225.jpg?v=1664441899 300w, https:\/\/fzb.mt-it-consulting.de\/wp-content\/uploads\/2022\/09\/FFW-Schimborn-768x576.jpg?v=1664441899 768w\" sizes=\"auto, (max-width: 1024px) 100vw, 1024px\" \/><figcaption class=\"wp-element-caption\">MZF VW Crafter<\/figcaption><\/figure>\n<\/div>\n<\/div>\n","protected":false},"excerpt":{"rendered":"<p>Wir sind ein regionaler Hersteller f\u00fcr Feuerwehrfahrzeuge, wie Mehrzweck-, Mannschaftstransport- und Logistikfahrzeuge. Sie k\u00f6nnen Ihr Fahrzeug in unserem Hause individuell konfigurieren und nach Baugruppen sortiert zusammenstellen.Sollten Sie spezielle Ausbau- und Ausstattungsw\u00fcnsche haben, werden wir Ihnen diese gerne im Rahmen der technischen M\u00f6glichkeiten realisieren.Haben Sie an Ihrem gebrauchten Fahrzeug eine Reparatur oder Umbauarbeiten vorzunehmen, f\u00fchren wir &#8230; <a title=\"Einsatzfahrzeuge\" class=\"read-more\" href=\"https:\/\/fzb.mt-it-consulting.de\/index.php\/einsatzfahrzeuge\/\" aria-label=\"Mehr zu Einsatzfahrzeuge\">Read more<\/a><\/p>\n","protected":false},"author":1,"featured_media":0,"parent":0,"menu_order":0,"comment_status":"closed","ping_status":"closed","template":"","meta":{"generate_page_header":"","footnotes":""},"class_list":["post-174","page","type-page","status-publish"],"_links":{"self":[{"href":"https:\/\/fzb.mt-it-consulting.de\/index.php\/wp-json\/wp\/v2\/pages\/174","targetHints":{"allow":["GET"]}}],"collection":[{"href":"https:\/\/fzb.mt-it-consulting.de\/index.php\/wp-json\/wp\/v2\/pages"}],"about":[{"href":"https:\/\/fzb.mt-it-consulting.de\/index.php\/wp-json\/wp\/v2\/types\/page"}],"author":[{"embeddable":true,"href":"https:\/\/fzb.mt-it-consulting.de\/index.php\/wp-json\/wp\/v2\/users\/1"}],"replies":[{"embeddable":true,"href":"https:\/\/fzb.mt-it-consulting.de\/index.php\/wp-json\/wp\/v2\/comments?post=174"}],"version-history":[{"count":34,"href":"https:\/\/fzb.mt-it-consulting.de\/index.php\/wp-json\/wp\/v2\/pages\/174\/revisions"}],"predecessor-version":[{"id":1805,"href":"https:\/\/fzb.mt-it-consulting.de\/index.php\/wp-json\/wp\/v2\/pages\/174\/revisions\/1805"}],"wp:attachment":[{"href":"https:\/\/fzb.mt-it-consulting.de\/index.php\/wp-json\/wp\/v2\/media?parent=174"}],"curies":[{"name":"wp","href":"https:\/\/api.w.org\/{rel}","templated":true}]}}