{"id":153,"date":"2021-08-05T16:34:21","date_gmt":"2021-08-05T14:34:21","guid":{"rendered":"http:\/\/fzb.mt-it-consulting.de\/?page_id=153"},"modified":"2026-03-17T15:48:32","modified_gmt":"2026-03-17T14:48:32","slug":"zubehoer-luftfoerdertechnik","status":"publish","type":"page","link":"https:\/\/fzb.mt-it-consulting.de\/index.php\/zubehoer-luftfoerdertechnik\/","title":{"rendered":"Zubeh\u00f6r Luftf\u00f6rdertechnik"},"content":{"rendered":"\n<p class=\"has-white-color has-text-color has-background\" style=\"background-color:#00387b\">Wir fertigen individuell Leitungsadapter aller g\u00e4ngigen Systeme (Bauer, Perrot, HF, Disab etc.) <br>Au\u00dferdem erhalten Sie bei uns einen eigens entwickelten Bigbag-Saugschrank in Leichtbauweise.<br>Wir bieten Transportl\u00f6sungen f\u00fcr Saugzubeh\u00f6r in Form von Schlauchboxen und  Schlauchtransportanh\u00e4ngern.<br>Ben\u00f6tigen Sie eine Spezialanfertigung, fragen Sie gerne an. <a href=\"http:\/\/fzb.mt-it-consulting.de\/index.php\/kontakt\/\"><mark style=\"background-color:#00387b\" class=\"has-inline-color has-white-color\">-&gt; Kontakt<\/mark><\/a><\/p>\n\n\n\n<p class=\"has-text-align-center\">Unser neuer Zubeh\u00f6rkatalog ist ab sofort verf\u00fcgbar &#8211; melden Sie sich f\u00fcr weitere Infos.<\/p>\n\n\n<div class=\"wp-block-image\">\n<figure class=\"aligncenter size-large\"><img loading=\"lazy\" decoding=\"async\" width=\"1024\" height=\"713\" src=\"http:\/\/fzb.mt-it-consulting.de\/wp-content\/uploads\/2026\/03\/1-2-1024x713.jpg\" alt=\"\" class=\"wp-image-2118\" srcset=\"https:\/\/fzb.mt-it-consulting.de\/wp-content\/uploads\/2026\/03\/1-2-1024x713.jpg 1024w, https:\/\/fzb.mt-it-consulting.de\/wp-content\/uploads\/2026\/03\/1-2-300x209.jpg 300w, https:\/\/fzb.mt-it-consulting.de\/wp-content\/uploads\/2026\/03\/1-2-768x534.jpg 768w, https:\/\/fzb.mt-it-consulting.de\/wp-content\/uploads\/2026\/03\/1-2.jpg 1315w\" sizes=\"auto, (max-width: 1024px) 100vw, 1024px\" \/><\/figure>\n<\/div>\n\n\n<figure class=\"wp-block-image size-full\"><img loading=\"lazy\" decoding=\"async\" width=\"1315\" height=\"882\" src=\"http:\/\/fzb.mt-it-consulting.de\/wp-content\/uploads\/2026\/03\/3-4.jpg\" alt=\"\" class=\"wp-image-2131\" srcset=\"https:\/\/fzb.mt-it-consulting.de\/wp-content\/uploads\/2026\/03\/3-4.jpg 1315w, https:\/\/fzb.mt-it-consulting.de\/wp-content\/uploads\/2026\/03\/3-4-300x201.jpg 300w, https:\/\/fzb.mt-it-consulting.de\/wp-content\/uploads\/2026\/03\/3-4-1024x687.jpg 1024w, https:\/\/fzb.mt-it-consulting.de\/wp-content\/uploads\/2026\/03\/3-4-768x515.jpg 768w\" sizes=\"auto, (max-width: 1315px) 100vw, 1315px\" \/><\/figure>\n\n\n<div class=\"wp-block-image\">\n<figure class=\"aligncenter size-large\"><img loading=\"lazy\" decoding=\"async\" width=\"1024\" height=\"706\" src=\"http:\/\/fzb.mt-it-consulting.de\/wp-content\/uploads\/2026\/03\/5-6-1024x706.jpg\" alt=\"\" class=\"wp-image-2132\" srcset=\"https:\/\/fzb.mt-it-consulting.de\/wp-content\/uploads\/2026\/03\/5-6-1024x706.jpg 1024w, https:\/\/fzb.mt-it-consulting.de\/wp-content\/uploads\/2026\/03\/5-6-300x207.jpg 300w, https:\/\/fzb.mt-it-consulting.de\/wp-content\/uploads\/2026\/03\/5-6-768x529.jpg 768w, https:\/\/fzb.mt-it-consulting.de\/wp-content\/uploads\/2026\/03\/5-6.jpg 1315w\" sizes=\"auto, (max-width: 1024px) 100vw, 1024px\" \/><\/figure>\n<\/div>\n\n<div class=\"wp-block-image\">\n<figure class=\"aligncenter size-large\"><img loading=\"lazy\" decoding=\"async\" width=\"1024\" height=\"711\" src=\"http:\/\/fzb.mt-it-consulting.de\/wp-content\/uploads\/2026\/03\/7-8-1024x711.jpg\" alt=\"\" class=\"wp-image-2133\" srcset=\"https:\/\/fzb.mt-it-consulting.de\/wp-content\/uploads\/2026\/03\/7-8-1024x711.jpg 1024w, https:\/\/fzb.mt-it-consulting.de\/wp-content\/uploads\/2026\/03\/7-8-300x208.jpg 300w, https:\/\/fzb.mt-it-consulting.de\/wp-content\/uploads\/2026\/03\/7-8-768x533.jpg 768w, https:\/\/fzb.mt-it-consulting.de\/wp-content\/uploads\/2026\/03\/7-8.jpg 1316w\" sizes=\"auto, (max-width: 1024px) 100vw, 1024px\" \/><\/figure>\n<\/div>\n\n<div class=\"wp-block-image\">\n<figure class=\"aligncenter size-large\"><img loading=\"lazy\" decoding=\"async\" width=\"1024\" height=\"696\" src=\"http:\/\/fzb.mt-it-consulting.de\/wp-content\/uploads\/2026\/03\/9-10-1024x696.jpg\" alt=\"\" class=\"wp-image-2134\" srcset=\"https:\/\/fzb.mt-it-consulting.de\/wp-content\/uploads\/2026\/03\/9-10-1024x696.jpg 1024w, https:\/\/fzb.mt-it-consulting.de\/wp-content\/uploads\/2026\/03\/9-10-300x204.jpg 300w, https:\/\/fzb.mt-it-consulting.de\/wp-content\/uploads\/2026\/03\/9-10-768x522.jpg 768w, https:\/\/fzb.mt-it-consulting.de\/wp-content\/uploads\/2026\/03\/9-10.jpg 1316w\" sizes=\"auto, (max-width: 1024px) 100vw, 1024px\" \/><\/figure>\n<\/div>\n\n<div class=\"wp-block-image\">\n<figure class=\"aligncenter size-large\"><img loading=\"lazy\" decoding=\"async\" width=\"1024\" height=\"712\" src=\"http:\/\/fzb.mt-it-consulting.de\/wp-content\/uploads\/2026\/03\/11-12-1024x712.jpg\" alt=\"\" class=\"wp-image-2135\" srcset=\"https:\/\/fzb.mt-it-consulting.de\/wp-content\/uploads\/2026\/03\/11-12-1024x712.jpg 1024w, https:\/\/fzb.mt-it-consulting.de\/wp-content\/uploads\/2026\/03\/11-12-300x208.jpg 300w, https:\/\/fzb.mt-it-consulting.de\/wp-content\/uploads\/2026\/03\/11-12-768x534.jpg 768w, https:\/\/fzb.mt-it-consulting.de\/wp-content\/uploads\/2026\/03\/11-12.jpg 1318w\" sizes=\"auto, (max-width: 1024px) 100vw, 1024px\" \/><\/figure>\n<\/div>\n\n<div class=\"wp-block-image\">\n<figure class=\"aligncenter size-large\"><img loading=\"lazy\" decoding=\"async\" width=\"1024\" height=\"705\" src=\"http:\/\/fzb.mt-it-consulting.de\/wp-content\/uploads\/2026\/03\/13-14-1024x705.jpg\" alt=\"\" class=\"wp-image-2136\" srcset=\"https:\/\/fzb.mt-it-consulting.de\/wp-content\/uploads\/2026\/03\/13-14-1024x705.jpg 1024w, https:\/\/fzb.mt-it-consulting.de\/wp-content\/uploads\/2026\/03\/13-14-300x207.jpg 300w, https:\/\/fzb.mt-it-consulting.de\/wp-content\/uploads\/2026\/03\/13-14-768x529.jpg 768w, https:\/\/fzb.mt-it-consulting.de\/wp-content\/uploads\/2026\/03\/13-14.jpg 1318w\" sizes=\"auto, (max-width: 1024px) 100vw, 1024px\" \/><\/figure>\n<\/div>\n\n<div class=\"wp-block-image\">\n<figure class=\"aligncenter size-large\"><img loading=\"lazy\" decoding=\"async\" width=\"1024\" height=\"684\" src=\"http:\/\/fzb.mt-it-consulting.de\/wp-content\/uploads\/2026\/03\/15-16-1024x684.jpg\" alt=\"\" class=\"wp-image-2137\" srcset=\"https:\/\/fzb.mt-it-consulting.de\/wp-content\/uploads\/2026\/03\/15-16-1024x684.jpg 1024w, https:\/\/fzb.mt-it-consulting.de\/wp-content\/uploads\/2026\/03\/15-16-300x200.jpg 300w, https:\/\/fzb.mt-it-consulting.de\/wp-content\/uploads\/2026\/03\/15-16-768x513.jpg 768w, https:\/\/fzb.mt-it-consulting.de\/wp-content\/uploads\/2026\/03\/15-16.jpg 1316w\" sizes=\"auto, (max-width: 1024px) 100vw, 1024px\" \/><\/figure>\n<\/div>\n\n<div id=\"metaslider-id-1275\" style=\"max-width: 700px; margin: 0 auto;\" class=\"ml-slider-3-109-0 metaslider metaslider-flex metaslider-1275 ml-slider has-dots-nav ms-theme-default\" role=\"region\" aria-label=\"Zubeh\u00f6r Luftf\u00f6rdertechnik\" data-height=\"300\" data-width=\"700\">\n    <div id=\"metaslider_container_1275\">\n        <div id=\"metaslider_1275\">\n            <ul class='slides'>\n                <li style=\"display: block; width: 100%;\" class=\"slide-1276 ms-image \" aria-roledescription=\"slide\" data-date=\"2022-10-07 13:25:39\" data-filename=\"Saugschrank-1.jpg\" data-slide-type=\"image\"><img loading=\"lazy\" decoding=\"async\" width=\"1024\" height=\"768\" src=\"https:\/\/fzb.mt-it-consulting.de\/wp-content\/uploads\/2022\/10\/Saugschrank-1.jpg?v=1665141879\" class=\"slider-1275 slide-1276 msDefaultImage\" alt=\"\" rel=\"\" title=\"Saugschrank (1)\" srcset=\"https:\/\/fzb.mt-it-consulting.de\/wp-content\/uploads\/2022\/10\/Saugschrank-1.jpg?v=1665141879 1024w, https:\/\/fzb.mt-it-consulting.de\/wp-content\/uploads\/2022\/10\/Saugschrank-1-300x225.jpg?v=1665141879 300w, https:\/\/fzb.mt-it-consulting.de\/wp-content\/uploads\/2022\/10\/Saugschrank-1-768x576.jpg?v=1665141879 768w\" sizes=\"auto, (max-width: 1024px) 100vw, 1024px\" \/><\/li>\n                <li style=\"display: none; width: 100%;\" class=\"slide-1382 ms-image \" aria-roledescription=\"slide\" data-date=\"2022-10-18 08:37:23\" data-filename=\"Schlauchtransport-Anhaenger.jpg\" data-slide-type=\"image\"><img loading=\"lazy\" decoding=\"async\" width=\"1024\" height=\"768\" src=\"https:\/\/fzb.mt-it-consulting.de\/wp-content\/uploads\/2022\/10\/Schlauchtransport-Anhaenger.jpg?v=1666074991\" class=\"slider-1275 slide-1382 msDefaultImage\" alt=\"\" rel=\"\" title=\"Schlauchtransport-Anh\u00e4nger\" srcset=\"https:\/\/fzb.mt-it-consulting.de\/wp-content\/uploads\/2022\/10\/Schlauchtransport-Anhaenger.jpg?v=1666074991 1024w, https:\/\/fzb.mt-it-consulting.de\/wp-content\/uploads\/2022\/10\/Schlauchtransport-Anhaenger-300x225.jpg?v=1666074991 300w, https:\/\/fzb.mt-it-consulting.de\/wp-content\/uploads\/2022\/10\/Schlauchtransport-Anhaenger-768x576.jpg?v=1666074991 768w\" sizes=\"auto, (max-width: 1024px) 100vw, 1024px\" \/><\/li>\n                <li style=\"display: none; width: 100%;\" class=\"slide-1279 ms-image \" aria-roledescription=\"slide\" data-date=\"2022-10-07 13:26:22\" data-filename=\"Saugstutzen-3.jpg\" data-slide-type=\"image\"><img loading=\"lazy\" decoding=\"async\" width=\"1024\" height=\"768\" src=\"https:\/\/fzb.mt-it-consulting.de\/wp-content\/uploads\/2022\/10\/Saugstutzen-3.jpg?v=1665141882\" class=\"slider-1275 slide-1279 msDefaultImage\" alt=\"\" rel=\"\" title=\"Saugstutzen (3)\" srcset=\"https:\/\/fzb.mt-it-consulting.de\/wp-content\/uploads\/2022\/10\/Saugstutzen-3.jpg?v=1665141882 1024w, https:\/\/fzb.mt-it-consulting.de\/wp-content\/uploads\/2022\/10\/Saugstutzen-3-300x225.jpg?v=1665141882 300w, https:\/\/fzb.mt-it-consulting.de\/wp-content\/uploads\/2022\/10\/Saugstutzen-3-768x576.jpg?v=1665141882 768w\" sizes=\"auto, (max-width: 1024px) 100vw, 1024px\" \/><\/li>\n                <li style=\"display: none; width: 100%;\" class=\"slide-1280 ms-image \" aria-roledescription=\"slide\" data-date=\"2022-10-07 13:26:25\" data-filename=\"Saugstutzen-1.jpg\" data-slide-type=\"image\"><img loading=\"lazy\" decoding=\"async\" width=\"1024\" height=\"768\" src=\"https:\/\/fzb.mt-it-consulting.de\/wp-content\/uploads\/2022\/10\/Saugstutzen-1.jpg?v=1665141881\" class=\"slider-1275 slide-1280 msDefaultImage\" alt=\"\" rel=\"\" title=\"Saugstutzen (1)\" srcset=\"https:\/\/fzb.mt-it-consulting.de\/wp-content\/uploads\/2022\/10\/Saugstutzen-1.jpg?v=1665141881 1024w, https:\/\/fzb.mt-it-consulting.de\/wp-content\/uploads\/2022\/10\/Saugstutzen-1-300x225.jpg?v=1665141881 300w, https:\/\/fzb.mt-it-consulting.de\/wp-content\/uploads\/2022\/10\/Saugstutzen-1-768x576.jpg?v=1665141881 768w\" sizes=\"auto, (max-width: 1024px) 100vw, 1024px\" \/><\/li>\n                <li style=\"display: none; width: 100%;\" class=\"slide-1281 ms-image \" aria-roledescription=\"slide\" data-date=\"2022-10-07 13:26:29\" data-filename=\"Saugmaul-2022.jpg\" data-slide-type=\"image\"><img loading=\"lazy\" decoding=\"async\" width=\"1080\" height=\"966\" src=\"https:\/\/fzb.mt-it-consulting.de\/wp-content\/uploads\/2022\/10\/Saugmaul-2022.jpg?v=1665141878\" class=\"slider-1275 slide-1281 msDefaultImage\" alt=\"\" rel=\"\" title=\"Saugmaul-2022\" srcset=\"https:\/\/fzb.mt-it-consulting.de\/wp-content\/uploads\/2022\/10\/Saugmaul-2022.jpg?v=1665141878 1080w, https:\/\/fzb.mt-it-consulting.de\/wp-content\/uploads\/2022\/10\/Saugmaul-2022-300x268.jpg?v=1665141878 300w, https:\/\/fzb.mt-it-consulting.de\/wp-content\/uploads\/2022\/10\/Saugmaul-2022-1024x916.jpg?v=1665141878 1024w, https:\/\/fzb.mt-it-consulting.de\/wp-content\/uploads\/2022\/10\/Saugmaul-2022-768x687.jpg?v=1665141878 768w\" sizes=\"auto, (max-width: 1080px) 100vw, 1080px\" \/><\/li>\n                <li style=\"display: none; width: 100%;\" class=\"slide-1282 ms-image \" aria-roledescription=\"slide\" data-date=\"2022-10-07 13:26:33\" data-filename=\"Blastopf-1.jpg\" data-slide-type=\"image\"><img loading=\"lazy\" decoding=\"async\" width=\"1024\" height=\"768\" src=\"https:\/\/fzb.mt-it-consulting.de\/wp-content\/uploads\/2022\/10\/Blastopf-1.jpg?v=1665141877\" class=\"slider-1275 slide-1282 msDefaultImage\" alt=\"\" rel=\"\" title=\"Blastopf (1)\" srcset=\"https:\/\/fzb.mt-it-consulting.de\/wp-content\/uploads\/2022\/10\/Blastopf-1.jpg?v=1665141877 1024w, https:\/\/fzb.mt-it-consulting.de\/wp-content\/uploads\/2022\/10\/Blastopf-1-300x225.jpg?v=1665141877 300w, https:\/\/fzb.mt-it-consulting.de\/wp-content\/uploads\/2022\/10\/Blastopf-1-768x576.jpg?v=1665141877 768w\" sizes=\"auto, (max-width: 1024px) 100vw, 1024px\" \/><\/li>\n                <li style=\"display: none; width: 100%;\" class=\"slide-1278 ms-image \" aria-roledescription=\"slide\" data-date=\"2022-10-07 13:26:18\" data-filename=\"Schlauchregal-Anhaenger.jpg\" data-slide-type=\"image\"><img loading=\"lazy\" decoding=\"async\" width=\"768\" height=\"1024\" src=\"https:\/\/fzb.mt-it-consulting.de\/wp-content\/uploads\/2022\/10\/Schlauchregal-Anhaenger.jpg?v=1665141883\" class=\"slider-1275 slide-1278 msDefaultImage\" alt=\"\" rel=\"\" title=\"Schlauchregal-Anh\u00e4nger\" srcset=\"https:\/\/fzb.mt-it-consulting.de\/wp-content\/uploads\/2022\/10\/Schlauchregal-Anhaenger.jpg?v=1665141883 768w, https:\/\/fzb.mt-it-consulting.de\/wp-content\/uploads\/2022\/10\/Schlauchregal-Anhaenger-225x300.jpg?v=1665141883 225w\" sizes=\"auto, (max-width: 768px) 100vw, 768px\" \/><\/li>\n                <li style=\"display: none; width: 100%;\" class=\"slide-1277 ms-image \" aria-roledescription=\"slide\" data-date=\"2022-10-07 13:26:05\" data-filename=\"Saugschrank-2.jpg\" data-slide-type=\"image\"><img loading=\"lazy\" decoding=\"async\" width=\"768\" height=\"1024\" src=\"https:\/\/fzb.mt-it-consulting.de\/wp-content\/uploads\/2022\/10\/Saugschrank-2.jpg?v=1665141880\" class=\"slider-1275 slide-1277 msDefaultImage\" alt=\"\" rel=\"\" title=\"Saugschrank (2)\" srcset=\"https:\/\/fzb.mt-it-consulting.de\/wp-content\/uploads\/2022\/10\/Saugschrank-2.jpg?v=1665141880 768w, https:\/\/fzb.mt-it-consulting.de\/wp-content\/uploads\/2022\/10\/Saugschrank-2-225x300.jpg?v=1665141880 225w\" sizes=\"auto, (max-width: 768px) 100vw, 768px\" \/><\/li>\n            <\/ul>\n        <\/div>\n        \n    <\/div>\n<\/div>\n","protected":false},"excerpt":{"rendered":"<p>Wir fertigen individuell Leitungsadapter aller g\u00e4ngigen Systeme (Bauer, Perrot, HF, Disab etc.) Au\u00dferdem erhalten Sie bei uns einen eigens entwickelten Bigbag-Saugschrank in Leichtbauweise.Wir bieten Transportl\u00f6sungen f\u00fcr Saugzubeh\u00f6r in Form von Schlauchboxen und Schlauchtransportanh\u00e4ngern.Ben\u00f6tigen Sie eine Spezialanfertigung, fragen Sie gerne an. -&gt; Kontakt Unser neuer Zubeh\u00f6rkatalog ist ab sofort verf\u00fcgbar &#8211; melden Sie sich f\u00fcr weitere &#8230; <a title=\"Zubeh\u00f6r Luftf\u00f6rdertechnik\" class=\"read-more\" href=\"https:\/\/fzb.mt-it-consulting.de\/index.php\/zubehoer-luftfoerdertechnik\/\" aria-label=\"Mehr zu Zubeh\u00f6r Luftf\u00f6rdertechnik\">Read more<\/a><\/p>\n","protected":false},"author":1,"featured_media":0,"parent":0,"menu_order":0,"comment_status":"closed","ping_status":"closed","template":"","meta":{"generate_page_header":"","footnotes":""},"class_list":["post-153","page","type-page","status-publish"],"_links":{"self":[{"href":"https:\/\/fzb.mt-it-consulting.de\/index.php\/wp-json\/wp\/v2\/pages\/153","targetHints":{"allow":["GET"]}}],"collection":[{"href":"https:\/\/fzb.mt-it-consulting.de\/index.php\/wp-json\/wp\/v2\/pages"}],"about":[{"href":"https:\/\/fzb.mt-it-consulting.de\/index.php\/wp-json\/wp\/v2\/types\/page"}],"author":[{"embeddable":true,"href":"https:\/\/fzb.mt-it-consulting.de\/index.php\/wp-json\/wp\/v2\/users\/1"}],"replies":[{"embeddable":true,"href":"https:\/\/fzb.mt-it-consulting.de\/index.php\/wp-json\/wp\/v2\/comments?post=153"}],"version-history":[{"count":14,"href":"https:\/\/fzb.mt-it-consulting.de\/index.php\/wp-json\/wp\/v2\/pages\/153\/revisions"}],"predecessor-version":[{"id":2139,"href":"https:\/\/fzb.mt-it-consulting.de\/index.php\/wp-json\/wp\/v2\/pages\/153\/revisions\/2139"}],"wp:attachment":[{"href":"https:\/\/fzb.mt-it-consulting.de\/index.php\/wp-json\/wp\/v2\/media?parent=153"}],"curies":[{"name":"wp","href":"https:\/\/api.w.org\/{rel}","templated":true}]}}