{"id":151,"date":"2021-08-05T16:34:00","date_gmt":"2021-08-05T14:34:00","guid":{"rendered":"http:\/\/fzb.mt-it-consulting.de\/?page_id=151"},"modified":"2022-10-14T09:39:02","modified_gmt":"2022-10-14T07:39:02","slug":"reparatur-service-saugbagger","status":"publish","type":"page","link":"https:\/\/fzb.mt-it-consulting.de\/index.php\/reparatur-service-saugbagger\/","title":{"rendered":"Reparatur-Service"},"content":{"rendered":"\n<p class=\"has-white-color has-text-color has-background\" style=\"background-color:#00387b\">Ihr Meisterbetrieb f\u00fcr Saugbagger und Luftf\u00f6rderanlagen<br>&#8211; Reparaturen an Trockensaugfahrzeugen aller Aufbauhersteller<br>&#8211; Herstellung von Verschlei\u00dfteilen f\u00fcr Saug- u. Blasleitungen<br>&#8211; Sonderumbauten f\u00fcr spezifische Eins\u00e4tze<br>&#8211; Wartungsdienst\/Inspektion aller Fabrikate (auch Fahrgestell)<br>&#8211; Reparatur f\u00fcr Zusatzger\u00e4te (Hammerm\u00fchle, Backenbrecher u. \u00e4.)<br>&#8211; Service-Notdienst<br>&#8211; gesetzl. Pr\u00fcfungen (HU\/AU)<br>&#8211; Sicherheitspr\u00fcfungen (SP)<br>&#8211; Tachopr\u00fcfung nach \u00a7 57 b<\/p>\n\n\n\n<div class=\"wp-block-columns is-layout-flex wp-container-core-columns-is-layout-9d6595d7 wp-block-columns-is-layout-flex\">\n<div class=\"wp-block-column is-layout-flow wp-block-column-is-layout-flow\">\n<figure class=\"wp-block-image size-large\"><img loading=\"lazy\" decoding=\"async\" width=\"1024\" height=\"768\" src=\"http:\/\/fzb.mt-it-consulting.de\/wp-content\/uploads\/2022\/10\/Maschinenhaus-Unfall-1024x768.jpg\" alt=\"\" class=\"wp-image-1287\" srcset=\"https:\/\/fzb.mt-it-consulting.de\/wp-content\/uploads\/2022\/10\/Maschinenhaus-Unfall-1024x768.jpg?v=1665143029 1024w, https:\/\/fzb.mt-it-consulting.de\/wp-content\/uploads\/2022\/10\/Maschinenhaus-Unfall-300x225.jpg?v=1665143029 300w, https:\/\/fzb.mt-it-consulting.de\/wp-content\/uploads\/2022\/10\/Maschinenhaus-Unfall-768x576.jpg?v=1665143029 768w, https:\/\/fzb.mt-it-consulting.de\/wp-content\/uploads\/2022\/10\/Maschinenhaus-Unfall-1536x1152.jpg?v=1665143029 1536w, https:\/\/fzb.mt-it-consulting.de\/wp-content\/uploads\/2022\/10\/Maschinenhaus-Unfall-2048x1536.jpg?v=1665143029 2048w\" sizes=\"auto, (max-width: 1024px) 100vw, 1024px\" \/><figcaption>Unfallschaden<\/figcaption><\/figure>\n<\/div>\n\n\n\n<div class=\"wp-block-column is-layout-flow wp-block-column-is-layout-flow\">\n<figure class=\"wp-block-image size-large\"><img loading=\"lazy\" decoding=\"async\" width=\"1024\" height=\"768\" src=\"http:\/\/fzb.mt-it-consulting.de\/wp-content\/uploads\/2022\/10\/Maschinenhaus-erneuern-1024x768.jpg\" alt=\"\" class=\"wp-image-1289\" srcset=\"https:\/\/fzb.mt-it-consulting.de\/wp-content\/uploads\/2022\/10\/Maschinenhaus-erneuern-1024x768.jpg?v=1665143107 1024w, https:\/\/fzb.mt-it-consulting.de\/wp-content\/uploads\/2022\/10\/Maschinenhaus-erneuern-300x225.jpg?v=1665143107 300w, https:\/\/fzb.mt-it-consulting.de\/wp-content\/uploads\/2022\/10\/Maschinenhaus-erneuern-768x576.jpg?v=1665143107 768w, https:\/\/fzb.mt-it-consulting.de\/wp-content\/uploads\/2022\/10\/Maschinenhaus-erneuern-1536x1152.jpg?v=1665143107 1536w, https:\/\/fzb.mt-it-consulting.de\/wp-content\/uploads\/2022\/10\/Maschinenhaus-erneuern-2048x1536.jpg?v=1665143107 2048w\" sizes=\"auto, (max-width: 1024px) 100vw, 1024px\" \/><figcaption>Erneuerung Maschinengeh\u00e4use<\/figcaption><\/figure>\n<\/div>\n\n\n\n<div class=\"wp-block-column is-layout-flow wp-block-column-is-layout-flow\">\n<figure class=\"wp-block-image size-large\"><img loading=\"lazy\" decoding=\"async\" width=\"1024\" height=\"768\" src=\"http:\/\/fzb.mt-it-consulting.de\/wp-content\/uploads\/2022\/10\/Saugbagger-Instandsetzung-1024x768.jpg\" alt=\"\" class=\"wp-image-1291\" srcset=\"https:\/\/fzb.mt-it-consulting.de\/wp-content\/uploads\/2022\/10\/Saugbagger-Instandsetzung-1024x768.jpg?v=1665143168 1024w, https:\/\/fzb.mt-it-consulting.de\/wp-content\/uploads\/2022\/10\/Saugbagger-Instandsetzung-300x225.jpg?v=1665143168 300w, https:\/\/fzb.mt-it-consulting.de\/wp-content\/uploads\/2022\/10\/Saugbagger-Instandsetzung-768x576.jpg?v=1665143168 768w, https:\/\/fzb.mt-it-consulting.de\/wp-content\/uploads\/2022\/10\/Saugbagger-Instandsetzung-1536x1152.jpg?v=1665143168 1536w, https:\/\/fzb.mt-it-consulting.de\/wp-content\/uploads\/2022\/10\/Saugbagger-Instandsetzung-2048x1536.jpg?v=1665143168 2048w\" sizes=\"auto, (max-width: 1024px) 100vw, 1024px\" \/><figcaption>Instandsetzung<\/figcaption><\/figure>\n<\/div>\n<\/div>\n\n\n\n<div class=\"wp-block-columns is-layout-flex wp-container-core-columns-is-layout-9d6595d7 wp-block-columns-is-layout-flex\">\n<div class=\"wp-block-column is-layout-flow wp-block-column-is-layout-flow\">\n<figure class=\"wp-block-image size-large\"><img loading=\"lazy\" decoding=\"async\" width=\"768\" height=\"1024\" src=\"http:\/\/fzb.mt-it-consulting.de\/wp-content\/uploads\/2022\/09\/Schlauchtraeger-1-scaled-768x1024.jpg\" alt=\"\" class=\"wp-image-432\" srcset=\"https:\/\/fzb.mt-it-consulting.de\/wp-content\/uploads\/2022\/09\/Schlauchtraeger-1-scaled-768x1024.jpg?v=1665142684 768w, https:\/\/fzb.mt-it-consulting.de\/wp-content\/uploads\/2022\/09\/Schlauchtraeger-1-scaled-225x300.jpg?v=1665142684 225w, https:\/\/fzb.mt-it-consulting.de\/wp-content\/uploads\/2022\/09\/Schlauchtraeger-1-scaled-1152x1536.jpg?v=1665142684 1152w, https:\/\/fzb.mt-it-consulting.de\/wp-content\/uploads\/2022\/09\/Schlauchtraeger-1-scaled-1536x2048.jpg?v=1665142684 1536w, https:\/\/fzb.mt-it-consulting.de\/wp-content\/uploads\/2022\/09\/Schlauchtraeger-1-scaled.jpg?v=1665142684 1920w\" sizes=\"auto, (max-width: 768px) 100vw, 768px\" \/><figcaption>Schlauchtr\u00e4gerreparatur<\/figcaption><\/figure>\n<\/div>\n\n\n\n<div class=\"wp-block-column is-layout-flow wp-block-column-is-layout-flow\">\n<figure class=\"wp-block-image size-large\"><img loading=\"lazy\" decoding=\"async\" width=\"1024\" height=\"768\" src=\"http:\/\/fzb.mt-it-consulting.de\/wp-content\/uploads\/2022\/09\/Vor-Ort-Reparatur-1024x768.jpg\" alt=\"\" class=\"wp-image-433\" srcset=\"https:\/\/fzb.mt-it-consulting.de\/wp-content\/uploads\/2022\/09\/Vor-Ort-Reparatur-1024x768.jpg?v=1665142429 1024w, https:\/\/fzb.mt-it-consulting.de\/wp-content\/uploads\/2022\/09\/Vor-Ort-Reparatur-300x225.jpg?v=1665142429 300w, https:\/\/fzb.mt-it-consulting.de\/wp-content\/uploads\/2022\/09\/Vor-Ort-Reparatur-768x576.jpg?v=1665142429 768w, https:\/\/fzb.mt-it-consulting.de\/wp-content\/uploads\/2022\/09\/Vor-Ort-Reparatur-1536x1152.jpg?v=1665142429 1536w, https:\/\/fzb.mt-it-consulting.de\/wp-content\/uploads\/2022\/09\/Vor-Ort-Reparatur.jpg?v=1665142429 1600w\" sizes=\"auto, (max-width: 1024px) 100vw, 1024px\" \/><figcaption>vor Ort Reparatur<\/figcaption><\/figure>\n<\/div>\n<\/div>\n","protected":false},"excerpt":{"rendered":"<p>Ihr Meisterbetrieb f\u00fcr Saugbagger und Luftf\u00f6rderanlagen&#8211; Reparaturen an Trockensaugfahrzeugen aller Aufbauhersteller&#8211; Herstellung von Verschlei\u00dfteilen f\u00fcr Saug- u. Blasleitungen&#8211; Sonderumbauten f\u00fcr spezifische Eins\u00e4tze&#8211; Wartungsdienst\/Inspektion aller Fabrikate (auch Fahrgestell)&#8211; Reparatur f\u00fcr Zusatzger\u00e4te (Hammerm\u00fchle, Backenbrecher u. \u00e4.)&#8211; Service-Notdienst&#8211; gesetzl. Pr\u00fcfungen (HU\/AU)&#8211; Sicherheitspr\u00fcfungen (SP)&#8211; Tachopr\u00fcfung nach \u00a7 57 b<\/p>\n","protected":false},"author":1,"featured_media":0,"parent":0,"menu_order":0,"comment_status":"closed","ping_status":"closed","template":"","meta":{"generate_page_header":"","footnotes":""},"class_list":["post-151","page","type-page","status-publish"],"_links":{"self":[{"href":"https:\/\/fzb.mt-it-consulting.de\/index.php\/wp-json\/wp\/v2\/pages\/151","targetHints":{"allow":["GET"]}}],"collection":[{"href":"https:\/\/fzb.mt-it-consulting.de\/index.php\/wp-json\/wp\/v2\/pages"}],"about":[{"href":"https:\/\/fzb.mt-it-consulting.de\/index.php\/wp-json\/wp\/v2\/types\/page"}],"author":[{"embeddable":true,"href":"https:\/\/fzb.mt-it-consulting.de\/index.php\/wp-json\/wp\/v2\/users\/1"}],"replies":[{"embeddable":true,"href":"https:\/\/fzb.mt-it-consulting.de\/index.php\/wp-json\/wp\/v2\/comments?post=151"}],"version-history":[{"count":19,"href":"https:\/\/fzb.mt-it-consulting.de\/index.php\/wp-json\/wp\/v2\/pages\/151\/revisions"}],"predecessor-version":[{"id":1339,"href":"https:\/\/fzb.mt-it-consulting.de\/index.php\/wp-json\/wp\/v2\/pages\/151\/revisions\/1339"}],"wp:attachment":[{"href":"https:\/\/fzb.mt-it-consulting.de\/index.php\/wp-json\/wp\/v2\/media?parent=151"}],"curies":[{"name":"wp","href":"https:\/\/api.w.org\/{rel}","templated":true}]}}