{"id":149,"date":"2021-08-05T16:33:14","date_gmt":"2021-08-05T14:33:14","guid":{"rendered":"http:\/\/fzb.mt-it-consulting.de\/?page_id=149"},"modified":"2022-10-14T09:27:17","modified_gmt":"2022-10-14T07:27:17","slug":"rsp-servicepartner","status":"publish","type":"page","link":"https:\/\/fzb.mt-it-consulting.de\/index.php\/rsp-servicepartner\/","title":{"rendered":"RSP-Servicepartner"},"content":{"rendered":"\n<p class=\"has-text-align-center has-white-color has-text-color has-background\" style=\"background-color:#00387b\">Seit 2018 sind wir qualifizierter Servicepartner der Firma RSP GmbH<br> <a rel=\"noreferrer noopener\" href=\"https:\/\/www.rsp-germany.com\" target=\"_blank\"><img loading=\"lazy\" decoding=\"async\" width=\"75\" height=\"83\" class=\"wp-image-401\" style=\"width: 75px;\" src=\"http:\/\/fzb.mt-it-consulting.de\/wp-content\/uploads\/2022\/09\/RSP-Logo.jpg\" alt=\"\" srcset=\"https:\/\/fzb.mt-it-consulting.de\/wp-content\/uploads\/2022\/09\/RSP-Logo.jpg 449w, https:\/\/fzb.mt-it-consulting.de\/wp-content\/uploads\/2022\/09\/RSP-Logo-273x300.jpg 273w\" sizes=\"auto, (max-width: 75px) 100vw, 75px\" \/><\/a> <br>Durch unsere zentrale Lage mitten in Deutschland k\u00f6nnen Sie uns gut erreichen<\/p>\n\n\n<div id=\"metaslider-id-945\" style=\"width: 100%;\" class=\"ml-slider-3-109-0 metaslider metaslider-flex metaslider-945 ml-slider has-dots-nav ms-theme-default\" role=\"region\" aria-label=\"RSP Servicepartner\" data-height=\"300\" data-width=\"700\">\n    <div id=\"metaslider_container_945\">\n        <div id=\"metaslider_945\">\n            <ul class='slides'>\n                <li style=\"display: block; width: 100%;\" class=\"slide-946 ms-image \" aria-roledescription=\"slide\" data-date=\"2022-10-05 13:44:50\" data-filename=\"RSP-Saugbagger-2022-03.jpg\" data-slide-type=\"image\"><img loading=\"lazy\" decoding=\"async\" width=\"1080\" height=\"720\" src=\"https:\/\/fzb.mt-it-consulting.de\/wp-content\/uploads\/2022\/09\/RSP-Saugbagger-2022-03.jpg\" class=\"slider-945 slide-946 msDefaultImage\" alt=\"\" rel=\"\" title=\"RSP Saugbagger 2022-03\" srcset=\"https:\/\/fzb.mt-it-consulting.de\/wp-content\/uploads\/2022\/09\/RSP-Saugbagger-2022-03.jpg 1080w, https:\/\/fzb.mt-it-consulting.de\/wp-content\/uploads\/2022\/09\/RSP-Saugbagger-2022-03-300x200.jpg 300w, https:\/\/fzb.mt-it-consulting.de\/wp-content\/uploads\/2022\/09\/RSP-Saugbagger-2022-03-1024x683.jpg 1024w, https:\/\/fzb.mt-it-consulting.de\/wp-content\/uploads\/2022\/09\/RSP-Saugbagger-2022-03-768x512.jpg 768w\" sizes=\"auto, (max-width: 1080px) 100vw, 1080px\" \/><\/li>\n                <li style=\"display: none; width: 100%;\" class=\"slide-947 ms-image \" aria-roledescription=\"slide\" data-date=\"2022-10-05 13:44:54\" data-filename=\"RSP-Saugbagger-2022-02.jpg\" data-slide-type=\"image\"><img loading=\"lazy\" decoding=\"async\" width=\"1080\" height=\"720\" src=\"https:\/\/fzb.mt-it-consulting.de\/wp-content\/uploads\/2022\/09\/RSP-Saugbagger-2022-02.jpg\" class=\"slider-945 slide-947 msDefaultImage\" alt=\"\" rel=\"\" title=\"RSP Saugbagger 2022-02\" srcset=\"https:\/\/fzb.mt-it-consulting.de\/wp-content\/uploads\/2022\/09\/RSP-Saugbagger-2022-02.jpg 1080w, https:\/\/fzb.mt-it-consulting.de\/wp-content\/uploads\/2022\/09\/RSP-Saugbagger-2022-02-300x200.jpg 300w, https:\/\/fzb.mt-it-consulting.de\/wp-content\/uploads\/2022\/09\/RSP-Saugbagger-2022-02-1024x683.jpg 1024w, https:\/\/fzb.mt-it-consulting.de\/wp-content\/uploads\/2022\/09\/RSP-Saugbagger-2022-02-768x512.jpg 768w\" sizes=\"auto, (max-width: 1080px) 100vw, 1080px\" \/><\/li>\n                <li style=\"display: none; width: 100%;\" class=\"slide-948 ms-image \" aria-roledescription=\"slide\" data-date=\"2022-10-05 13:45:00\" data-filename=\"RSP-Saugbagger-2022-01.jpg\" data-slide-type=\"image\"><img loading=\"lazy\" decoding=\"async\" width=\"1080\" height=\"720\" src=\"https:\/\/fzb.mt-it-consulting.de\/wp-content\/uploads\/2022\/09\/RSP-Saugbagger-2022-01.jpg\" class=\"slider-945 slide-948 msDefaultImage\" alt=\"\" rel=\"\" title=\"RSP Saugbagger 2022-01\" srcset=\"https:\/\/fzb.mt-it-consulting.de\/wp-content\/uploads\/2022\/09\/RSP-Saugbagger-2022-01.jpg 1080w, https:\/\/fzb.mt-it-consulting.de\/wp-content\/uploads\/2022\/09\/RSP-Saugbagger-2022-01-300x200.jpg 300w, https:\/\/fzb.mt-it-consulting.de\/wp-content\/uploads\/2022\/09\/RSP-Saugbagger-2022-01-1024x683.jpg 1024w, https:\/\/fzb.mt-it-consulting.de\/wp-content\/uploads\/2022\/09\/RSP-Saugbagger-2022-01-768x512.jpg 768w\" sizes=\"auto, (max-width: 1080px) 100vw, 1080px\" \/><\/li>\n            <\/ul>\n        <\/div>\n        \n    <\/div>\n<\/div>\n\n\n\n<p class=\"has-white-color has-text-color has-background\" style=\"background-color:#00387b\">Unser Leistungsspektrum umfasst :   <br>Verschlei\u00df- und Wartungsreparaturen<br>Garantieabwicklung<br>Original Ersatzteile und Zubeh\u00f6r<br>Original RSP-Schl\u00e4uche am Lager Sch\u00f6llkrippen sofort verf\u00fcgbar.<\/p>\n\n\n\n<p class=\"has-white-color has-text-color has-background\" style=\"background-color:#00387b\">Aktion:<br>Auf Original-Ersatzteile, die in unserem Hause eingebaut werden, erhalten Sie einen Nachlass von 5% auf den Listenpreis.<\/p>\n","protected":false},"excerpt":{"rendered":"<p>Seit 2018 sind wir qualifizierter Servicepartner der Firma RSP GmbH Durch unsere zentrale Lage mitten in Deutschland k\u00f6nnen Sie uns gut erreichen Unser Leistungsspektrum umfasst : Verschlei\u00df- und WartungsreparaturenGarantieabwicklungOriginal Ersatzteile und Zubeh\u00f6rOriginal RSP-Schl\u00e4uche am Lager Sch\u00f6llkrippen sofort verf\u00fcgbar. Aktion:Auf Original-Ersatzteile, die in unserem Hause eingebaut werden, erhalten Sie einen Nachlass von 5% auf den Listenpreis.<\/p>\n","protected":false},"author":1,"featured_media":0,"parent":0,"menu_order":0,"comment_status":"closed","ping_status":"closed","template":"","meta":{"generate_page_header":"","footnotes":""},"class_list":["post-149","page","type-page","status-publish"],"_links":{"self":[{"href":"https:\/\/fzb.mt-it-consulting.de\/index.php\/wp-json\/wp\/v2\/pages\/149","targetHints":{"allow":["GET"]}}],"collection":[{"href":"https:\/\/fzb.mt-it-consulting.de\/index.php\/wp-json\/wp\/v2\/pages"}],"about":[{"href":"https:\/\/fzb.mt-it-consulting.de\/index.php\/wp-json\/wp\/v2\/types\/page"}],"author":[{"embeddable":true,"href":"https:\/\/fzb.mt-it-consulting.de\/index.php\/wp-json\/wp\/v2\/users\/1"}],"replies":[{"embeddable":true,"href":"https:\/\/fzb.mt-it-consulting.de\/index.php\/wp-json\/wp\/v2\/comments?post=149"}],"version-history":[{"count":10,"href":"https:\/\/fzb.mt-it-consulting.de\/index.php\/wp-json\/wp\/v2\/pages\/149\/revisions"}],"predecessor-version":[{"id":1326,"href":"https:\/\/fzb.mt-it-consulting.de\/index.php\/wp-json\/wp\/v2\/pages\/149\/revisions\/1326"}],"wp:attachment":[{"href":"https:\/\/fzb.mt-it-consulting.de\/index.php\/wp-json\/wp\/v2\/media?parent=149"}],"curies":[{"name":"wp","href":"https:\/\/api.w.org\/{rel}","templated":true}]}}